{"id":993,"date":"2023-03-06T11:11:01","date_gmt":"2023-03-06T11:11:01","guid":{"rendered":"https:\/\/bricer.pt\/produto\/lien-ying-noodles-instantaneos-mie-embal-250g\/"},"modified":"2023-04-17T07:58:59","modified_gmt":"2023-04-17T07:58:59","slug":"lien-ying-noodles-instantaneos-mie-embal-250g","status":"publish","type":"product","link":"https:\/\/bricer.pt\/?product=lien-ying-noodles-instantaneos-mie-embal-250g","title":{"rendered":"Lien Ying Noodles Inst\u00e2ntaneos &#8220;Mie&#8221; Embal. 250g"},"content":{"rendered":"<p><strong>Lien Ying Noodles Inst\u00e2ntaneos &#8220;Mie&#8221;<\/strong> Embal. 250g.<\/p>\n<p>&nbsp;<\/p>\n<p><strong>Ingredientes<\/strong>: Farinha de TRIGO, sal.<\/p>\n<p><strong>Alerg\u00e9nios<\/strong>: Ver MAI\u00daSCULAS. Pode conter vest\u00edgios de ovo, leite, soja, aipo, frutos secos de casca rija e mostarda.<\/p>\n<p><strong>Declara\u00e7\u00e3o Nutricional p\/100g<\/strong>: Energia 1478kJ\/349kcal; L\u00edpidos 1,5g (dos quais saturados 0,1g); Hidratos de Carbono 72g (dos quais a\u00e7\u00facares 3,5g); Prote\u00ednas 11g; Sal 0,9g.<\/p>\n","protected":false},"excerpt":{"rendered":"<p>Lien Ying Noodles Inst\u00e2ntaneos &#8220;Mie&#8221; Embal. 250g. &nbsp; Ingredientes: Farinha de TRIGO, sal. Alerg\u00e9nios: Ver MAI\u00daSCULAS. Pode conter vest\u00edgios de ovo, leite, soja, aipo, frutos secos de casca rija e mostarda. Declara\u00e7\u00e3o Nutricional p\/100g: Energia 1478kJ\/349kcal; L\u00edpidos 1,5g (dos quais saturados 0,1g); Hidratos de Carbono 72g (dos quais a\u00e7\u00facares 3,5g); Prote\u00ednas 11g; Sal 0,9g.<\/p>\n","protected":false},"featured_media":994,"template":"","meta":[],"product_brand":[],"product_cat":[193,194,36],"product_tag":[],"class_list":{"0":"post-993","1":"product","2":"type-product","3":"status-publish","4":"has-post-thumbnail","6":"product_cat-massas-e-noodlessabores-do-mundo","7":"product_cat-mercearia-asiatica-massas-e-noodlessabores-do-mundo","8":"product_cat-mercearia-salgada","9":"pa_marcas-lien-ying","10":"pa_pais-china","12":"first","13":"instock","14":"taxable","15":"shipping-taxable","16":"product-type-simple"},"_links":{"self":[{"href":"https:\/\/bricer.pt\/index.php?rest_route=\/wp\/v2\/product\/993","targetHints":{"allow":["GET"]}}],"collection":[{"href":"https:\/\/bricer.pt\/index.php?rest_route=\/wp\/v2\/product"}],"about":[{"href":"https:\/\/bricer.pt\/index.php?rest_route=\/wp\/v2\/types\/product"}],"wp:featuredmedia":[{"embeddable":true,"href":"https:\/\/bricer.pt\/index.php?rest_route=\/wp\/v2\/media\/994"}],"wp:attachment":[{"href":"https:\/\/bricer.pt\/index.php?rest_route=%2Fwp%2Fv2%2Fmedia&parent=993"}],"wp:term":[{"taxonomy":"product_brand","embeddable":true,"href":"https:\/\/bricer.pt\/index.php?rest_route=%2Fwp%2Fv2%2Fproduct_brand&post=993"},{"taxonomy":"product_cat","embeddable":true,"href":"https:\/\/bricer.pt\/index.php?rest_route=%2Fwp%2Fv2%2Fproduct_cat&post=993"},{"taxonomy":"product_tag","embeddable":true,"href":"https:\/\/bricer.pt\/index.php?rest_route=%2Fwp%2Fv2%2Fproduct_tag&post=993"}],"curies":[{"name":"wp","href":"https:\/\/api.w.org\/{rel}","templated":true}]}}