{"id":990,"date":"2023-03-06T11:11:01","date_gmt":"2023-03-06T11:11:01","guid":{"rendered":"https:\/\/bricer.pt\/produto\/lien-ying-noodles-de-arroz-saqueta-250g\/"},"modified":"2023-04-17T07:58:58","modified_gmt":"2023-04-17T07:58:58","slug":"lien-ying-noodles-de-arroz-saqueta-250g","status":"publish","type":"product","link":"https:\/\/bricer.pt\/?product=lien-ying-noodles-de-arroz-saqueta-250g","title":{"rendered":"Lien Ying Noodles de Arroz Saqueta 250g"},"content":{"rendered":"<p><strong>Lien Ying Noodles de Arroz<\/strong> Saqueta 250g<\/p>\n<p><img decoding=\"async\" class=\"alignnone  wp-image-13167\" src=\"https:\/\/bricer.pt\/wp-content\/uploads\/2020\/04\/BRICER_SELOS_GLUTEN_LOW-300x286.png\" alt=\"\" width=\"100\" height=\"95\" \/><\/p>\n<p><strong>Ingredientes<\/strong>: Farinha de arroz, \u00e1gua.<\/p>\n<p><strong>Alerg\u00e9nios<\/strong>: Ver MAI\u00daSCULAS. Sem Gl\u00faten.<\/p>\n<p><strong>Declara\u00e7\u00e3o Nutricional p\/100g:<\/strong> Energia 1562kJ\/368kcal; L\u00edpidos 1,0g (dos quais saturados 0,4g); Hidratos de Carbono 83g (dos quais a\u00e7\u00facares 0g); Prote\u00edna 7,0g; Sal 0,03g.<\/p>\n","protected":false},"excerpt":{"rendered":"<p>Lien Ying Noodles de Arroz Saqueta 250g Ingredientes: Farinha de arroz, \u00e1gua. Alerg\u00e9nios: Ver MAI\u00daSCULAS. Sem Gl\u00faten. Declara\u00e7\u00e3o Nutricional p\/100g: Energia 1562kJ\/368kcal; L\u00edpidos 1,0g (dos quais saturados 0,4g); Hidratos de Carbono 83g (dos quais a\u00e7\u00facares 0g); Prote\u00edna 7,0g; Sal 0,03g.<\/p>\n","protected":false},"featured_media":991,"template":"","meta":[],"product_brand":[],"product_cat":[193,194,36],"product_tag":[],"class_list":{"0":"post-990","1":"product","2":"type-product","3":"status-publish","4":"has-post-thumbnail","6":"product_cat-massas-e-noodlessabores-do-mundo","7":"product_cat-mercearia-asiatica-massas-e-noodlessabores-do-mundo","8":"product_cat-mercearia-salgada","9":"pa_marcas-lien-ying","10":"pa_pais-china","12":"first","13":"instock","14":"taxable","15":"shipping-taxable","16":"product-type-simple"},"_links":{"self":[{"href":"https:\/\/bricer.pt\/index.php?rest_route=\/wp\/v2\/product\/990","targetHints":{"allow":["GET"]}}],"collection":[{"href":"https:\/\/bricer.pt\/index.php?rest_route=\/wp\/v2\/product"}],"about":[{"href":"https:\/\/bricer.pt\/index.php?rest_route=\/wp\/v2\/types\/product"}],"wp:featuredmedia":[{"embeddable":true,"href":"https:\/\/bricer.pt\/index.php?rest_route=\/wp\/v2\/media\/991"}],"wp:attachment":[{"href":"https:\/\/bricer.pt\/index.php?rest_route=%2Fwp%2Fv2%2Fmedia&parent=990"}],"wp:term":[{"taxonomy":"product_brand","embeddable":true,"href":"https:\/\/bricer.pt\/index.php?rest_route=%2Fwp%2Fv2%2Fproduct_brand&post=990"},{"taxonomy":"product_cat","embeddable":true,"href":"https:\/\/bricer.pt\/index.php?rest_route=%2Fwp%2Fv2%2Fproduct_cat&post=990"},{"taxonomy":"product_tag","embeddable":true,"href":"https:\/\/bricer.pt\/index.php?rest_route=%2Fwp%2Fv2%2Fproduct_tag&post=990"}],"curies":[{"name":"wp","href":"https:\/\/api.w.org\/{rel}","templated":true}]}}