{"id":988,"date":"2023-03-06T11:10:53","date_gmt":"2023-03-06T11:10:53","guid":{"rendered":"https:\/\/bricer.pt\/produto\/lien-ying-noodles-arroz-vermicelli-emb-250g\/"},"modified":"2023-04-17T07:58:57","modified_gmt":"2023-04-17T07:58:57","slug":"lien-ying-noodles-arroz-vermicelli-emb-250g","status":"publish","type":"product","link":"https:\/\/bricer.pt\/?product=lien-ying-noodles-arroz-vermicelli-emb-250g","title":{"rendered":"Lien Ying Noodles Arroz &#8220;Vermicelli&#8221; Emb. 250g"},"content":{"rendered":"<p><strong>Lien Ying Noodles Arroz &#8220;Vermicelli&#8221;<\/strong> Emb. 250g.<\/p>\n<p><img decoding=\"async\" class=\"alignnone  wp-image-13167\" src=\"https:\/\/bricer.pt\/wp-content\/uploads\/2020\/04\/BRICER_SELOS_GLUTEN_LOW-300x286.png\" alt=\"\" width=\"100\" height=\"95\" \/><\/p>\n<p><strong>Ingredientes<\/strong>: Farinha de arroz, \u00e1gua.<\/p>\n<p><strong>Alerg\u00e9nios<\/strong>: Sem Gl\u00faten.<\/p>\n<p><strong>Declara\u00e7\u00e3o Nutricional p\/100g:<\/strong> Energia 1583kJ\/373kcal; L\u00edpidos 1,2g (dos quais saturados 0,7g); Hidratos de Carbono 83g (dos quais a\u00e7\u00facares 0g); Prote\u00ednas 7,5g; Sal 0,03g.<\/p>\n","protected":false},"excerpt":{"rendered":"<p>Lien Ying Noodles Arroz &#8220;Vermicelli&#8221; Emb. 250g. Ingredientes: Farinha de arroz, \u00e1gua. Alerg\u00e9nios: Sem Gl\u00faten. Declara\u00e7\u00e3o Nutricional p\/100g: Energia 1583kJ\/373kcal; L\u00edpidos 1,2g (dos quais saturados 0,7g); Hidratos de Carbono 83g (dos quais a\u00e7\u00facares 0g); Prote\u00ednas 7,5g; Sal 0,03g.<\/p>\n","protected":false},"featured_media":989,"template":"","meta":[],"product_brand":[],"product_cat":[193,194,36],"product_tag":[],"class_list":{"0":"post-988","1":"product","2":"type-product","3":"status-publish","4":"has-post-thumbnail","6":"product_cat-massas-e-noodlessabores-do-mundo","7":"product_cat-mercearia-asiatica-massas-e-noodlessabores-do-mundo","8":"product_cat-mercearia-salgada","9":"pa_marcas-lien-ying","10":"pa_pais-china","12":"first","13":"instock","14":"taxable","15":"shipping-taxable","16":"product-type-simple"},"_links":{"self":[{"href":"https:\/\/bricer.pt\/index.php?rest_route=\/wp\/v2\/product\/988","targetHints":{"allow":["GET"]}}],"collection":[{"href":"https:\/\/bricer.pt\/index.php?rest_route=\/wp\/v2\/product"}],"about":[{"href":"https:\/\/bricer.pt\/index.php?rest_route=\/wp\/v2\/types\/product"}],"wp:featuredmedia":[{"embeddable":true,"href":"https:\/\/bricer.pt\/index.php?rest_route=\/wp\/v2\/media\/989"}],"wp:attachment":[{"href":"https:\/\/bricer.pt\/index.php?rest_route=%2Fwp%2Fv2%2Fmedia&parent=988"}],"wp:term":[{"taxonomy":"product_brand","embeddable":true,"href":"https:\/\/bricer.pt\/index.php?rest_route=%2Fwp%2Fv2%2Fproduct_brand&post=988"},{"taxonomy":"product_cat","embeddable":true,"href":"https:\/\/bricer.pt\/index.php?rest_route=%2Fwp%2Fv2%2Fproduct_cat&post=988"},{"taxonomy":"product_tag","embeddable":true,"href":"https:\/\/bricer.pt\/index.php?rest_route=%2Fwp%2Fv2%2Fproduct_tag&post=988"}],"curies":[{"name":"wp","href":"https:\/\/api.w.org\/{rel}","templated":true}]}}