{"id":983,"date":"2023-03-06T11:10:53","date_gmt":"2023-03-06T11:10:53","guid":{"rendered":"https:\/\/bricer.pt\/produto\/lien-ying-molho-soja-japones-shoyu-frasco-125ml\/"},"modified":"2025-09-10T14:09:35","modified_gmt":"2025-09-10T14:09:35","slug":"lien-ying-molho-soja-japones-shoyu-frasco-125ml","status":"publish","type":"product","link":"https:\/\/bricer.pt\/?product=lien-ying-molho-soja-japones-shoyu-frasco-125ml","title":{"rendered":"Lien Ying Molho Soja Japon\u00eas &#8220;Shoyu&#8221; Frasco 125ml"},"content":{"rendered":"<p><strong>Lien Ying Molho Soja Japon\u00eas &#8220;Shoyu&#8221;<\/strong> Frasco 125ml.<\/p>\n<p>&nbsp;<\/p>\n<p><strong>Ingredientes<\/strong>: \u00c1gua, SOJA, TRIGO, sal.<\/p>\n<p><strong>Alerg\u00e9nios<\/strong>: ver MAI\u00daSCULAS.<\/p>\n<p><strong>Declara\u00e7\u00e3o Nutricional p\/100ml:<\/strong> Energia 267kJ\/63kcal; L\u00edpidos 0,2g (dos quais saturados 0,1g); Hidratos de Carbono 5,2g (dos quais a\u00e7\u00facares 1,7g); Prote\u00ednas 10g; Sal 15,9g.<\/p>\n","protected":false},"excerpt":{"rendered":"<p>Lien Ying Molho Soja Japon\u00eas &#8220;Shoyu&#8221; Frasco 125ml. &nbsp; Ingredientes: \u00c1gua, SOJA, TRIGO, sal. Alerg\u00e9nios: ver MAI\u00daSCULAS. Declara\u00e7\u00e3o Nutricional p\/100ml: Energia 267kJ\/63kcal; L\u00edpidos 0,2g (dos quais saturados 0,1g); Hidratos de Carbono 5,2g (dos quais a\u00e7\u00facares 1,7g); Prote\u00ednas 10g; Sal 15,9g.<\/p>\n","protected":false},"featured_media":984,"template":"","meta":[],"product_brand":[],"product_cat":[33,109,24],"product_tag":[],"class_list":{"0":"post-983","1":"product","2":"type-product","3":"status-publish","4":"has-post-thumbnail","6":"product_cat-mercearia-asiatica","7":"product_cat-molhos-mercearia-asiatica","8":"product_cat-sabores-do-mundo","9":"pa_marcas-lien-ying","10":"pa_pais-japao","12":"first","13":"instock","14":"taxable","15":"shipping-taxable","16":"product-type-simple"},"_links":{"self":[{"href":"https:\/\/bricer.pt\/index.php?rest_route=\/wp\/v2\/product\/983","targetHints":{"allow":["GET"]}}],"collection":[{"href":"https:\/\/bricer.pt\/index.php?rest_route=\/wp\/v2\/product"}],"about":[{"href":"https:\/\/bricer.pt\/index.php?rest_route=\/wp\/v2\/types\/product"}],"wp:featuredmedia":[{"embeddable":true,"href":"https:\/\/bricer.pt\/index.php?rest_route=\/wp\/v2\/media\/984"}],"wp:attachment":[{"href":"https:\/\/bricer.pt\/index.php?rest_route=%2Fwp%2Fv2%2Fmedia&parent=983"}],"wp:term":[{"taxonomy":"product_brand","embeddable":true,"href":"https:\/\/bricer.pt\/index.php?rest_route=%2Fwp%2Fv2%2Fproduct_brand&post=983"},{"taxonomy":"product_cat","embeddable":true,"href":"https:\/\/bricer.pt\/index.php?rest_route=%2Fwp%2Fv2%2Fproduct_cat&post=983"},{"taxonomy":"product_tag","embeddable":true,"href":"https:\/\/bricer.pt\/index.php?rest_route=%2Fwp%2Fv2%2Fproduct_tag&post=983"}],"curies":[{"name":"wp","href":"https:\/\/api.w.org\/{rel}","templated":true}]}}