{"id":977,"date":"2023-03-06T11:10:53","date_gmt":"2023-03-06T11:10:53","guid":{"rendered":"https:\/\/bricer.pt\/produto\/lien-ying-molho-p-wok-cantones-frasco-240ml\/"},"modified":"2023-04-17T07:58:56","modified_gmt":"2023-04-17T07:58:56","slug":"lien-ying-molho-p-wok-cantones-frasco-240ml","status":"publish","type":"product","link":"https:\/\/bricer.pt\/?product=lien-ying-molho-p-wok-cantones-frasco-240ml","title":{"rendered":"Lien Ying Molho p\/Wok Canton\u00eas Frasco 240ml"},"content":{"rendered":"<p><strong>Lien Ying Molho p\/Wok Canton\u00eas<\/strong> Frasco 240ml.<\/p>\n<p>&nbsp;<\/p>\n<p><strong>Ingredientes<\/strong>: \u00e1gua, molho de SOJA 24% (\u00e1gua, feij\u00f5es de SOJA, sal, farinha de TRIGO), a\u00e7\u00facar, paprica, manga, cebolas, amido de milho modificado, sumo de lim\u00e3o, caramelo em p\u00f3, sal, gengibre, vinagre de cana, cogumelos Muh Err, pastinaca, malaguetas, especiarias, ervas, extrato de especiarias, dextrose, espessante: goma de guar.<\/p>\n<p><strong>Alerg\u00e9nios<\/strong>: ver MAI\u00daSCULAS.<\/p>\n<p><strong>Declara\u00e7\u00e3o Nutricional p\/100ml<\/strong>: Energia 655kJ\/157kcal; L\u00edpidos 0,3g (dos quais saturados 0,1g); Hidratos de Carbono 35g (dos quais a\u00e7\u00facares 32g); Prote\u00ednas 2,3g; Sal 5,0g.<\/p>\n","protected":false},"excerpt":{"rendered":"<p>Lien Ying Molho p\/Wok Canton\u00eas Frasco 240ml. &nbsp; Ingredientes: \u00e1gua, molho de SOJA 24% (\u00e1gua, feij\u00f5es de SOJA, sal, farinha de TRIGO), a\u00e7\u00facar, paprica, manga, cebolas, amido de milho modificado, sumo de lim\u00e3o, caramelo em p\u00f3, sal, gengibre, vinagre de cana, cogumelos Muh Err, pastinaca, malaguetas, especiarias, ervas, extrato de especiarias, dextrose, espessante: goma de [&hellip;]<\/p>\n","protected":false},"featured_media":978,"template":"","meta":[],"product_brand":[],"product_cat":[33,109,24],"product_tag":[],"class_list":{"0":"post-977","1":"product","2":"type-product","3":"status-publish","4":"has-post-thumbnail","6":"product_cat-mercearia-asiatica","7":"product_cat-molhos-mercearia-asiatica","8":"product_cat-sabores-do-mundo","9":"pa_marcas-lien-ying","10":"pa_pais-china","12":"first","13":"instock","14":"taxable","15":"shipping-taxable","16":"product-type-simple"},"_links":{"self":[{"href":"https:\/\/bricer.pt\/index.php?rest_route=\/wp\/v2\/product\/977","targetHints":{"allow":["GET"]}}],"collection":[{"href":"https:\/\/bricer.pt\/index.php?rest_route=\/wp\/v2\/product"}],"about":[{"href":"https:\/\/bricer.pt\/index.php?rest_route=\/wp\/v2\/types\/product"}],"wp:featuredmedia":[{"embeddable":true,"href":"https:\/\/bricer.pt\/index.php?rest_route=\/wp\/v2\/media\/978"}],"wp:attachment":[{"href":"https:\/\/bricer.pt\/index.php?rest_route=%2Fwp%2Fv2%2Fmedia&parent=977"}],"wp:term":[{"taxonomy":"product_brand","embeddable":true,"href":"https:\/\/bricer.pt\/index.php?rest_route=%2Fwp%2Fv2%2Fproduct_brand&post=977"},{"taxonomy":"product_cat","embeddable":true,"href":"https:\/\/bricer.pt\/index.php?rest_route=%2Fwp%2Fv2%2Fproduct_cat&post=977"},{"taxonomy":"product_tag","embeddable":true,"href":"https:\/\/bricer.pt\/index.php?rest_route=%2Fwp%2Fv2%2Fproduct_tag&post=977"}],"curies":[{"name":"wp","href":"https:\/\/api.w.org\/{rel}","templated":true}]}}