{"id":975,"date":"2023-03-06T11:10:53","date_gmt":"2023-03-06T11:10:53","guid":{"rendered":"https:\/\/bricer.pt\/produto\/lien-ying-molho-de-ostra-frasco-200ml\/"},"modified":"2023-04-17T07:58:56","modified_gmt":"2023-04-17T07:58:56","slug":"lien-ying-molho-de-ostra-frasco-200ml","status":"publish","type":"product","link":"https:\/\/bricer.pt\/?product=lien-ying-molho-de-ostra-frasco-200ml","title":{"rendered":"Lien Ying Molho de Ostra Frasco 200ml"},"content":{"rendered":"<p><strong>Lien Ying Molho de Ostra<\/strong> Frasco 200ml.<\/p>\n<p>&nbsp;<\/p>\n<p><strong>Ingredientes<\/strong>: \u00c1gua, a\u00e7\u00facar, sal, molho de SOJA (feij\u00e3o de SOJA, TRIGO, sal, \u00e1gua), amido de tapioca modificado, OSTRA em p\u00f3 (0,5%), molho de PEIXE (ANCHOVAS, sal), extracto de levedura, PEIXE em p\u00f3, conservante: benzoato de s\u00f3dio; acidificante: \u00e1cido l\u00e1ctico; estabilizador: Glucono delta-lactona; espessante: goma xantana; corante: caramelo de am\u00f4nia; intensificador de sabor: E635.<\/p>\n<p><strong>Alerg\u00e9nios<\/strong>: Ver MAI\u00daSCULAS. Pode conter vest\u00edgios de CRUST\u00c1CEOS.<\/p>\n<p><strong>Declara\u00e7\u00e3o Nutricional p\/100ml:<\/strong> Energia 719kJ\/169kcal; L\u00edpidos 0g (dos quais saturados 0g); Hidratos de Carbono 41g (dos quais a\u00e7\u00facares 15g); Prote\u00ednas 1,0g; Sal 11,3g.<\/p>\n","protected":false},"excerpt":{"rendered":"<p>Lien Ying Molho de Ostra Frasco 200ml. &nbsp; Ingredientes: \u00c1gua, a\u00e7\u00facar, sal, molho de SOJA (feij\u00e3o de SOJA, TRIGO, sal, \u00e1gua), amido de tapioca modificado, OSTRA em p\u00f3 (0,5%), molho de PEIXE (ANCHOVAS, sal), extracto de levedura, PEIXE em p\u00f3, conservante: benzoato de s\u00f3dio; acidificante: \u00e1cido l\u00e1ctico; estabilizador: Glucono delta-lactona; espessante: goma xantana; corante: caramelo [&hellip;]<\/p>\n","protected":false},"featured_media":976,"template":"","meta":[],"product_brand":[],"product_cat":[33,109,24],"product_tag":[],"class_list":{"0":"post-975","1":"product","2":"type-product","3":"status-publish","4":"has-post-thumbnail","6":"product_cat-mercearia-asiatica","7":"product_cat-molhos-mercearia-asiatica","8":"product_cat-sabores-do-mundo","9":"pa_marcas-lien-ying","10":"pa_pais-china","12":"first","13":"instock","14":"taxable","15":"shipping-taxable","16":"product-type-simple"},"_links":{"self":[{"href":"https:\/\/bricer.pt\/index.php?rest_route=\/wp\/v2\/product\/975","targetHints":{"allow":["GET"]}}],"collection":[{"href":"https:\/\/bricer.pt\/index.php?rest_route=\/wp\/v2\/product"}],"about":[{"href":"https:\/\/bricer.pt\/index.php?rest_route=\/wp\/v2\/types\/product"}],"wp:featuredmedia":[{"embeddable":true,"href":"https:\/\/bricer.pt\/index.php?rest_route=\/wp\/v2\/media\/976"}],"wp:attachment":[{"href":"https:\/\/bricer.pt\/index.php?rest_route=%2Fwp%2Fv2%2Fmedia&parent=975"}],"wp:term":[{"taxonomy":"product_brand","embeddable":true,"href":"https:\/\/bricer.pt\/index.php?rest_route=%2Fwp%2Fv2%2Fproduct_brand&post=975"},{"taxonomy":"product_cat","embeddable":true,"href":"https:\/\/bricer.pt\/index.php?rest_route=%2Fwp%2Fv2%2Fproduct_cat&post=975"},{"taxonomy":"product_tag","embeddable":true,"href":"https:\/\/bricer.pt\/index.php?rest_route=%2Fwp%2Fv2%2Fproduct_tag&post=975"}],"curies":[{"name":"wp","href":"https:\/\/api.w.org\/{rel}","templated":true}]}}