{"id":970,"date":"2023-03-06T11:10:53","date_gmt":"2023-03-06T11:10:53","guid":{"rendered":"https:\/\/bricer.pt\/produto\/lien-ying-molho-teriyaki-frasco-200ml\/"},"modified":"2023-04-17T07:58:56","modified_gmt":"2023-04-17T07:58:56","slug":"lien-ying-molho-teriyaki-frasco-200ml","status":"publish","type":"product","link":"https:\/\/bricer.pt\/?product=lien-ying-molho-teriyaki-frasco-200ml","title":{"rendered":"Lien Ying Molho &#8220;Teriyaki&#8221; Frasco 200ml"},"content":{"rendered":"<p><strong>Lien Ying Molho &#8220;Teriyaki&#8221;<\/strong> Frasco 200ml.<\/p>\n<p>&nbsp;<\/p>\n<p><strong>Ingredientes<\/strong>: Molho de SOJA (57%: sementes de SOJA, TRIGO, sal, \u00e1gua), \u00e1gua, a\u00e7\u00facar, vinagre de esp\u00edrito, sumo de uva (2%), sal, intensificador de sabor: E635, aromas.<\/p>\n<p><strong>Alerg\u00e9nios<\/strong>: ver MAI\u00daSCULAS.<\/p>\n<p><strong>Declara\u00e7\u00e3o Nutricional p\/100ml:<\/strong> Energia 420kJ\/99kcal; L\u00edpidos 0g (dos quais saturados 0g); Hidratos de Carbono 19g (dos quais a\u00e7\u00facares 15g); Prote\u00ednas 5,2g; Sal 12,8g.<\/p>\n","protected":false},"excerpt":{"rendered":"<p>Lien Ying Molho &#8220;Teriyaki&#8221; Frasco 200ml. &nbsp; Ingredientes: Molho de SOJA (57%: sementes de SOJA, TRIGO, sal, \u00e1gua), \u00e1gua, a\u00e7\u00facar, vinagre de esp\u00edrito, sumo de uva (2%), sal, intensificador de sabor: E635, aromas. Alerg\u00e9nios: ver MAI\u00daSCULAS. Declara\u00e7\u00e3o Nutricional p\/100ml: Energia 420kJ\/99kcal; L\u00edpidos 0g (dos quais saturados 0g); Hidratos de Carbono 19g (dos quais a\u00e7\u00facares 15g); [&hellip;]<\/p>\n","protected":false},"featured_media":971,"template":"","meta":[],"product_brand":[],"product_cat":[33,109,24],"product_tag":[],"class_list":{"0":"post-970","1":"product","2":"type-product","3":"status-publish","4":"has-post-thumbnail","6":"product_cat-mercearia-asiatica","7":"product_cat-molhos-mercearia-asiatica","8":"product_cat-sabores-do-mundo","9":"pa_marcas-lien-ying","10":"pa_pais-japao","12":"first","13":"instock","14":"taxable","15":"shipping-taxable","16":"product-type-simple"},"_links":{"self":[{"href":"https:\/\/bricer.pt\/index.php?rest_route=\/wp\/v2\/product\/970","targetHints":{"allow":["GET"]}}],"collection":[{"href":"https:\/\/bricer.pt\/index.php?rest_route=\/wp\/v2\/product"}],"about":[{"href":"https:\/\/bricer.pt\/index.php?rest_route=\/wp\/v2\/types\/product"}],"wp:featuredmedia":[{"embeddable":true,"href":"https:\/\/bricer.pt\/index.php?rest_route=\/wp\/v2\/media\/971"}],"wp:attachment":[{"href":"https:\/\/bricer.pt\/index.php?rest_route=%2Fwp%2Fv2%2Fmedia&parent=970"}],"wp:term":[{"taxonomy":"product_brand","embeddable":true,"href":"https:\/\/bricer.pt\/index.php?rest_route=%2Fwp%2Fv2%2Fproduct_brand&post=970"},{"taxonomy":"product_cat","embeddable":true,"href":"https:\/\/bricer.pt\/index.php?rest_route=%2Fwp%2Fv2%2Fproduct_cat&post=970"},{"taxonomy":"product_tag","embeddable":true,"href":"https:\/\/bricer.pt\/index.php?rest_route=%2Fwp%2Fv2%2Fproduct_tag&post=970"}],"curies":[{"name":"wp","href":"https:\/\/api.w.org\/{rel}","templated":true}]}}