{"id":967,"date":"2023-03-06T11:10:53","date_gmt":"2023-03-06T11:10:53","guid":{"rendered":"https:\/\/bricer.pt\/produto\/lien-ying-molho-pad-thai-frasco-200ml\/"},"modified":"2023-04-17T07:58:56","modified_gmt":"2023-04-17T07:58:56","slug":"lien-ying-molho-pad-thai-frasco-200ml","status":"publish","type":"product","link":"https:\/\/bricer.pt\/?product=lien-ying-molho-pad-thai-frasco-200ml","title":{"rendered":"Lien Ying Molho &#8220;Pad Thai&#8221; Frasco 200ml"},"content":{"rendered":"<p><strong>Lien Ying Molho &#8220;Pad Thai&#8221;<\/strong> Frasco 200ml.<\/p>\n<p>&nbsp;<\/p>\n<p><strong>Ingredientes<\/strong>: a\u00e7\u00facar, \u00e1gua, tamarindo, a\u00e7\u00facar de palma, molho de PEIXE (extracto de PEIXE, \u00e1gua, sal), sal, regulador de acidez: \u00e1cido ac\u00e9tico; corante: extracto de paprica.<\/p>\n<p><strong>Alerg\u00e9nios<\/strong>: ver MAI\u00daSCULAS.<\/p>\n<p><strong>Declara\u00e7\u00e3o Nutricional p\/100ml<\/strong>: Energia 1352kJ\/318kcal; L\u00edpidos 0g (dos quais saturados 0g); Hidratos de Carbono 78g (dos quais a\u00e7\u00facares 61g); Prote\u00ednas 1,0g; Sal 9,8g.<\/p>\n","protected":false},"excerpt":{"rendered":"<p>Lien Ying Molho &#8220;Pad Thai&#8221; Frasco 200ml. &nbsp; Ingredientes: a\u00e7\u00facar, \u00e1gua, tamarindo, a\u00e7\u00facar de palma, molho de PEIXE (extracto de PEIXE, \u00e1gua, sal), sal, regulador de acidez: \u00e1cido ac\u00e9tico; corante: extracto de paprica. Alerg\u00e9nios: ver MAI\u00daSCULAS. Declara\u00e7\u00e3o Nutricional p\/100ml: Energia 1352kJ\/318kcal; L\u00edpidos 0g (dos quais saturados 0g); Hidratos de Carbono 78g (dos quais a\u00e7\u00facares 61g); [&hellip;]<\/p>\n","protected":false},"featured_media":968,"template":"","meta":[],"product_brand":[],"product_cat":[33,109,24],"product_tag":[],"class_list":{"0":"post-967","1":"product","2":"type-product","3":"status-publish","4":"has-post-thumbnail","6":"product_cat-mercearia-asiatica","7":"product_cat-molhos-mercearia-asiatica","8":"product_cat-sabores-do-mundo","9":"pa_marcas-lien-ying","10":"pa_pais-tailandia","12":"first","13":"instock","14":"taxable","15":"shipping-taxable","16":"product-type-simple"},"_links":{"self":[{"href":"https:\/\/bricer.pt\/index.php?rest_route=\/wp\/v2\/product\/967","targetHints":{"allow":["GET"]}}],"collection":[{"href":"https:\/\/bricer.pt\/index.php?rest_route=\/wp\/v2\/product"}],"about":[{"href":"https:\/\/bricer.pt\/index.php?rest_route=\/wp\/v2\/types\/product"}],"wp:featuredmedia":[{"embeddable":true,"href":"https:\/\/bricer.pt\/index.php?rest_route=\/wp\/v2\/media\/968"}],"wp:attachment":[{"href":"https:\/\/bricer.pt\/index.php?rest_route=%2Fwp%2Fv2%2Fmedia&parent=967"}],"wp:term":[{"taxonomy":"product_brand","embeddable":true,"href":"https:\/\/bricer.pt\/index.php?rest_route=%2Fwp%2Fv2%2Fproduct_brand&post=967"},{"taxonomy":"product_cat","embeddable":true,"href":"https:\/\/bricer.pt\/index.php?rest_route=%2Fwp%2Fv2%2Fproduct_cat&post=967"},{"taxonomy":"product_tag","embeddable":true,"href":"https:\/\/bricer.pt\/index.php?rest_route=%2Fwp%2Fv2%2Fproduct_tag&post=967"}],"curies":[{"name":"wp","href":"https:\/\/api.w.org\/{rel}","templated":true}]}}