{"id":965,"date":"2023-03-06T11:10:53","date_gmt":"2023-03-06T11:10:53","guid":{"rendered":"https:\/\/bricer.pt\/produto\/lien-ying-molho-dim-sum-frasco-200ml\/"},"modified":"2023-04-17T07:58:55","modified_gmt":"2023-04-17T07:58:55","slug":"lien-ying-molho-dim-sum-frasco-200ml","status":"publish","type":"product","link":"https:\/\/bricer.pt\/?product=lien-ying-molho-dim-sum-frasco-200ml","title":{"rendered":"Lien Ying Molho &#8220;Dim-Sum&#8221; Frasco 200ml"},"content":{"rendered":"<p><strong>Lien Ying Molho &#8220;Dim-Sum&#8221;<\/strong> Frasco 200ml.<\/p>\n<p>&nbsp;<\/p>\n<p><strong>Ingredientes<\/strong>: \u00c1gua, a\u00e7\u00facar, malaguetas vermelhas, nabos, cenouras, alho, sal, espessante: goma xantana; acidificante: \u00e1cido ac\u00e9tico.<\/p>\n<p><strong>Alerg\u00e9nios<\/strong>: Ver MAI\u00daSCULAS.<\/p>\n<p><strong>Declara\u00e7\u00e3o Nutricional p\/100ml:<\/strong> Energia 1457kJ\/343kcal; L\u00edpidos 0g (dos quais saturados 0g); Hidratos de Carbono 85g (dos quais a\u00e7\u00facares 80g); Prote\u00ednas 0,7g; Sal 2,2g.<\/p>\n","protected":false},"excerpt":{"rendered":"<p>Lien Ying Molho &#8220;Dim-Sum&#8221; Frasco 200ml. &nbsp; Ingredientes: \u00c1gua, a\u00e7\u00facar, malaguetas vermelhas, nabos, cenouras, alho, sal, espessante: goma xantana; acidificante: \u00e1cido ac\u00e9tico. Alerg\u00e9nios: Ver MAI\u00daSCULAS. Declara\u00e7\u00e3o Nutricional p\/100ml: Energia 1457kJ\/343kcal; L\u00edpidos 0g (dos quais saturados 0g); Hidratos de Carbono 85g (dos quais a\u00e7\u00facares 80g); Prote\u00ednas 0,7g; Sal 2,2g.<\/p>\n","protected":false},"featured_media":966,"template":"","meta":[],"product_brand":[],"product_cat":[33,109,24],"product_tag":[],"class_list":{"0":"post-965","1":"product","2":"type-product","3":"status-publish","4":"has-post-thumbnail","6":"product_cat-mercearia-asiatica","7":"product_cat-molhos-mercearia-asiatica","8":"product_cat-sabores-do-mundo","9":"pa_marcas-lien-ying","10":"pa_pais-china","12":"first","13":"instock","14":"taxable","15":"shipping-taxable","16":"product-type-simple"},"_links":{"self":[{"href":"https:\/\/bricer.pt\/index.php?rest_route=\/wp\/v2\/product\/965","targetHints":{"allow":["GET"]}}],"collection":[{"href":"https:\/\/bricer.pt\/index.php?rest_route=\/wp\/v2\/product"}],"about":[{"href":"https:\/\/bricer.pt\/index.php?rest_route=\/wp\/v2\/types\/product"}],"wp:featuredmedia":[{"embeddable":true,"href":"https:\/\/bricer.pt\/index.php?rest_route=\/wp\/v2\/media\/966"}],"wp:attachment":[{"href":"https:\/\/bricer.pt\/index.php?rest_route=%2Fwp%2Fv2%2Fmedia&parent=965"}],"wp:term":[{"taxonomy":"product_brand","embeddable":true,"href":"https:\/\/bricer.pt\/index.php?rest_route=%2Fwp%2Fv2%2Fproduct_brand&post=965"},{"taxonomy":"product_cat","embeddable":true,"href":"https:\/\/bricer.pt\/index.php?rest_route=%2Fwp%2Fv2%2Fproduct_cat&post=965"},{"taxonomy":"product_tag","embeddable":true,"href":"https:\/\/bricer.pt\/index.php?rest_route=%2Fwp%2Fv2%2Fproduct_tag&post=965"}],"curies":[{"name":"wp","href":"https:\/\/api.w.org\/{rel}","templated":true}]}}