{"id":962,"date":"2023-03-06T11:10:53","date_gmt":"2023-03-06T11:10:53","guid":{"rendered":"https:\/\/bricer.pt\/produto\/lien-ying-mistura-especiarias-china-frasco-25g\/"},"modified":"2023-04-17T07:58:55","modified_gmt":"2023-04-17T07:58:55","slug":"lien-ying-mistura-especiarias-china-frasco-25g","status":"publish","type":"product","link":"https:\/\/bricer.pt\/?product=lien-ying-mistura-especiarias-china-frasco-25g","title":{"rendered":"Lien Ying Mistura Especiarias &#8220;China&#8221; Frasco 25g"},"content":{"rendered":"<p><strong>Lien Ying Mistura Especiarias &#8220;China&#8221;<\/strong> Frasco 25g.<\/p>\n<p>&nbsp;<\/p>\n<p><strong>Ingredientes<\/strong>: Especiarias (paprica, curcuma, coentros, cominhos, malaguetas, pimenta), intensificador de sabor: glutamato monoss\u00f3dico; maltodextrina, \u00f3leo de erva pr\u00edncipe.<\/p>\n<p><strong>Alerg\u00e9nios<\/strong>: Ver MAI\u00daSCULAS.<\/p>\n<p><strong>Declara\u00e7\u00e3o Nutricional p\/100g:<\/strong> Energia 1511kJ\/359kcal; L\u00edpidos 8,3g (dos quais saturados 1,3g); Hidratos de Carbono 30g (dos quais a\u00e7\u00facares 22g); Prote\u00ednas 35g; Sal 10,1g.<\/p>\n","protected":false},"excerpt":{"rendered":"<p>Lien Ying Mistura Especiarias &#8220;China&#8221; Frasco 25g. &nbsp; Ingredientes: Especiarias (paprica, curcuma, coentros, cominhos, malaguetas, pimenta), intensificador de sabor: glutamato monoss\u00f3dico; maltodextrina, \u00f3leo de erva pr\u00edncipe. Alerg\u00e9nios: Ver MAI\u00daSCULAS. Declara\u00e7\u00e3o Nutricional p\/100g: Energia 1511kJ\/359kcal; L\u00edpidos 8,3g (dos quais saturados 1,3g); Hidratos de Carbono 30g (dos quais a\u00e7\u00facares 22g); Prote\u00ednas 35g; Sal 10,1g.<\/p>\n","protected":false},"featured_media":963,"template":"","meta":[],"product_brand":[],"product_cat":[192,33,24],"product_tag":[],"class_list":{"0":"post-962","1":"product","2":"type-product","3":"status-publish","4":"has-post-thumbnail","6":"product_cat-especiarias-mercearia-asiatica","7":"product_cat-mercearia-asiatica","8":"product_cat-sabores-do-mundo","9":"pa_marcas-lien-ying","10":"pa_pais-china","12":"first","13":"instock","14":"taxable","15":"shipping-taxable","16":"product-type-simple"},"_links":{"self":[{"href":"https:\/\/bricer.pt\/index.php?rest_route=\/wp\/v2\/product\/962","targetHints":{"allow":["GET"]}}],"collection":[{"href":"https:\/\/bricer.pt\/index.php?rest_route=\/wp\/v2\/product"}],"about":[{"href":"https:\/\/bricer.pt\/index.php?rest_route=\/wp\/v2\/types\/product"}],"wp:featuredmedia":[{"embeddable":true,"href":"https:\/\/bricer.pt\/index.php?rest_route=\/wp\/v2\/media\/963"}],"wp:attachment":[{"href":"https:\/\/bricer.pt\/index.php?rest_route=%2Fwp%2Fv2%2Fmedia&parent=962"}],"wp:term":[{"taxonomy":"product_brand","embeddable":true,"href":"https:\/\/bricer.pt\/index.php?rest_route=%2Fwp%2Fv2%2Fproduct_brand&post=962"},{"taxonomy":"product_cat","embeddable":true,"href":"https:\/\/bricer.pt\/index.php?rest_route=%2Fwp%2Fv2%2Fproduct_cat&post=962"},{"taxonomy":"product_tag","embeddable":true,"href":"https:\/\/bricer.pt\/index.php?rest_route=%2Fwp%2Fv2%2Fproduct_tag&post=962"}],"curies":[{"name":"wp","href":"https:\/\/api.w.org\/{rel}","templated":true}]}}