{"id":956,"date":"2023-03-06T11:10:53","date_gmt":"2023-03-06T11:10:53","guid":{"rendered":"https:\/\/bricer.pt\/produto\/lien-ying-goma-bio-saqueta-50g\/"},"modified":"2025-09-10T14:10:16","modified_gmt":"2025-09-10T14:10:16","slug":"lien-ying-goma-bio-saqueta-50g","status":"publish","type":"product","link":"https:\/\/bricer.pt\/?product=lien-ying-goma-bio-saqueta-50g","title":{"rendered":"Lien Ying Goma Bio Saqueta 50g"},"content":{"rendered":"<p><strong>Lien Ying Goma Bio<\/strong> Saqueta 50g.<\/p>\n<p>&nbsp;<\/p>\n<p><strong>Ingredientes<\/strong>: sementes de S\u00c9SAMO torradas de agricultura biol\u00f3gica.<\/p>\n<p><strong>Alerg\u00e9nios<\/strong>: ver MAI\u00daSCULAS. Pode conter vest\u00edgios de cereais que cont\u00eam gl\u00faten, frutos de casca rija, amendoins e soja.<\/p>\n<p><strong>Declara\u00e7\u00e3o Nutricional p\/100g:<\/strong> Energia 2594kJ\/620kcal; L\u00edpidos 55g (dos quais saturados 8,1g); Hidratos de Carbono 9,3g (dos quais a\u00e7\u00facares 0,2g); Fibra 10g; Prote\u00ednas 19g; Sal 0,10g.<\/p>\n","protected":false},"excerpt":{"rendered":"<p>Lien Ying Goma Bio Saqueta 50g. &nbsp; Ingredientes: sementes de S\u00c9SAMO torradas de agricultura biol\u00f3gica. Alerg\u00e9nios: ver MAI\u00daSCULAS. Pode conter vest\u00edgios de cereais que cont\u00eam gl\u00faten, frutos de casca rija, amendoins e soja. Declara\u00e7\u00e3o Nutricional p\/100g: Energia 2594kJ\/620kcal; L\u00edpidos 55g (dos quais saturados 8,1g); Hidratos de Carbono 9,3g (dos quais a\u00e7\u00facares 0,2g); Fibra 10g; Prote\u00ednas [&hellip;]<\/p>\n","protected":false},"featured_media":957,"template":"","meta":[],"product_brand":[],"product_cat":[159,33,24],"product_tag":[],"class_list":{"0":"post-956","1":"product","2":"type-product","3":"status-publish","4":"has-post-thumbnail","6":"product_cat-diversos-mercearia-asiatica","7":"product_cat-mercearia-asiatica","8":"product_cat-sabores-do-mundo","9":"pa_marcas-lien-ying","10":"pa_pais-japao","12":"first","13":"instock","14":"taxable","15":"shipping-taxable","16":"product-type-simple"},"_links":{"self":[{"href":"https:\/\/bricer.pt\/index.php?rest_route=\/wp\/v2\/product\/956","targetHints":{"allow":["GET"]}}],"collection":[{"href":"https:\/\/bricer.pt\/index.php?rest_route=\/wp\/v2\/product"}],"about":[{"href":"https:\/\/bricer.pt\/index.php?rest_route=\/wp\/v2\/types\/product"}],"wp:featuredmedia":[{"embeddable":true,"href":"https:\/\/bricer.pt\/index.php?rest_route=\/wp\/v2\/media\/957"}],"wp:attachment":[{"href":"https:\/\/bricer.pt\/index.php?rest_route=%2Fwp%2Fv2%2Fmedia&parent=956"}],"wp:term":[{"taxonomy":"product_brand","embeddable":true,"href":"https:\/\/bricer.pt\/index.php?rest_route=%2Fwp%2Fv2%2Fproduct_brand&post=956"},{"taxonomy":"product_cat","embeddable":true,"href":"https:\/\/bricer.pt\/index.php?rest_route=%2Fwp%2Fv2%2Fproduct_cat&post=956"},{"taxonomy":"product_tag","embeddable":true,"href":"https:\/\/bricer.pt\/index.php?rest_route=%2Fwp%2Fv2%2Fproduct_tag&post=956"}],"curies":[{"name":"wp","href":"https:\/\/api.w.org\/{rel}","templated":true}]}}