{"id":943,"date":"2023-03-06T11:10:47","date_gmt":"2023-03-06T11:10:47","guid":{"rendered":"https:\/\/bricer.pt\/produto\/lien-ying-erva-principe-em-salmoura-frasco-100g\/"},"modified":"2025-09-10T14:09:54","modified_gmt":"2025-09-10T14:09:54","slug":"lien-ying-erva-principe-em-salmoura-frasco-100g","status":"publish","type":"product","link":"https:\/\/bricer.pt\/?product=lien-ying-erva-principe-em-salmoura-frasco-100g","title":{"rendered":"Lien Ying Erva Pr\u00edncipe em Salmoura Frasco 100g"},"content":{"rendered":"<p><strong>Lien Ying Erva Pr\u00edncipe em Salmoura<\/strong> Frasco 100g.<\/p>\n<p>&nbsp;<\/p>\n<p><strong>Ingredientes<\/strong>: Erva Pr\u00edncipe, \u00e1gua, sal de mesa, acidificante: \u00e1cido c\u00edtrico.<\/p>\n<p><strong>Alerg\u00e9nios<\/strong>: Ver MAI\u00daSCULAS.<\/p>\n<p><strong>Declara\u00e7\u00e3o Nutricional p\/100g:<\/strong> Energia 479kJ\/113kcal; L\u00edpidos 0,5g (dos quais saturados 0,1g); Hidratos de Carbono 25g (dos quais a\u00e7\u00facares 0g); Prote\u00ednas 1,8g; Sal 0g.<\/p>\n","protected":false},"excerpt":{"rendered":"<p>Lien Ying Erva Pr\u00edncipe em Salmoura Frasco 100g. &nbsp; Ingredientes: Erva Pr\u00edncipe, \u00e1gua, sal de mesa, acidificante: \u00e1cido c\u00edtrico. Alerg\u00e9nios: Ver MAI\u00daSCULAS. Declara\u00e7\u00e3o Nutricional p\/100g: Energia 479kJ\/113kcal; L\u00edpidos 0,5g (dos quais saturados 0,1g); Hidratos de Carbono 25g (dos quais a\u00e7\u00facares 0g); Prote\u00ednas 1,8g; Sal 0g.<\/p>\n","protected":false},"featured_media":944,"template":"","meta":[],"product_brand":[],"product_cat":[192,33,24],"product_tag":[],"class_list":{"0":"post-943","1":"product","2":"type-product","3":"status-publish","4":"has-post-thumbnail","6":"product_cat-especiarias-mercearia-asiatica","7":"product_cat-mercearia-asiatica","8":"product_cat-sabores-do-mundo","9":"pa_marcas-lien-ying","10":"pa_pais-tailandia","12":"first","13":"instock","14":"taxable","15":"shipping-taxable","16":"product-type-simple"},"_links":{"self":[{"href":"https:\/\/bricer.pt\/index.php?rest_route=\/wp\/v2\/product\/943","targetHints":{"allow":["GET"]}}],"collection":[{"href":"https:\/\/bricer.pt\/index.php?rest_route=\/wp\/v2\/product"}],"about":[{"href":"https:\/\/bricer.pt\/index.php?rest_route=\/wp\/v2\/types\/product"}],"wp:featuredmedia":[{"embeddable":true,"href":"https:\/\/bricer.pt\/index.php?rest_route=\/wp\/v2\/media\/944"}],"wp:attachment":[{"href":"https:\/\/bricer.pt\/index.php?rest_route=%2Fwp%2Fv2%2Fmedia&parent=943"}],"wp:term":[{"taxonomy":"product_brand","embeddable":true,"href":"https:\/\/bricer.pt\/index.php?rest_route=%2Fwp%2Fv2%2Fproduct_brand&post=943"},{"taxonomy":"product_cat","embeddable":true,"href":"https:\/\/bricer.pt\/index.php?rest_route=%2Fwp%2Fv2%2Fproduct_cat&post=943"},{"taxonomy":"product_tag","embeddable":true,"href":"https:\/\/bricer.pt\/index.php?rest_route=%2Fwp%2Fv2%2Fproduct_tag&post=943"}],"curies":[{"name":"wp","href":"https:\/\/api.w.org\/{rel}","templated":true}]}}