{"id":941,"date":"2023-03-06T11:10:47","date_gmt":"2023-03-06T11:10:47","guid":{"rendered":"https:\/\/bricer.pt\/produto\/lien-ying-erva-principe-em-po-frasco-15g\/"},"modified":"2023-04-17T07:58:53","modified_gmt":"2023-04-17T07:58:53","slug":"lien-ying-erva-principe-em-po-frasco-15g","status":"publish","type":"product","link":"https:\/\/bricer.pt\/?product=lien-ying-erva-principe-em-po-frasco-15g","title":{"rendered":"Lien Ying Erva Pr\u00edncipe em P\u00f3 Frasco 15g"},"content":{"rendered":"<p><strong>Lien Ying Erva Pr\u00edncipe em P\u00f3<\/strong> Frasco 15g.<\/p>\n<p>&nbsp;<\/p>\n<p><strong>Ingredientes<\/strong>: Erva Pr\u00edncipe mo\u00edda.<\/p>\n<p><strong>Declara\u00e7\u00e3o Nutricional p\/100g<\/strong>: Energia 1427kJ\/336kcal; L\u00edpidos 0,2g (dos quais saturados &lt;0,1g); Hidratos de Carbono 78g; Prote\u00ednas 6g; Sal &lt;0,1g.<\/p>\n","protected":false},"excerpt":{"rendered":"<p>Lien Ying Erva Pr\u00edncipe em P\u00f3 Frasco 15g. &nbsp; Ingredientes: Erva Pr\u00edncipe mo\u00edda. Declara\u00e7\u00e3o Nutricional p\/100g: Energia 1427kJ\/336kcal; L\u00edpidos 0,2g (dos quais saturados &lt;0,1g); Hidratos de Carbono 78g; Prote\u00ednas 6g; Sal &lt;0,1g.<\/p>\n","protected":false},"featured_media":942,"template":"","meta":[],"product_brand":[],"product_cat":[192,33,24],"product_tag":[],"class_list":{"0":"post-941","1":"product","2":"type-product","3":"status-publish","4":"has-post-thumbnail","6":"product_cat-especiarias-mercearia-asiatica","7":"product_cat-mercearia-asiatica","8":"product_cat-sabores-do-mundo","9":"pa_marcas-lien-ying","10":"pa_pais-china","12":"first","13":"instock","14":"taxable","15":"shipping-taxable","16":"product-type-simple"},"_links":{"self":[{"href":"https:\/\/bricer.pt\/index.php?rest_route=\/wp\/v2\/product\/941","targetHints":{"allow":["GET"]}}],"collection":[{"href":"https:\/\/bricer.pt\/index.php?rest_route=\/wp\/v2\/product"}],"about":[{"href":"https:\/\/bricer.pt\/index.php?rest_route=\/wp\/v2\/types\/product"}],"wp:featuredmedia":[{"embeddable":true,"href":"https:\/\/bricer.pt\/index.php?rest_route=\/wp\/v2\/media\/942"}],"wp:attachment":[{"href":"https:\/\/bricer.pt\/index.php?rest_route=%2Fwp%2Fv2%2Fmedia&parent=941"}],"wp:term":[{"taxonomy":"product_brand","embeddable":true,"href":"https:\/\/bricer.pt\/index.php?rest_route=%2Fwp%2Fv2%2Fproduct_brand&post=941"},{"taxonomy":"product_cat","embeddable":true,"href":"https:\/\/bricer.pt\/index.php?rest_route=%2Fwp%2Fv2%2Fproduct_cat&post=941"},{"taxonomy":"product_tag","embeddable":true,"href":"https:\/\/bricer.pt\/index.php?rest_route=%2Fwp%2Fv2%2Fproduct_tag&post=941"}],"curies":[{"name":"wp","href":"https:\/\/api.w.org\/{rel}","templated":true}]}}