{"id":939,"date":"2023-03-06T11:10:47","date_gmt":"2023-03-06T11:10:47","guid":{"rendered":"https:\/\/bricer.pt\/produto\/lien-ying-cubos-erva-principe-p-wok-cx-40g\/"},"modified":"2023-04-17T07:58:53","modified_gmt":"2023-04-17T07:58:53","slug":"lien-ying-cubos-erva-principe-p-wok-cx-40g","status":"publish","type":"product","link":"https:\/\/bricer.pt\/?product=lien-ying-cubos-erva-principe-p-wok-cx-40g","title":{"rendered":"Lien Ying Cubos Erva Pr\u00edncipe p\/ &#8220;Wok&#8221; Cx.40g"},"content":{"rendered":"<p><strong>Lien Ying Cubos Erva Pr\u00edncipe p\/ &#8220;Wok&#8221;<\/strong> Cx.40g.<\/p>\n<p>&nbsp;<\/p>\n<p><strong>Ingredientes<\/strong>: Gordura de palma, mistura de especiarias (especiarias (pimenta, paprica, farinha de MOSTARDA, cebola, gengibre, coentros, salsa, erva pr\u00edncipe) sal de mesa, gordura de palma, amido, a\u00e7\u00facar, dextrose, acidificante: \u00e1cido c\u00edtrico, extracto de especiarias), sal de mesa, a\u00e7\u00facar, erva pr\u00edncipe, aroma natural.<\/p>\n<p><strong>Alerg\u00e9nios<\/strong>: Ver MAI\u00daSCULAS.<\/p>\n<p><strong>Declara\u00e7\u00e3o Nutricional p\/100g:<\/strong> Energia 2676kJ\/639kcal; L\u00edpidos 66g (dos quais saturados 31g); Hidratos de Carbono 13g (dos quais a\u00e7\u00facares 9,3g); Prote\u00ednas 1,2g; Sal 16g.<\/p>\n","protected":false},"excerpt":{"rendered":"<p>Lien Ying Cubos Erva Pr\u00edncipe p\/ &#8220;Wok&#8221; Cx.40g. &nbsp; Ingredientes: Gordura de palma, mistura de especiarias (especiarias (pimenta, paprica, farinha de MOSTARDA, cebola, gengibre, coentros, salsa, erva pr\u00edncipe) sal de mesa, gordura de palma, amido, a\u00e7\u00facar, dextrose, acidificante: \u00e1cido c\u00edtrico, extracto de especiarias), sal de mesa, a\u00e7\u00facar, erva pr\u00edncipe, aroma natural. Alerg\u00e9nios: Ver MAI\u00daSCULAS. Declara\u00e7\u00e3o [&hellip;]<\/p>\n","protected":false},"featured_media":940,"template":"","meta":[],"product_brand":[],"product_cat":[159,33,24],"product_tag":[],"class_list":{"0":"post-939","1":"product","2":"type-product","3":"status-publish","4":"has-post-thumbnail","6":"product_cat-diversos-mercearia-asiatica","7":"product_cat-mercearia-asiatica","8":"product_cat-sabores-do-mundo","9":"pa_marcas-lien-ying","10":"pa_pais-china","12":"first","13":"instock","14":"taxable","15":"shipping-taxable","16":"product-type-simple"},"_links":{"self":[{"href":"https:\/\/bricer.pt\/index.php?rest_route=\/wp\/v2\/product\/939","targetHints":{"allow":["GET"]}}],"collection":[{"href":"https:\/\/bricer.pt\/index.php?rest_route=\/wp\/v2\/product"}],"about":[{"href":"https:\/\/bricer.pt\/index.php?rest_route=\/wp\/v2\/types\/product"}],"wp:featuredmedia":[{"embeddable":true,"href":"https:\/\/bricer.pt\/index.php?rest_route=\/wp\/v2\/media\/940"}],"wp:attachment":[{"href":"https:\/\/bricer.pt\/index.php?rest_route=%2Fwp%2Fv2%2Fmedia&parent=939"}],"wp:term":[{"taxonomy":"product_brand","embeddable":true,"href":"https:\/\/bricer.pt\/index.php?rest_route=%2Fwp%2Fv2%2Fproduct_brand&post=939"},{"taxonomy":"product_cat","embeddable":true,"href":"https:\/\/bricer.pt\/index.php?rest_route=%2Fwp%2Fv2%2Fproduct_cat&post=939"},{"taxonomy":"product_tag","embeddable":true,"href":"https:\/\/bricer.pt\/index.php?rest_route=%2Fwp%2Fv2%2Fproduct_tag&post=939"}],"curies":[{"name":"wp","href":"https:\/\/api.w.org\/{rel}","templated":true}]}}