{"id":927,"date":"2023-03-06T11:10:47","date_gmt":"2023-03-06T11:10:47","guid":{"rendered":"https:\/\/bricer.pt\/produto\/lien-ying-cogumelos-mu-err-cx-25g\/"},"modified":"2023-04-17T07:58:52","modified_gmt":"2023-04-17T07:58:52","slug":"lien-ying-cogumelos-mu-err-cx-25g","status":"publish","type":"product","link":"https:\/\/bricer.pt\/?product=lien-ying-cogumelos-mu-err-cx-25g","title":{"rendered":"Lien Ying Cogumelos &#8220;Mu-Err&#8221; Cx. 25g"},"content":{"rendered":"<p><strong>Lien Ying Cogumelos &#8220;Mu-Err&#8221;<\/strong> Cx. 25g<\/p>\n<p>&nbsp;<\/p>\n<p><strong>Ingredientes<\/strong>: Cogumelos secos Mu-Err da China, feitos a partir de cerca de 250g de cogumelos frescos.<\/p>\n<p><strong>Alerg\u00e9nios<\/strong>: Ver MAI\u00daSCULAS.<\/p>\n<p><strong>Declara\u00e7\u00e3o Nutricional p\/100g:<\/strong> Energia 815kJ\/201kcal; L\u00edpidos 0,7g (dos quais saturados 0,2g); Hidratos de Carbono 4,0g (dos quais a\u00e7\u00facares 0g); Fibra 76g; Prote\u00ednas 6,8g; Sal 0,10g.<\/p>\n","protected":false},"excerpt":{"rendered":"<p>Lien Ying Cogumelos &#8220;Mu-Err&#8221; Cx. 25g &nbsp; Ingredientes: Cogumelos secos Mu-Err da China, feitos a partir de cerca de 250g de cogumelos frescos. Alerg\u00e9nios: Ver MAI\u00daSCULAS. Declara\u00e7\u00e3o Nutricional p\/100g: Energia 815kJ\/201kcal; L\u00edpidos 0,7g (dos quais saturados 0,2g); Hidratos de Carbono 4,0g (dos quais a\u00e7\u00facares 0g); Fibra 76g; Prote\u00ednas 6,8g; Sal 0,10g.<\/p>\n","protected":false},"featured_media":928,"template":"","meta":[],"product_brand":[],"product_cat":[159,33,24],"product_tag":[],"class_list":{"0":"post-927","1":"product","2":"type-product","3":"status-publish","4":"has-post-thumbnail","6":"product_cat-diversos-mercearia-asiatica","7":"product_cat-mercearia-asiatica","8":"product_cat-sabores-do-mundo","9":"pa_marcas-lien-ying","10":"pa_pais-china","12":"first","13":"instock","14":"taxable","15":"shipping-taxable","16":"product-type-simple"},"_links":{"self":[{"href":"https:\/\/bricer.pt\/index.php?rest_route=\/wp\/v2\/product\/927","targetHints":{"allow":["GET"]}}],"collection":[{"href":"https:\/\/bricer.pt\/index.php?rest_route=\/wp\/v2\/product"}],"about":[{"href":"https:\/\/bricer.pt\/index.php?rest_route=\/wp\/v2\/types\/product"}],"wp:featuredmedia":[{"embeddable":true,"href":"https:\/\/bricer.pt\/index.php?rest_route=\/wp\/v2\/media\/928"}],"wp:attachment":[{"href":"https:\/\/bricer.pt\/index.php?rest_route=%2Fwp%2Fv2%2Fmedia&parent=927"}],"wp:term":[{"taxonomy":"product_brand","embeddable":true,"href":"https:\/\/bricer.pt\/index.php?rest_route=%2Fwp%2Fv2%2Fproduct_brand&post=927"},{"taxonomy":"product_cat","embeddable":true,"href":"https:\/\/bricer.pt\/index.php?rest_route=%2Fwp%2Fv2%2Fproduct_cat&post=927"},{"taxonomy":"product_tag","embeddable":true,"href":"https:\/\/bricer.pt\/index.php?rest_route=%2Fwp%2Fv2%2Fproduct_tag&post=927"}],"curies":[{"name":"wp","href":"https:\/\/api.w.org\/{rel}","templated":true}]}}