{"id":925,"date":"2023-03-06T11:10:47","date_gmt":"2023-03-06T11:10:47","guid":{"rendered":"https:\/\/bricer.pt\/produto\/lien-ying-cogumelos-mu-err-frasco-190g\/"},"modified":"2023-04-17T07:58:52","modified_gmt":"2023-04-17T07:58:52","slug":"lien-ying-cogumelos-mu-err-frasco-190g","status":"publish","type":"product","link":"https:\/\/bricer.pt\/?product=lien-ying-cogumelos-mu-err-frasco-190g","title":{"rendered":"Lien Ying Cogumelos &#8220;Mu Err&#8221; Frasco 190g"},"content":{"rendered":"<p><strong>Lien Ying Cogumelos &#8220;Mu Err&#8221;<\/strong> Frasco 190g.<\/p>\n<p>&nbsp;<\/p>\n<p><strong>Ingredientes<\/strong>: Cogumelos Mu-Err, \u00e1gua, a\u00e7\u00facar, sal, vinagre de vinho, antioxidante: \u00e1cido asc\u00f3rbico; acidificante: \u00e1cido c\u00edtrico.<\/p>\n<p><strong>Alerg\u00e9neos<\/strong>: ver MAI\u00daSCULAS.<\/p>\n<p><strong>Declara\u00e7\u00e3o Nutricional p\/100g:<\/strong> Energia 198kJ\/47kcal; L\u00edpidos 0g (dos quais saturados 0g); Hidratos de Carbono 8,8g (dos quais a\u00e7\u00facares 1,6g); Prote\u00ednas 0,8g; Sal 1,1g.<\/p>\n","protected":false},"excerpt":{"rendered":"<p>Lien Ying Cogumelos &#8220;Mu Err&#8221; Frasco 190g. &nbsp; Ingredientes: Cogumelos Mu-Err, \u00e1gua, a\u00e7\u00facar, sal, vinagre de vinho, antioxidante: \u00e1cido asc\u00f3rbico; acidificante: \u00e1cido c\u00edtrico. Alerg\u00e9neos: ver MAI\u00daSCULAS. Declara\u00e7\u00e3o Nutricional p\/100g: Energia 198kJ\/47kcal; L\u00edpidos 0g (dos quais saturados 0g); Hidratos de Carbono 8,8g (dos quais a\u00e7\u00facares 1,6g); Prote\u00ednas 0,8g; Sal 1,1g.<\/p>\n","protected":false},"featured_media":926,"template":"","meta":[],"product_brand":[],"product_cat":[159,33,24],"product_tag":[],"class_list":{"0":"post-925","1":"product","2":"type-product","3":"status-publish","4":"has-post-thumbnail","6":"product_cat-diversos-mercearia-asiatica","7":"product_cat-mercearia-asiatica","8":"product_cat-sabores-do-mundo","9":"pa_marcas-lien-ying","10":"pa_pais-china","12":"first","13":"instock","14":"taxable","15":"shipping-taxable","16":"product-type-simple"},"_links":{"self":[{"href":"https:\/\/bricer.pt\/index.php?rest_route=\/wp\/v2\/product\/925","targetHints":{"allow":["GET"]}}],"collection":[{"href":"https:\/\/bricer.pt\/index.php?rest_route=\/wp\/v2\/product"}],"about":[{"href":"https:\/\/bricer.pt\/index.php?rest_route=\/wp\/v2\/types\/product"}],"wp:featuredmedia":[{"embeddable":true,"href":"https:\/\/bricer.pt\/index.php?rest_route=\/wp\/v2\/media\/926"}],"wp:attachment":[{"href":"https:\/\/bricer.pt\/index.php?rest_route=%2Fwp%2Fv2%2Fmedia&parent=925"}],"wp:term":[{"taxonomy":"product_brand","embeddable":true,"href":"https:\/\/bricer.pt\/index.php?rest_route=%2Fwp%2Fv2%2Fproduct_brand&post=925"},{"taxonomy":"product_cat","embeddable":true,"href":"https:\/\/bricer.pt\/index.php?rest_route=%2Fwp%2Fv2%2Fproduct_cat&post=925"},{"taxonomy":"product_tag","embeddable":true,"href":"https:\/\/bricer.pt\/index.php?rest_route=%2Fwp%2Fv2%2Fproduct_tag&post=925"}],"curies":[{"name":"wp","href":"https:\/\/api.w.org\/{rel}","templated":true}]}}