{"id":919,"date":"2023-03-06T11:10:43","date_gmt":"2023-03-06T11:10:43","guid":{"rendered":"https:\/\/bricer.pt\/produto\/lien-ying-arroz-p-sushi-cx-250g\/"},"modified":"2023-04-17T07:58:49","modified_gmt":"2023-04-17T07:58:49","slug":"lien-ying-arroz-p-sushi-cx-250g","status":"publish","type":"product","link":"https:\/\/bricer.pt\/?product=lien-ying-arroz-p-sushi-cx-250g","title":{"rendered":"Lien Ying Arroz p\/ Sushi Cx. 250g"},"content":{"rendered":"<p><strong>Lien Ying Arroz p\/ Sushi<\/strong> Cx. 250g.<\/p>\n<p>&nbsp;<\/p>\n<p><strong>Ingredientes<\/strong>: Arroz Glutinoso Asi\u00e1tico.<\/p>\n<p><strong>Alerg\u00e9nios<\/strong>: Ver MAI\u00daSCULAS.<\/p>\n<p><strong>Declara\u00e7\u00e3o Nutricional M\u00e9dia p\/100g:<\/strong> Energia 1494kJ\/352kcal; L\u00edpidos 0,9g (dos quais \u00e1cidos gordos saturados 0,2g); Hidratos de Carbono 79g (dos quais a\u00e7\u00facares 0,2g); Prote\u00ednas 6,7g; Sal 0,03g.<\/p>\n","protected":false},"excerpt":{"rendered":"<p>Lien Ying Arroz p\/ Sushi Cx. 250g. &nbsp; Ingredientes: Arroz Glutinoso Asi\u00e1tico. Alerg\u00e9nios: Ver MAI\u00daSCULAS. Declara\u00e7\u00e3o Nutricional M\u00e9dia p\/100g: Energia 1494kJ\/352kcal; L\u00edpidos 0,9g (dos quais \u00e1cidos gordos saturados 0,2g); Hidratos de Carbono 79g (dos quais a\u00e7\u00facares 0,2g); Prote\u00ednas 6,7g; Sal 0,03g.<\/p>\n","protected":false},"featured_media":920,"template":"","meta":[],"product_brand":[],"product_cat":[159,33,24],"product_tag":[],"class_list":{"0":"post-919","1":"product","2":"type-product","3":"status-publish","4":"has-post-thumbnail","6":"product_cat-diversos-mercearia-asiatica","7":"product_cat-mercearia-asiatica","8":"product_cat-sabores-do-mundo","9":"pa_marcas-lien-ying","10":"pa_pais-japao","12":"first","13":"instock","14":"taxable","15":"shipping-taxable","16":"product-type-simple"},"_links":{"self":[{"href":"https:\/\/bricer.pt\/index.php?rest_route=\/wp\/v2\/product\/919","targetHints":{"allow":["GET"]}}],"collection":[{"href":"https:\/\/bricer.pt\/index.php?rest_route=\/wp\/v2\/product"}],"about":[{"href":"https:\/\/bricer.pt\/index.php?rest_route=\/wp\/v2\/types\/product"}],"wp:featuredmedia":[{"embeddable":true,"href":"https:\/\/bricer.pt\/index.php?rest_route=\/wp\/v2\/media\/920"}],"wp:attachment":[{"href":"https:\/\/bricer.pt\/index.php?rest_route=%2Fwp%2Fv2%2Fmedia&parent=919"}],"wp:term":[{"taxonomy":"product_brand","embeddable":true,"href":"https:\/\/bricer.pt\/index.php?rest_route=%2Fwp%2Fv2%2Fproduct_brand&post=919"},{"taxonomy":"product_cat","embeddable":true,"href":"https:\/\/bricer.pt\/index.php?rest_route=%2Fwp%2Fv2%2Fproduct_cat&post=919"},{"taxonomy":"product_tag","embeddable":true,"href":"https:\/\/bricer.pt\/index.php?rest_route=%2Fwp%2Fv2%2Fproduct_tag&post=919"}],"curies":[{"name":"wp","href":"https:\/\/api.w.org\/{rel}","templated":true}]}}