{"id":915,"date":"2023-03-06T11:10:43","date_gmt":"2023-03-06T11:10:43","guid":{"rendered":"https:\/\/bricer.pt\/produto\/lien-ying-aperitivo-tapioca-c-camarao-ming-chips-saq-75g\/"},"modified":"2025-09-10T14:09:16","modified_gmt":"2025-09-10T14:09:16","slug":"lien-ying-aperitivo-tapioca-c-camarao-ming-chips-saq-75g","status":"publish","type":"product","link":"https:\/\/bricer.pt\/?product=lien-ying-aperitivo-tapioca-c-camarao-ming-chips-saq-75g","title":{"rendered":"Lien Ying Aperitivo Tapioca c\/ Camar\u00e3o &#8220;Ming-Chips&#8221; Saq. 75g"},"content":{"rendered":"<p><strong>Lien Ying Aperitivo Tapioca c\/ Camar\u00e3o &#8220;Ming-Chips&#8221;<\/strong> Saq. 75g.<\/p>\n<p>&nbsp;<\/p>\n<p><strong>Ingredientes<\/strong>: Farinha de tapioca, \u00f3leo de girassol, CAMAR\u00c3O (7%), farinha de TRIGO, a\u00e7\u00facar, sal, levedante: carbonato de s\u00f3dio.<\/p>\n<p><strong>Alerg\u00e9nios<\/strong>: Ver MAI\u00daSCULAS.<\/p>\n<p><strong>Declara\u00e7\u00e3o Nutricional p\/100g<\/strong>: Energia 2080kJ\/494kcal; L\u00edpidos 26g (dos quais saturados 2,6g); Hidratos de Carbono 63g (dos quais a\u00e7\u00facares 5,5g); Prote\u00ednas 2,3g; Sal 3,3g.<\/p>\n","protected":false},"excerpt":{"rendered":"<p>Lien Ying Aperitivo Tapioca c\/ Camar\u00e3o &#8220;Ming-Chips&#8221; Saq. 75g. &nbsp; Ingredientes: Farinha de tapioca, \u00f3leo de girassol, CAMAR\u00c3O (7%), farinha de TRIGO, a\u00e7\u00facar, sal, levedante: carbonato de s\u00f3dio. Alerg\u00e9nios: Ver MAI\u00daSCULAS. Declara\u00e7\u00e3o Nutricional p\/100g: Energia 2080kJ\/494kcal; L\u00edpidos 26g (dos quais saturados 2,6g); Hidratos de Carbono 63g (dos quais a\u00e7\u00facares 5,5g); Prote\u00ednas 2,3g; Sal 3,3g.<\/p>\n","protected":false},"featured_media":916,"template":"","meta":[],"product_brand":[],"product_cat":[159,33,24],"product_tag":[],"class_list":{"0":"post-915","1":"product","2":"type-product","3":"status-publish","4":"has-post-thumbnail","6":"product_cat-diversos-mercearia-asiatica","7":"product_cat-mercearia-asiatica","8":"product_cat-sabores-do-mundo","9":"pa_marcas-lien-ying","10":"pa_pais-china","12":"first","13":"instock","14":"taxable","15":"shipping-taxable","16":"product-type-simple"},"_links":{"self":[{"href":"https:\/\/bricer.pt\/index.php?rest_route=\/wp\/v2\/product\/915","targetHints":{"allow":["GET"]}}],"collection":[{"href":"https:\/\/bricer.pt\/index.php?rest_route=\/wp\/v2\/product"}],"about":[{"href":"https:\/\/bricer.pt\/index.php?rest_route=\/wp\/v2\/types\/product"}],"wp:featuredmedia":[{"embeddable":true,"href":"https:\/\/bricer.pt\/index.php?rest_route=\/wp\/v2\/media\/916"}],"wp:attachment":[{"href":"https:\/\/bricer.pt\/index.php?rest_route=%2Fwp%2Fv2%2Fmedia&parent=915"}],"wp:term":[{"taxonomy":"product_brand","embeddable":true,"href":"https:\/\/bricer.pt\/index.php?rest_route=%2Fwp%2Fv2%2Fproduct_brand&post=915"},{"taxonomy":"product_cat","embeddable":true,"href":"https:\/\/bricer.pt\/index.php?rest_route=%2Fwp%2Fv2%2Fproduct_cat&post=915"},{"taxonomy":"product_tag","embeddable":true,"href":"https:\/\/bricer.pt\/index.php?rest_route=%2Fwp%2Fv2%2Fproduct_tag&post=915"}],"curies":[{"name":"wp","href":"https:\/\/api.w.org\/{rel}","templated":true}]}}