{"id":911,"date":"2023-03-06T11:10:43","date_gmt":"2023-03-06T11:10:43","guid":{"rendered":"https:\/\/bricer.pt\/produto\/lien-ying-chop-suey-mistura-vegetais-frasco-330g\/"},"modified":"2023-04-17T07:58:48","modified_gmt":"2023-04-17T07:58:48","slug":"lien-ying-chop-suey-mistura-vegetais-frasco-330g","status":"publish","type":"product","link":"https:\/\/bricer.pt\/?product=lien-ying-chop-suey-mistura-vegetais-frasco-330g","title":{"rendered":"Lien Ying &#8220;Chop-Suey&#8221; Mistura Vegetais Frasco 330g"},"content":{"rendered":"<p><strong>Lien Ying &#8220;Chop-Suey&#8221; Mistura Vegetais<\/strong> Frasco 330g.<\/p>\n<p>&nbsp;<\/p>\n<p><strong>Ingredientes<\/strong>: Vegetais em propor\u00e7\u00f5es vari\u00e1veis (pimenta vermelha, pimento verde, rebentos de Feij\u00e3o Mungo, cenoura ralada, bambu fatiado, cebola), cogumelos Mu Err, \u00e1gua, a\u00e7\u00facar, vinho doce, vinagre de \u00e1lcool, acidificante: \u00e1cido c\u00edtrico.<\/p>\n<p><strong> Alerg\u00e9nios<\/strong>: Ver MAI\u00daSCULAS.<\/p>\n<p><strong>Declara\u00e7\u00e3o Nutricional p\/100g:<\/strong> Energia 136kJ\/32kcal; L\u00edpidos 0,1g (dos quais saturados &lt;0,1g); Hidratos de Carbono 5,4g (dos quais a\u00e7\u00facares 5,2g); Prote\u00ednas 1,1g; Sal 0,3g.<\/p>\n","protected":false},"excerpt":{"rendered":"<p>Lien Ying &#8220;Chop-Suey&#8221; Mistura Vegetais Frasco 330g. &nbsp; Ingredientes: Vegetais em propor\u00e7\u00f5es vari\u00e1veis (pimenta vermelha, pimento verde, rebentos de Feij\u00e3o Mungo, cenoura ralada, bambu fatiado, cebola), cogumelos Mu Err, \u00e1gua, a\u00e7\u00facar, vinho doce, vinagre de \u00e1lcool, acidificante: \u00e1cido c\u00edtrico. Alerg\u00e9nios: Ver MAI\u00daSCULAS. Declara\u00e7\u00e3o Nutricional p\/100g: Energia 136kJ\/32kcal; L\u00edpidos 0,1g (dos quais saturados &lt;0,1g); Hidratos de [&hellip;]<\/p>\n","protected":false},"featured_media":912,"template":"","meta":[],"product_brand":[],"product_cat":[159,33,24],"product_tag":[],"class_list":{"0":"post-911","1":"product","2":"type-product","3":"status-publish","4":"has-post-thumbnail","6":"product_cat-diversos-mercearia-asiatica","7":"product_cat-mercearia-asiatica","8":"product_cat-sabores-do-mundo","9":"pa_marcas-lien-ying","10":"pa_pais-china","12":"first","13":"instock","14":"taxable","15":"shipping-taxable","16":"product-type-simple"},"_links":{"self":[{"href":"https:\/\/bricer.pt\/index.php?rest_route=\/wp\/v2\/product\/911","targetHints":{"allow":["GET"]}}],"collection":[{"href":"https:\/\/bricer.pt\/index.php?rest_route=\/wp\/v2\/product"}],"about":[{"href":"https:\/\/bricer.pt\/index.php?rest_route=\/wp\/v2\/types\/product"}],"wp:featuredmedia":[{"embeddable":true,"href":"https:\/\/bricer.pt\/index.php?rest_route=\/wp\/v2\/media\/912"}],"wp:attachment":[{"href":"https:\/\/bricer.pt\/index.php?rest_route=%2Fwp%2Fv2%2Fmedia&parent=911"}],"wp:term":[{"taxonomy":"product_brand","embeddable":true,"href":"https:\/\/bricer.pt\/index.php?rest_route=%2Fwp%2Fv2%2Fproduct_brand&post=911"},{"taxonomy":"product_cat","embeddable":true,"href":"https:\/\/bricer.pt\/index.php?rest_route=%2Fwp%2Fv2%2Fproduct_cat&post=911"},{"taxonomy":"product_tag","embeddable":true,"href":"https:\/\/bricer.pt\/index.php?rest_route=%2Fwp%2Fv2%2Fproduct_tag&post=911"}],"curies":[{"name":"wp","href":"https:\/\/api.w.org\/{rel}","templated":true}]}}