{"id":908,"date":"2023-03-06T11:10:43","date_gmt":"2023-03-06T11:10:43","guid":{"rendered":"https:\/\/bricer.pt\/produto\/liakada-pasta-de-azeitona-kalamata-frasco-180g\/"},"modified":"2025-09-10T14:05:32","modified_gmt":"2025-09-10T14:05:32","slug":"liakada-pasta-de-azeitona-kalamata-frasco-180g","status":"publish","type":"product","link":"https:\/\/bricer.pt\/?product=liakada-pasta-de-azeitona-kalamata-frasco-180g","title":{"rendered":"Liakada Pasta de Azeitona Kalamata Frasco 180g"},"content":{"rendered":"<p><strong>Liakada Pasta de Azeitona Kalamata Frasco 180g.<\/strong><\/p>\n<p>&nbsp;<\/p>\n<p><strong>Ingredientes<\/strong>: azeitonas Kalamata (74%), azeite virgem extra (15%), tomates secos<br \/>\nao sol, alho, vinagre, sal marinho, ervas.<\/p>\n<p><strong>Alerg\u00e9nios<\/strong>: ver MAI\u00daSCULAS. Pode conter peda\u00e7os de caro\u00e7os e partes da oliveira.<\/p>\n<p><strong>Declara\u00e7\u00e3o Nutricional p\/100g:<\/strong> Energia 1317kJ\/320kcal; L\u00edpidos 33g (dos quais saturados 4,4g); Hidratos de Carbono 3,4g (dos quais a\u00e7\u00facares 1,2g); Prote\u00ednas 1,7g; Sal 2,6g.<\/p>\n","protected":false},"excerpt":{"rendered":"<p>Liakada Pasta de Azeitona Kalamata Frasco 180g. &nbsp; Ingredientes: azeitonas Kalamata (74%), azeite virgem extra (15%), tomates secos ao sol, alho, vinagre, sal marinho, ervas. Alerg\u00e9nios: ver MAI\u00daSCULAS. Pode conter peda\u00e7os de caro\u00e7os e partes da oliveira. Declara\u00e7\u00e3o Nutricional p\/100g: Energia 1317kJ\/320kcal; L\u00edpidos 33g (dos quais saturados 4,4g); Hidratos de Carbono 3,4g (dos quais a\u00e7\u00facares [&hellip;]<\/p>\n","protected":false},"featured_media":909,"template":"","meta":[],"product_brand":[],"product_cat":[36,114],"product_tag":[],"class_list":{"0":"post-908","1":"product","2":"type-product","3":"status-publish","4":"has-post-thumbnail","6":"product_cat-mercearia-salgada","7":"product_cat-pastas-mercearia-salgada","8":"pa_marcas-liakada","9":"pa_pais-grecia","11":"first","12":"instock","13":"taxable","14":"shipping-taxable","15":"product-type-simple"},"_links":{"self":[{"href":"https:\/\/bricer.pt\/index.php?rest_route=\/wp\/v2\/product\/908","targetHints":{"allow":["GET"]}}],"collection":[{"href":"https:\/\/bricer.pt\/index.php?rest_route=\/wp\/v2\/product"}],"about":[{"href":"https:\/\/bricer.pt\/index.php?rest_route=\/wp\/v2\/types\/product"}],"wp:featuredmedia":[{"embeddable":true,"href":"https:\/\/bricer.pt\/index.php?rest_route=\/wp\/v2\/media\/909"}],"wp:attachment":[{"href":"https:\/\/bricer.pt\/index.php?rest_route=%2Fwp%2Fv2%2Fmedia&parent=908"}],"wp:term":[{"taxonomy":"product_brand","embeddable":true,"href":"https:\/\/bricer.pt\/index.php?rest_route=%2Fwp%2Fv2%2Fproduct_brand&post=908"},{"taxonomy":"product_cat","embeddable":true,"href":"https:\/\/bricer.pt\/index.php?rest_route=%2Fwp%2Fv2%2Fproduct_cat&post=908"},{"taxonomy":"product_tag","embeddable":true,"href":"https:\/\/bricer.pt\/index.php?rest_route=%2Fwp%2Fv2%2Fproduct_tag&post=908"}],"curies":[{"name":"wp","href":"https:\/\/api.w.org\/{rel}","templated":true}]}}