{"id":904,"date":"2023-03-06T11:10:43","date_gmt":"2023-03-06T11:10:43","guid":{"rendered":"https:\/\/bricer.pt\/produto\/liakada-massa-grega-kritharaki-saq-500g\/"},"modified":"2023-05-01T14:59:20","modified_gmt":"2023-05-01T14:59:20","slug":"liakada-massa-grega-kritharaki-saq-500g","status":"publish","type":"product","link":"https:\/\/bricer.pt\/?product=liakada-massa-grega-kritharaki-saq-500g","title":{"rendered":"Liakada Massa Grega &#8220;Kritharaki&#8221; Saq. 500g"},"content":{"rendered":"<p><strong>Liakada Massa Grega &#8220;Kritharaki&#8221; Saq. 500g.<\/strong><\/p>\n<p>&nbsp;<\/p>\n<p><strong>Ingredientes<\/strong>: S\u00eamola de TRIGO duro, \u00e1gua.<\/p>\n<p><strong>Alerg\u00e9nios<\/strong>: Ver MAI\u00daSCULAS.<\/p>\n<p><strong>Declara\u00e7\u00e3o Nutricional p\/100g:<\/strong> Energia 1526kJ\/360kcal; L\u00edpidos 1,5g (dos quais saturados 0,3g); Hidratos de Carbono 74g (dos quais a\u00e7\u00facares 3,5g); Prote\u00ednas 12g; Sal &lt;0,01g.<\/p>\n","protected":false},"excerpt":{"rendered":"<p>Liakada Massa Grega &#8220;Kritharaki&#8221; Saq. 500g. &nbsp; Ingredientes: S\u00eamola de TRIGO duro, \u00e1gua. Alerg\u00e9nios: Ver MAI\u00daSCULAS. Declara\u00e7\u00e3o Nutricional p\/100g: Energia 1526kJ\/360kcal; L\u00edpidos 1,5g (dos quais saturados 0,3g); Hidratos de Carbono 74g (dos quais a\u00e7\u00facares 3,5g); Prote\u00ednas 12g; Sal &lt;0,01g.<\/p>\n","protected":false},"featured_media":905,"template":"","meta":[],"product_brand":[],"product_cat":[187,36],"product_tag":[],"class_list":{"0":"post-904","1":"product","2":"type-product","3":"status-publish","4":"has-post-thumbnail","6":"product_cat-massas-e-noodles","7":"product_cat-mercearia-salgada","8":"pa_marcas-liakada","9":"pa_pais-grecia","11":"first","12":"instock","13":"taxable","14":"shipping-taxable","15":"product-type-simple"},"_links":{"self":[{"href":"https:\/\/bricer.pt\/index.php?rest_route=\/wp\/v2\/product\/904","targetHints":{"allow":["GET"]}}],"collection":[{"href":"https:\/\/bricer.pt\/index.php?rest_route=\/wp\/v2\/product"}],"about":[{"href":"https:\/\/bricer.pt\/index.php?rest_route=\/wp\/v2\/types\/product"}],"wp:featuredmedia":[{"embeddable":true,"href":"https:\/\/bricer.pt\/index.php?rest_route=\/wp\/v2\/media\/905"}],"wp:attachment":[{"href":"https:\/\/bricer.pt\/index.php?rest_route=%2Fwp%2Fv2%2Fmedia&parent=904"}],"wp:term":[{"taxonomy":"product_brand","embeddable":true,"href":"https:\/\/bricer.pt\/index.php?rest_route=%2Fwp%2Fv2%2Fproduct_brand&post=904"},{"taxonomy":"product_cat","embeddable":true,"href":"https:\/\/bricer.pt\/index.php?rest_route=%2Fwp%2Fv2%2Fproduct_cat&post=904"},{"taxonomy":"product_tag","embeddable":true,"href":"https:\/\/bricer.pt\/index.php?rest_route=%2Fwp%2Fv2%2Fproduct_tag&post=904"}],"curies":[{"name":"wp","href":"https:\/\/api.w.org\/{rel}","templated":true}]}}