{"id":901,"date":"2023-03-06T11:10:43","date_gmt":"2023-03-06T11:10:43","guid":{"rendered":"https:\/\/bricer.pt\/produto\/liakada-malaguetas-em-pickles-mild-fruity-frasco-320g\/"},"modified":"2023-04-17T07:58:48","modified_gmt":"2023-04-17T07:58:48","slug":"liakada-malaguetas-em-pickles-mild-fruity-frasco-320g","status":"publish","type":"product","link":"https:\/\/bricer.pt\/?product=liakada-malaguetas-em-pickles-mild-fruity-frasco-320g","title":{"rendered":"Liakada Malaguetas em Pickles &#8220;Mild &#038; Fruity&#8221; Frasco 320g"},"content":{"rendered":"<p><strong>Liakada Malaguetas em Pickles &#8220;Mild &amp; Fruity&#8221; Frasco 320g.<\/strong><\/p>\n<p>&nbsp;<\/p>\n<p><strong>Ingredientes<\/strong>: Malaguetas, \u00e1gua, vinagre, sal marinho, vinagre de vinho, acidificante: \u00e1cido c\u00edtrico, \u00e1cido ac\u00e9tico; antioxidante: METABISSULFITO de s\u00f3dio; conservante: \u00e1cido benzoico.<\/p>\n<p><strong>Alerg\u00e9nios<\/strong>: Ver MAI\u00daSCULAS<\/p>\n<p><strong>Declara\u00e7\u00e3o Nutricional p\/100g:<\/strong> Energia 117kJ\/28kcal; L\u00edpidos 0g (dos quais saturados 0g); Hidratos de Carbono 6,0g (dos quais a\u00e7\u00facares 0g); Fibra 3,0g; Prote\u00ednas 0g; Sal 4,9g.<\/p>\n","protected":false},"excerpt":{"rendered":"<p>Liakada Malaguetas em Pickles &#8220;Mild &amp; Fruity&#8221; Frasco 320g. &nbsp; Ingredientes: Malaguetas, \u00e1gua, vinagre, sal marinho, vinagre de vinho, acidificante: \u00e1cido c\u00edtrico, \u00e1cido ac\u00e9tico; antioxidante: METABISSULFITO de s\u00f3dio; conservante: \u00e1cido benzoico. Alerg\u00e9nios: Ver MAI\u00daSCULAS Declara\u00e7\u00e3o Nutricional p\/100g: Energia 117kJ\/28kcal; L\u00edpidos 0g (dos quais saturados 0g); Hidratos de Carbono 6,0g (dos quais a\u00e7\u00facares 0g); Fibra 3,0g; [&hellip;]<\/p>\n","protected":false},"featured_media":902,"template":"","meta":[],"product_brand":[],"product_cat":[101,36],"product_tag":[],"class_list":{"0":"post-901","1":"product","2":"type-product","3":"status-publish","4":"has-post-thumbnail","6":"product_cat-diversos-mercearia-salgada","7":"product_cat-mercearia-salgada","8":"pa_marcas-liakada","9":"pa_pais-grecia","11":"first","12":"instock","13":"taxable","14":"shipping-taxable","15":"product-type-simple"},"_links":{"self":[{"href":"https:\/\/bricer.pt\/index.php?rest_route=\/wp\/v2\/product\/901","targetHints":{"allow":["GET"]}}],"collection":[{"href":"https:\/\/bricer.pt\/index.php?rest_route=\/wp\/v2\/product"}],"about":[{"href":"https:\/\/bricer.pt\/index.php?rest_route=\/wp\/v2\/types\/product"}],"wp:featuredmedia":[{"embeddable":true,"href":"https:\/\/bricer.pt\/index.php?rest_route=\/wp\/v2\/media\/902"}],"wp:attachment":[{"href":"https:\/\/bricer.pt\/index.php?rest_route=%2Fwp%2Fv2%2Fmedia&parent=901"}],"wp:term":[{"taxonomy":"product_brand","embeddable":true,"href":"https:\/\/bricer.pt\/index.php?rest_route=%2Fwp%2Fv2%2Fproduct_brand&post=901"},{"taxonomy":"product_cat","embeddable":true,"href":"https:\/\/bricer.pt\/index.php?rest_route=%2Fwp%2Fv2%2Fproduct_cat&post=901"},{"taxonomy":"product_tag","embeddable":true,"href":"https:\/\/bricer.pt\/index.php?rest_route=%2Fwp%2Fv2%2Fproduct_tag&post=901"}],"curies":[{"name":"wp","href":"https:\/\/api.w.org\/{rel}","templated":true}]}}