{"id":899,"date":"2023-03-06T11:10:43","date_gmt":"2023-03-06T11:10:43","guid":{"rendered":"https:\/\/bricer.pt\/produto\/liakada-malaguetas-em-pickles-hot-spicy-frasco-170g\/"},"modified":"2023-04-17T07:58:48","modified_gmt":"2023-04-17T07:58:48","slug":"liakada-malaguetas-em-pickles-hot-spicy-frasco-170g","status":"publish","type":"product","link":"https:\/\/bricer.pt\/?product=liakada-malaguetas-em-pickles-hot-spicy-frasco-170g","title":{"rendered":"Liakada Malaguetas em Pickles &#8220;Hot &#038; Spicy&#8221; Frasco 170g"},"content":{"rendered":"<p><strong>Liakada Malaguetas em Pickles &#8220;Hot &amp; Spicy&#8221; Frasco 170g.<\/strong><\/p>\n<p>&nbsp;<\/p>\n<p><strong>Ingredientes<\/strong>: Malaguetas, \u00e1gua, vinagre, sal, acidificante: \u00e1cido ac\u00e9tico;<br \/>\nconservante: METABISSULFITO de s\u00f3dio.<\/p>\n<p><strong>Alerg\u00e9neos<\/strong>: ver MAI\u00daSCULAS.<\/p>\n<p><strong>Declara\u00e7\u00e3o Nutricional p\/100g:<\/strong> Energia 94kJ\/22kcal; L\u00edpidos 0g (dos quais saturados 0g); Hidratos de Carbono 4,6g (dos quais a\u00e7\u00facares 0g); Fibra 0,5g; Prote\u00ednas 0,7g; Sal 4,1g.<\/p>\n","protected":false},"excerpt":{"rendered":"<p>Liakada Malaguetas em Pickles &#8220;Hot &amp; Spicy&#8221; Frasco 170g. &nbsp; Ingredientes: Malaguetas, \u00e1gua, vinagre, sal, acidificante: \u00e1cido ac\u00e9tico; conservante: METABISSULFITO de s\u00f3dio. Alerg\u00e9neos: ver MAI\u00daSCULAS. Declara\u00e7\u00e3o Nutricional p\/100g: Energia 94kJ\/22kcal; L\u00edpidos 0g (dos quais saturados 0g); Hidratos de Carbono 4,6g (dos quais a\u00e7\u00facares 0g); Fibra 0,5g; Prote\u00ednas 0,7g; Sal 4,1g.<\/p>\n","protected":false},"featured_media":900,"template":"","meta":[],"product_brand":[],"product_cat":[101,36],"product_tag":[],"class_list":{"0":"post-899","1":"product","2":"type-product","3":"status-publish","4":"has-post-thumbnail","6":"product_cat-diversos-mercearia-salgada","7":"product_cat-mercearia-salgada","8":"pa_marcas-liakada","9":"pa_pais-grecia","11":"first","12":"instock","13":"taxable","14":"shipping-taxable","15":"product-type-simple"},"_links":{"self":[{"href":"https:\/\/bricer.pt\/index.php?rest_route=\/wp\/v2\/product\/899","targetHints":{"allow":["GET"]}}],"collection":[{"href":"https:\/\/bricer.pt\/index.php?rest_route=\/wp\/v2\/product"}],"about":[{"href":"https:\/\/bricer.pt\/index.php?rest_route=\/wp\/v2\/types\/product"}],"wp:featuredmedia":[{"embeddable":true,"href":"https:\/\/bricer.pt\/index.php?rest_route=\/wp\/v2\/media\/900"}],"wp:attachment":[{"href":"https:\/\/bricer.pt\/index.php?rest_route=%2Fwp%2Fv2%2Fmedia&parent=899"}],"wp:term":[{"taxonomy":"product_brand","embeddable":true,"href":"https:\/\/bricer.pt\/index.php?rest_route=%2Fwp%2Fv2%2Fproduct_brand&post=899"},{"taxonomy":"product_cat","embeddable":true,"href":"https:\/\/bricer.pt\/index.php?rest_route=%2Fwp%2Fv2%2Fproduct_cat&post=899"},{"taxonomy":"product_tag","embeddable":true,"href":"https:\/\/bricer.pt\/index.php?rest_route=%2Fwp%2Fv2%2Fproduct_tag&post=899"}],"curies":[{"name":"wp","href":"https:\/\/api.w.org\/{rel}","templated":true}]}}