{"id":890,"date":"2023-03-06T11:09:41","date_gmt":"2023-03-06T11:09:41","guid":{"rendered":"https:\/\/bricer.pt\/produto\/liakada-azeitonas-kalamata-s-caroco-amadurecidas-naturalmente-emb-165g\/"},"modified":"2025-09-10T14:06:02","modified_gmt":"2025-09-10T14:06:02","slug":"liakada-azeitonas-kalamata-s-caroco-amadurecidas-naturalmente-emb-165g","status":"publish","type":"product","link":"https:\/\/bricer.pt\/?product=liakada-azeitonas-kalamata-s-caroco-amadurecidas-naturalmente-emb-165g","title":{"rendered":"Liakada Azeitonas &#8220;Kalamata&#8221; s\/ Caro\u00e7o Amadurecidas Naturalmente Emb. 165g"},"content":{"rendered":"<p><strong>Liakada Azeitonas &#8220;Kalamata&#8221; s\/Caro\u00e7o Amadurecidas Naturalmente Emb. 165g.<\/strong><\/p>\n<p>&nbsp;<\/p>\n<p><strong>Ingredientes<\/strong>: azeitonas &#8220;Kalamata&#8221;, \u00e1gua, sal marinho, vinagre de vinho, acidificante: \u00e1cido c\u00edtrico; conservantes: \u00e1cido s\u00f3rbico e \u00e1cido benzoico.<\/p>\n<p><strong>Alerg\u00e9nios<\/strong>: ver MAI\u00daSCULAS. Pode conter caro\u00e7os ou partes dos mesmos.<\/p>\n<p><strong>Declara\u00e7\u00e3o Nutricional p\/100g:<\/strong> Energia 758kJ\/183kcal; L\u00edpidos 17g (dos quais saturados 1,0g): Hidratos de Carbono 1,0g (dos quais a\u00e7\u00facares &lt;0,8g); Prote\u00ednas 1,5g. Sal 7,0g.<\/p>\n","protected":false},"excerpt":{"rendered":"<p>Liakada Azeitonas &#8220;Kalamata&#8221; s\/Caro\u00e7o Amadurecidas Naturalmente Emb. 165g. &nbsp; Ingredientes: azeitonas &#8220;Kalamata&#8221;, \u00e1gua, sal marinho, vinagre de vinho, acidificante: \u00e1cido c\u00edtrico; conservantes: \u00e1cido s\u00f3rbico e \u00e1cido benzoico. Alerg\u00e9nios: ver MAI\u00daSCULAS. Pode conter caro\u00e7os ou partes dos mesmos. Declara\u00e7\u00e3o Nutricional p\/100g: Energia 758kJ\/183kcal; L\u00edpidos 17g (dos quais saturados 1,0g): Hidratos de Carbono 1,0g (dos quais a\u00e7\u00facares [&hellip;]<\/p>\n","protected":false},"featured_media":891,"template":"","meta":[],"product_brand":[],"product_cat":[101,36],"product_tag":[],"class_list":{"0":"post-890","1":"product","2":"type-product","3":"status-publish","4":"has-post-thumbnail","6":"product_cat-diversos-mercearia-salgada","7":"product_cat-mercearia-salgada","8":"pa_marcas-liakada","9":"pa_pais-grecia","11":"first","12":"instock","13":"taxable","14":"shipping-taxable","15":"product-type-simple"},"_links":{"self":[{"href":"https:\/\/bricer.pt\/index.php?rest_route=\/wp\/v2\/product\/890","targetHints":{"allow":["GET"]}}],"collection":[{"href":"https:\/\/bricer.pt\/index.php?rest_route=\/wp\/v2\/product"}],"about":[{"href":"https:\/\/bricer.pt\/index.php?rest_route=\/wp\/v2\/types\/product"}],"wp:featuredmedia":[{"embeddable":true,"href":"https:\/\/bricer.pt\/index.php?rest_route=\/wp\/v2\/media\/891"}],"wp:attachment":[{"href":"https:\/\/bricer.pt\/index.php?rest_route=%2Fwp%2Fv2%2Fmedia&parent=890"}],"wp:term":[{"taxonomy":"product_brand","embeddable":true,"href":"https:\/\/bricer.pt\/index.php?rest_route=%2Fwp%2Fv2%2Fproduct_brand&post=890"},{"taxonomy":"product_cat","embeddable":true,"href":"https:\/\/bricer.pt\/index.php?rest_route=%2Fwp%2Fv2%2Fproduct_cat&post=890"},{"taxonomy":"product_tag","embeddable":true,"href":"https:\/\/bricer.pt\/index.php?rest_route=%2Fwp%2Fv2%2Fproduct_tag&post=890"}],"curies":[{"name":"wp","href":"https:\/\/api.w.org\/{rel}","templated":true}]}}