{"id":883,"date":"2023-03-06T11:09:41","date_gmt":"2023-03-06T11:09:41","guid":{"rendered":"https:\/\/bricer.pt\/produto\/leverno-sumo-de-lima-frasco-100ml\/"},"modified":"2023-04-17T07:58:45","modified_gmt":"2023-04-17T07:58:45","slug":"leverno-sumo-de-lima-frasco-100ml","status":"publish","type":"product","link":"https:\/\/bricer.pt\/?product=leverno-sumo-de-lima-frasco-100ml","title":{"rendered":"Leverno Sumo de Lima Frasco 100ml"},"content":{"rendered":"<p><strong>Leverno Sumo de Lima Frasco 100ml.<\/strong><\/p>\n<p>&nbsp;<\/p>\n<p><strong>Ingredientes<\/strong>: \u00c1gua, sumo de lima (15%), acidificante: \u00e1cido c\u00edtrico.<\/p>\n<p><strong>Declara\u00e7\u00e3o Nutricional p\/100ml:<\/strong> Energia 97kJ\/23kcal; L\u00edpidos 0g; Hidratos de Carbono 0,3g; Prote\u00ednas 0,1g.<\/p>\n","protected":false},"excerpt":{"rendered":"<p>Leverno Sumo de Lima Frasco 100ml. &nbsp; Ingredientes: \u00c1gua, sumo de lima (15%), acidificante: \u00e1cido c\u00edtrico. Declara\u00e7\u00e3o Nutricional p\/100ml: Energia 97kJ\/23kcal; L\u00edpidos 0g; Hidratos de Carbono 0,3g; Prote\u00ednas 0,1g.<\/p>\n","protected":false},"featured_media":0,"template":"","meta":[],"product_brand":[],"product_cat":[101,36],"product_tag":[],"class_list":{"0":"post-883","1":"product","2":"type-product","3":"status-publish","5":"product_cat-diversos-mercearia-salgada","6":"product_cat-mercearia-salgada","7":"pa_marcas-leverno","8":"pa_pais-italia","10":"first","11":"instock","12":"taxable","13":"shipping-taxable","14":"product-type-simple"},"_links":{"self":[{"href":"https:\/\/bricer.pt\/index.php?rest_route=\/wp\/v2\/product\/883","targetHints":{"allow":["GET"]}}],"collection":[{"href":"https:\/\/bricer.pt\/index.php?rest_route=\/wp\/v2\/product"}],"about":[{"href":"https:\/\/bricer.pt\/index.php?rest_route=\/wp\/v2\/types\/product"}],"wp:attachment":[{"href":"https:\/\/bricer.pt\/index.php?rest_route=%2Fwp%2Fv2%2Fmedia&parent=883"}],"wp:term":[{"taxonomy":"product_brand","embeddable":true,"href":"https:\/\/bricer.pt\/index.php?rest_route=%2Fwp%2Fv2%2Fproduct_brand&post=883"},{"taxonomy":"product_cat","embeddable":true,"href":"https:\/\/bricer.pt\/index.php?rest_route=%2Fwp%2Fv2%2Fproduct_cat&post=883"},{"taxonomy":"product_tag","embeddable":true,"href":"https:\/\/bricer.pt\/index.php?rest_route=%2Fwp%2Fv2%2Fproduct_tag&post=883"}],"curies":[{"name":"wp","href":"https:\/\/api.w.org\/{rel}","templated":true}]}}