{"id":874,"date":"2023-03-06T11:09:41","date_gmt":"2023-03-06T11:09:41","guid":{"rendered":"https:\/\/bricer.pt\/produto\/leverno-gressinos-integrais-cx-125g\/"},"modified":"2023-05-01T15:08:20","modified_gmt":"2023-05-01T15:08:20","slug":"leverno-gressinos-integrais-cx-125g","status":"publish","type":"product","link":"https:\/\/bricer.pt\/?product=leverno-gressinos-integrais-cx-125g","title":{"rendered":"Leverno Gressinos Integrais Cx. 125g"},"content":{"rendered":"<p><strong>Leverno Gressinos Integrais Cx. 125g<\/strong><\/p>\n<p>&nbsp;<\/p>\n<p><strong>Ingredientes<\/strong>: Farinha integral de TRIGO, azeite (5,5%), levedura, extracto de malte de CEVADA, sal iodado (sal, iodato de pot\u00e1ssio), GL\u00daTEN de TRIGO.<\/p>\n<p><strong>Alerg\u00e9nios<\/strong>: ver MAI\u00daSCULAS. Pode conter vest\u00edgios de s\u00e9samo, soja e leite.<\/p>\n<p><strong>Declara\u00e7\u00e3o Nutricional p\/100g:<\/strong> Energia 1656kJ\/393kcal; L\u00edpidos 7,0g (dos quais saturados 1,2g); Hidratos de Carbono 64g (dos quais a\u00e7\u00facares 1,9g); Fibra 8,5g; Prote\u00ednas 14g; Sal 2,3g.<\/p>\n","protected":false},"excerpt":{"rendered":"<p>Leverno Gressinos Integrais Cx. 125g &nbsp; Ingredientes: Farinha integral de TRIGO, azeite (5,5%), levedura, extracto de malte de CEVADA, sal iodado (sal, iodato de pot\u00e1ssio), GL\u00daTEN de TRIGO. Alerg\u00e9nios: ver MAI\u00daSCULAS. Pode conter vest\u00edgios de s\u00e9samo, soja e leite. Declara\u00e7\u00e3o Nutricional p\/100g: Energia 1656kJ\/393kcal; L\u00edpidos 7,0g (dos quais saturados 1,2g); Hidratos de Carbono 64g (dos [&hellip;]<\/p>\n","protected":false},"featured_media":875,"template":"","meta":[],"product_brand":[],"product_cat":[181,90,89],"product_tag":[],"class_list":{"0":"post-874","1":"product","2":"type-product","3":"status-publish","4":"has-post-thumbnail","6":"product_cat-diversos-mercearia-italiana","7":"product_cat-mercearia-italiana","8":"product_cat-sabores-da-europa","9":"pa_marcas-leverno","10":"pa_pais-italia","12":"first","13":"instock","14":"taxable","15":"shipping-taxable","16":"product-type-simple"},"_links":{"self":[{"href":"https:\/\/bricer.pt\/index.php?rest_route=\/wp\/v2\/product\/874","targetHints":{"allow":["GET"]}}],"collection":[{"href":"https:\/\/bricer.pt\/index.php?rest_route=\/wp\/v2\/product"}],"about":[{"href":"https:\/\/bricer.pt\/index.php?rest_route=\/wp\/v2\/types\/product"}],"wp:featuredmedia":[{"embeddable":true,"href":"https:\/\/bricer.pt\/index.php?rest_route=\/wp\/v2\/media\/875"}],"wp:attachment":[{"href":"https:\/\/bricer.pt\/index.php?rest_route=%2Fwp%2Fv2%2Fmedia&parent=874"}],"wp:term":[{"taxonomy":"product_brand","embeddable":true,"href":"https:\/\/bricer.pt\/index.php?rest_route=%2Fwp%2Fv2%2Fproduct_brand&post=874"},{"taxonomy":"product_cat","embeddable":true,"href":"https:\/\/bricer.pt\/index.php?rest_route=%2Fwp%2Fv2%2Fproduct_cat&post=874"},{"taxonomy":"product_tag","embeddable":true,"href":"https:\/\/bricer.pt\/index.php?rest_route=%2Fwp%2Fv2%2Fproduct_tag&post=874"}],"curies":[{"name":"wp","href":"https:\/\/api.w.org\/{rel}","templated":true}]}}