{"id":873,"date":"2023-03-06T11:09:41","date_gmt":"2023-03-06T11:09:41","guid":{"rendered":"https:\/\/bricer.pt\/produto\/leverno-gressinos-com-sesamo-cx-125g\/"},"modified":"2023-05-01T15:08:12","modified_gmt":"2023-05-01T15:08:12","slug":"leverno-gressinos-com-sesamo-cx-125g","status":"publish","type":"product","link":"https:\/\/bricer.pt\/?product=leverno-gressinos-com-sesamo-cx-125g","title":{"rendered":"Leverno Gressinos com S\u00e9samo Cx. 125g"},"content":{"rendered":"<p><strong>Leverno Gressinos com S\u00e9samo Cx. 125g.<\/strong><\/p>\n<p>&nbsp;<\/p>\n<p><strong>Ingredientes<\/strong>: Farinha de TRIGO, S\u00c9SAMO (9,5%), azeite (5%), extracto de malte de CEVADA, sal iodado (sal, iodato de pot\u00e1ssio), GL\u00daTEN de TRIGO, levedura, farinha de TRIGO maltado, aromas naturais. Pode conter vest\u00edgios de leite e soja.<\/p>\n<p><strong>Alerg\u00e9nios<\/strong>: ver MAI\u00daSCULAS. Pode conter vest\u00edgios de leite e soja.<\/p>\n<p><strong>Declara\u00e7\u00e3o Nutricional p\/100g:<\/strong> Energia 1787kJ\/424kcal; L\u00edpidos 11g (dos quais saturados 1,9g); Hidratos de Carbono 66g (dos quais a\u00e7\u00facares 2,9g); Fibra 3,1g; Prote\u00ednas 14g; Sal 1,7g.<\/p>\n<p>&nbsp;<\/p>\n<p>&nbsp;<\/p>\n","protected":false},"excerpt":{"rendered":"<p>Leverno Gressinos com S\u00e9samo Cx. 125g. &nbsp; Ingredientes: Farinha de TRIGO, S\u00c9SAMO (9,5%), azeite (5%), extracto de malte de CEVADA, sal iodado (sal, iodato de pot\u00e1ssio), GL\u00daTEN de TRIGO, levedura, farinha de TRIGO maltado, aromas naturais. Pode conter vest\u00edgios de leite e soja. Alerg\u00e9nios: ver MAI\u00daSCULAS. Pode conter vest\u00edgios de leite e soja. Declara\u00e7\u00e3o Nutricional [&hellip;]<\/p>\n","protected":false},"featured_media":0,"template":"","meta":[],"product_brand":[],"product_cat":[181,90,89],"product_tag":[],"class_list":{"0":"post-873","1":"product","2":"type-product","3":"status-publish","5":"product_cat-diversos-mercearia-italiana","6":"product_cat-mercearia-italiana","7":"product_cat-sabores-da-europa","8":"pa_marcas-leverno","9":"pa_pais-italia","11":"first","12":"instock","13":"taxable","14":"shipping-taxable","15":"product-type-simple"},"_links":{"self":[{"href":"https:\/\/bricer.pt\/index.php?rest_route=\/wp\/v2\/product\/873","targetHints":{"allow":["GET"]}}],"collection":[{"href":"https:\/\/bricer.pt\/index.php?rest_route=\/wp\/v2\/product"}],"about":[{"href":"https:\/\/bricer.pt\/index.php?rest_route=\/wp\/v2\/types\/product"}],"wp:attachment":[{"href":"https:\/\/bricer.pt\/index.php?rest_route=%2Fwp%2Fv2%2Fmedia&parent=873"}],"wp:term":[{"taxonomy":"product_brand","embeddable":true,"href":"https:\/\/bricer.pt\/index.php?rest_route=%2Fwp%2Fv2%2Fproduct_brand&post=873"},{"taxonomy":"product_cat","embeddable":true,"href":"https:\/\/bricer.pt\/index.php?rest_route=%2Fwp%2Fv2%2Fproduct_cat&post=873"},{"taxonomy":"product_tag","embeddable":true,"href":"https:\/\/bricer.pt\/index.php?rest_route=%2Fwp%2Fv2%2Fproduct_tag&post=873"}],"curies":[{"name":"wp","href":"https:\/\/api.w.org\/{rel}","templated":true}]}}