{"id":868,"date":"2023-03-06T11:09:41","date_gmt":"2023-03-06T11:09:41","guid":{"rendered":"https:\/\/bricer.pt\/produto\/leverno-creme-de-condimento-bianco-frasco-180g-150ml\/"},"modified":"2023-04-17T07:58:44","modified_gmt":"2023-04-17T07:58:44","slug":"leverno-creme-de-condimento-bianco-frasco-180g-150ml","status":"publish","type":"product","link":"https:\/\/bricer.pt\/?product=leverno-creme-de-condimento-bianco-frasco-180g-150ml","title":{"rendered":"Leverno Creme de &#8220;Condimento Bianco&#8221; Frasco 180g\/150ml"},"content":{"rendered":"<p><strong>Leverno Creme de &#8220;Condimento Bianco&#8221; Frasco 180g\/150ml.<\/strong><\/p>\n<p>&nbsp;<\/p>\n<p><strong>Ingredientes<\/strong>: Mosto de uva (66%), vinagre de vinho branco (33%), antioxidante: metabisSULFITO de pot\u00e1ssio, espessante: goma guar, goma xantana.<\/p>\n<p><strong>Alerg\u00e9nios<\/strong>: Ver MAI\u00daSCULAS<\/p>\n<p><strong>Declara\u00e7\u00e3o Nutricional p\/100g:<\/strong> Energia 812kJ\/191kcal; L\u00edpidos 0g (dos quais saturados 0g); Hidratos de Carbono 44g (dos quais a\u00e7\u00facares 40g); Prote\u00ednas 0,8g; Sal 0g.<\/p>\n","protected":false},"excerpt":{"rendered":"<p>Leverno Creme de &#8220;Condimento Bianco&#8221; Frasco 180g\/150ml. &nbsp; Ingredientes: Mosto de uva (66%), vinagre de vinho branco (33%), antioxidante: metabisSULFITO de pot\u00e1ssio, espessante: goma guar, goma xantana. Alerg\u00e9nios: Ver MAI\u00daSCULAS Declara\u00e7\u00e3o Nutricional p\/100g: Energia 812kJ\/191kcal; L\u00edpidos 0g (dos quais saturados 0g); Hidratos de Carbono 44g (dos quais a\u00e7\u00facares 40g); Prote\u00ednas 0,8g; Sal 0g.<\/p>\n","protected":false},"featured_media":869,"template":"","meta":[],"product_brand":[],"product_cat":[101,36],"product_tag":[],"class_list":{"0":"post-868","1":"product","2":"type-product","3":"status-publish","4":"has-post-thumbnail","6":"product_cat-diversos-mercearia-salgada","7":"product_cat-mercearia-salgada","8":"pa_marcas-leverno","9":"pa_pais-italia","11":"first","12":"instock","13":"taxable","14":"shipping-taxable","15":"product-type-simple"},"_links":{"self":[{"href":"https:\/\/bricer.pt\/index.php?rest_route=\/wp\/v2\/product\/868","targetHints":{"allow":["GET"]}}],"collection":[{"href":"https:\/\/bricer.pt\/index.php?rest_route=\/wp\/v2\/product"}],"about":[{"href":"https:\/\/bricer.pt\/index.php?rest_route=\/wp\/v2\/types\/product"}],"wp:featuredmedia":[{"embeddable":true,"href":"https:\/\/bricer.pt\/index.php?rest_route=\/wp\/v2\/media\/869"}],"wp:attachment":[{"href":"https:\/\/bricer.pt\/index.php?rest_route=%2Fwp%2Fv2%2Fmedia&parent=868"}],"wp:term":[{"taxonomy":"product_brand","embeddable":true,"href":"https:\/\/bricer.pt\/index.php?rest_route=%2Fwp%2Fv2%2Fproduct_brand&post=868"},{"taxonomy":"product_cat","embeddable":true,"href":"https:\/\/bricer.pt\/index.php?rest_route=%2Fwp%2Fv2%2Fproduct_cat&post=868"},{"taxonomy":"product_tag","embeddable":true,"href":"https:\/\/bricer.pt\/index.php?rest_route=%2Fwp%2Fv2%2Fproduct_tag&post=868"}],"curies":[{"name":"wp","href":"https:\/\/api.w.org\/{rel}","templated":true}]}}