{"id":865,"date":"2023-03-06T11:08:07","date_gmt":"2023-03-06T11:08:07","guid":{"rendered":"https:\/\/bricer.pt\/produto\/leverno-arroz-para-risotto-cx-250g\/"},"modified":"2023-04-17T07:58:43","modified_gmt":"2023-04-17T07:58:43","slug":"leverno-arroz-para-risotto-cx-250g","status":"publish","type":"product","link":"https:\/\/bricer.pt\/?product=leverno-arroz-para-risotto-cx-250g","title":{"rendered":"Leverno Arroz para &#8220;Risotto&#8221; Cx. 250g"},"content":{"rendered":"<p><strong>Leverno Arroz para &#8220;Risotto&#8221; Cx. 250g.<\/strong><\/p>\n<p>&nbsp;<\/p>\n<p><strong>Ingredientes<\/strong>: Arroz para &#8220;risotto&#8221;.<\/p>\n<p><strong>Declara\u00e7\u00e3o Nutricional p\/100g:<\/strong> Energia 1509kJ\/356kcal; L\u00edpidos 1,0g (dos quais saturados 0,3g); Hidratos de Carbono 79g (dos quais a\u00e7\u00facares 0,2g); Prote\u00ednas 6,5g; Sal 0,03g.<\/p>\n","protected":false},"excerpt":{"rendered":"<p>Leverno Arroz para &#8220;Risotto&#8221; Cx. 250g. &nbsp; Ingredientes: Arroz para &#8220;risotto&#8221;. Declara\u00e7\u00e3o Nutricional p\/100g: Energia 1509kJ\/356kcal; L\u00edpidos 1,0g (dos quais saturados 0,3g); Hidratos de Carbono 79g (dos quais a\u00e7\u00facares 0,2g); Prote\u00ednas 6,5g; Sal 0,03g.<\/p>\n","protected":false},"featured_media":866,"template":"","meta":[],"product_brand":[],"product_cat":[186,90,89],"product_tag":[],"class_list":{"0":"post-865","1":"product","2":"type-product","3":"status-publish","4":"has-post-thumbnail","6":"product_cat-arroz-e-risotto-mercearia-italiana","7":"product_cat-mercearia-italiana","8":"product_cat-sabores-da-europa","9":"pa_marcas-leverno","10":"pa_pais-italia","12":"first","13":"instock","14":"taxable","15":"shipping-taxable","16":"product-type-simple"},"_links":{"self":[{"href":"https:\/\/bricer.pt\/index.php?rest_route=\/wp\/v2\/product\/865","targetHints":{"allow":["GET"]}}],"collection":[{"href":"https:\/\/bricer.pt\/index.php?rest_route=\/wp\/v2\/product"}],"about":[{"href":"https:\/\/bricer.pt\/index.php?rest_route=\/wp\/v2\/types\/product"}],"wp:featuredmedia":[{"embeddable":true,"href":"https:\/\/bricer.pt\/index.php?rest_route=\/wp\/v2\/media\/866"}],"wp:attachment":[{"href":"https:\/\/bricer.pt\/index.php?rest_route=%2Fwp%2Fv2%2Fmedia&parent=865"}],"wp:term":[{"taxonomy":"product_brand","embeddable":true,"href":"https:\/\/bricer.pt\/index.php?rest_route=%2Fwp%2Fv2%2Fproduct_brand&post=865"},{"taxonomy":"product_cat","embeddable":true,"href":"https:\/\/bricer.pt\/index.php?rest_route=%2Fwp%2Fv2%2Fproduct_cat&post=865"},{"taxonomy":"product_tag","embeddable":true,"href":"https:\/\/bricer.pt\/index.php?rest_route=%2Fwp%2Fv2%2Fproduct_tag&post=865"}],"curies":[{"name":"wp","href":"https:\/\/api.w.org\/{rel}","templated":true}]}}