{"id":863,"date":"2023-03-06T11:08:07","date_gmt":"2023-03-06T11:08:07","guid":{"rendered":"https:\/\/bricer.pt\/produto\/leverno-bruschetta-pomodori-forte-frasco-180g\/"},"modified":"2023-04-17T07:58:43","modified_gmt":"2023-04-17T07:58:43","slug":"leverno-bruschetta-pomodori-forte-frasco-180g","status":"publish","type":"product","link":"https:\/\/bricer.pt\/?product=leverno-bruschetta-pomodori-forte-frasco-180g","title":{"rendered":"Leverno &#8220;Bruschetta Pomodori&#8221; Forte Frasco 180g"},"content":{"rendered":"<p><strong>Leverno &#8220;Bruschetta Pomodori&#8221; Forte Frasco 180g.<\/strong><\/p>\n<p>&nbsp;<\/p>\n<p><strong>Ingredientes<\/strong>: Polpa de tomate (82%), cebolas, azeite extra-virgem (4%), sal, pimenta em p\u00f3, especiarias.<\/p>\n<p><strong>Declara\u00e7\u00e3o Nutricional p\/100g:<\/strong> Energia 253kJ\/61kcal; L\u00edpidos 4,5g (dos quais saturados 0,6g); Hidratos de Carbono 3,8g (dos quais a\u00e7\u00facares 3,0g); Prote\u00ednas 1,2g; Sal 1,5g.<\/p>\n","protected":false},"excerpt":{"rendered":"<p>Leverno &#8220;Bruschetta Pomodori&#8221; Forte Frasco 180g. &nbsp; Ingredientes: Polpa de tomate (82%), cebolas, azeite extra-virgem (4%), sal, pimenta em p\u00f3, especiarias. Declara\u00e7\u00e3o Nutricional p\/100g: Energia 253kJ\/61kcal; L\u00edpidos 4,5g (dos quais saturados 0,6g); Hidratos de Carbono 3,8g (dos quais a\u00e7\u00facares 3,0g); Prote\u00ednas 1,2g; Sal 1,5g.<\/p>\n","protected":false},"featured_media":864,"template":"","meta":[],"product_brand":[],"product_cat":[181,90,89],"product_tag":[],"class_list":{"0":"post-863","1":"product","2":"type-product","3":"status-publish","4":"has-post-thumbnail","6":"product_cat-diversos-mercearia-italiana","7":"product_cat-mercearia-italiana","8":"product_cat-sabores-da-europa","9":"pa_marcas-leverno","10":"pa_pais-italia","12":"first","13":"instock","14":"taxable","15":"shipping-taxable","16":"product-type-simple"},"_links":{"self":[{"href":"https:\/\/bricer.pt\/index.php?rest_route=\/wp\/v2\/product\/863","targetHints":{"allow":["GET"]}}],"collection":[{"href":"https:\/\/bricer.pt\/index.php?rest_route=\/wp\/v2\/product"}],"about":[{"href":"https:\/\/bricer.pt\/index.php?rest_route=\/wp\/v2\/types\/product"}],"wp:featuredmedia":[{"embeddable":true,"href":"https:\/\/bricer.pt\/index.php?rest_route=\/wp\/v2\/media\/864"}],"wp:attachment":[{"href":"https:\/\/bricer.pt\/index.php?rest_route=%2Fwp%2Fv2%2Fmedia&parent=863"}],"wp:term":[{"taxonomy":"product_brand","embeddable":true,"href":"https:\/\/bricer.pt\/index.php?rest_route=%2Fwp%2Fv2%2Fproduct_brand&post=863"},{"taxonomy":"product_cat","embeddable":true,"href":"https:\/\/bricer.pt\/index.php?rest_route=%2Fwp%2Fv2%2Fproduct_cat&post=863"},{"taxonomy":"product_tag","embeddable":true,"href":"https:\/\/bricer.pt\/index.php?rest_route=%2Fwp%2Fv2%2Fproduct_tag&post=863"}],"curies":[{"name":"wp","href":"https:\/\/api.w.org\/{rel}","templated":true}]}}