{"id":862,"date":"2023-03-06T11:08:07","date_gmt":"2023-03-06T11:08:07","guid":{"rendered":"https:\/\/bricer.pt\/produto\/leverno-bruschetta-peperoni-suave-frasco-180g\/"},"modified":"2023-04-17T07:58:43","modified_gmt":"2023-04-17T07:58:43","slug":"leverno-bruschetta-peperoni-suave-frasco-180g","status":"publish","type":"product","link":"https:\/\/bricer.pt\/?product=leverno-bruschetta-peperoni-suave-frasco-180g","title":{"rendered":"Leverno &#8220;Bruschetta Peperoni&#8221; Suave Frasco 180g"},"content":{"rendered":"<p><strong>Leverno &#8220;Bruschetta Peperoni&#8221; Suave Frasco 180g.<\/strong><\/p>\n<p>&nbsp;<\/p>\n<p><strong>Ingredientes:<\/strong> Polpa de tomate (64%), pimentos (20%), cebola, \u00f3leo de girassol, sal, or\u00e9g\u00e3os, especiarias.<\/p>\n<p><strong>Declara\u00e7\u00e3o Nutricional p\/100g:<\/strong> Energia 256kJ\/61kcal; L\u00edpidos 4,4g (dos quais saturados 0,5g); Hidratos de Carbono 4,3g (dos quais a\u00e7ucares 3,2g); Prote\u00ednas 1,1g; Sal 1,5g.<\/p>\n","protected":false},"excerpt":{"rendered":"<p>Leverno &#8220;Bruschetta Peperoni&#8221; Suave Frasco 180g. &nbsp; Ingredientes: Polpa de tomate (64%), pimentos (20%), cebola, \u00f3leo de girassol, sal, or\u00e9g\u00e3os, especiarias. Declara\u00e7\u00e3o Nutricional p\/100g: Energia 256kJ\/61kcal; L\u00edpidos 4,4g (dos quais saturados 0,5g); Hidratos de Carbono 4,3g (dos quais a\u00e7ucares 3,2g); Prote\u00ednas 1,1g; Sal 1,5g.<\/p>\n","protected":false},"featured_media":0,"template":"","meta":[],"product_brand":[],"product_cat":[184,183,185],"product_tag":[],"class_list":{"0":"post-862","1":"product","2":"type-product","3":"status-publish","5":"product_cat-mercearia-italiana-merceariasabores-da-europa","6":"product_cat-merceariasabores-da-europa","7":"product_cat-temperos","8":"pa_marcas-leverno","9":"pa_pais-italia","11":"first","12":"instock","13":"taxable","14":"shipping-taxable","15":"product-type-simple"},"_links":{"self":[{"href":"https:\/\/bricer.pt\/index.php?rest_route=\/wp\/v2\/product\/862","targetHints":{"allow":["GET"]}}],"collection":[{"href":"https:\/\/bricer.pt\/index.php?rest_route=\/wp\/v2\/product"}],"about":[{"href":"https:\/\/bricer.pt\/index.php?rest_route=\/wp\/v2\/types\/product"}],"wp:attachment":[{"href":"https:\/\/bricer.pt\/index.php?rest_route=%2Fwp%2Fv2%2Fmedia&parent=862"}],"wp:term":[{"taxonomy":"product_brand","embeddable":true,"href":"https:\/\/bricer.pt\/index.php?rest_route=%2Fwp%2Fv2%2Fproduct_brand&post=862"},{"taxonomy":"product_cat","embeddable":true,"href":"https:\/\/bricer.pt\/index.php?rest_route=%2Fwp%2Fv2%2Fproduct_cat&post=862"},{"taxonomy":"product_tag","embeddable":true,"href":"https:\/\/bricer.pt\/index.php?rest_route=%2Fwp%2Fv2%2Fproduct_tag&post=862"}],"curies":[{"name":"wp","href":"https:\/\/api.w.org\/{rel}","templated":true}]}}