{"id":860,"date":"2023-03-06T11:08:07","date_gmt":"2023-03-06T11:08:07","guid":{"rendered":"https:\/\/bricer.pt\/produto\/leverno-bruschetta-olive-suave-frasco-180g\/"},"modified":"2023-04-17T07:58:43","modified_gmt":"2023-04-17T07:58:43","slug":"leverno-bruschetta-olive-suave-frasco-180g","status":"publish","type":"product","link":"https:\/\/bricer.pt\/?product=leverno-bruschetta-olive-suave-frasco-180g","title":{"rendered":"Leverno &#8220;Bruschetta Olive&#8221; Suave Frasco 180g"},"content":{"rendered":"<p><strong>Leverno &#8220;Bruschetta Olive&#8221; Suave Frasco 180g.<\/strong><\/p>\n<p>&nbsp;<\/p>\n<p><strong>Ingredientes<\/strong>: Polpa de tomate (64%), azeitonas (20%), cebola, \u00f3leo vegetal, sal,<br \/>\nor\u00e9g\u00e3os, especiarias.<\/p>\n<p><strong>Declara\u00e7\u00e3o Nutricional p\/100g:<\/strong> Energia 362kJ\/86kcal; L\u00edpidos 7,2g (dos quais saturados 0,9g); Hidratos de Carbono 4,3g (dos quais a\u00e7\u00facares 2,3g); Prote\u00ednas 1,1g; Sal 2,0g.<\/p>\n","protected":false},"excerpt":{"rendered":"<p>Leverno &#8220;Bruschetta Olive&#8221; Suave Frasco 180g. &nbsp; Ingredientes: Polpa de tomate (64%), azeitonas (20%), cebola, \u00f3leo vegetal, sal, or\u00e9g\u00e3os, especiarias. Declara\u00e7\u00e3o Nutricional p\/100g: Energia 362kJ\/86kcal; L\u00edpidos 7,2g (dos quais saturados 0,9g); Hidratos de Carbono 4,3g (dos quais a\u00e7\u00facares 2,3g); Prote\u00ednas 1,1g; Sal 2,0g.<\/p>\n","protected":false},"featured_media":861,"template":"","meta":[],"product_brand":[],"product_cat":[93,90,182,89],"product_tag":[],"class_list":{"0":"post-860","1":"product","2":"type-product","3":"status-publish","4":"has-post-thumbnail","6":"product_cat-diversosmercearia-salgada","7":"product_cat-mercearia-italiana","8":"product_cat-molhos-diversosmercearia-salgada","9":"product_cat-sabores-da-europa","10":"pa_marcas-leverno","11":"pa_pais-italia","13":"first","14":"instock","15":"taxable","16":"shipping-taxable","17":"product-type-simple"},"_links":{"self":[{"href":"https:\/\/bricer.pt\/index.php?rest_route=\/wp\/v2\/product\/860","targetHints":{"allow":["GET"]}}],"collection":[{"href":"https:\/\/bricer.pt\/index.php?rest_route=\/wp\/v2\/product"}],"about":[{"href":"https:\/\/bricer.pt\/index.php?rest_route=\/wp\/v2\/types\/product"}],"wp:featuredmedia":[{"embeddable":true,"href":"https:\/\/bricer.pt\/index.php?rest_route=\/wp\/v2\/media\/861"}],"wp:attachment":[{"href":"https:\/\/bricer.pt\/index.php?rest_route=%2Fwp%2Fv2%2Fmedia&parent=860"}],"wp:term":[{"taxonomy":"product_brand","embeddable":true,"href":"https:\/\/bricer.pt\/index.php?rest_route=%2Fwp%2Fv2%2Fproduct_brand&post=860"},{"taxonomy":"product_cat","embeddable":true,"href":"https:\/\/bricer.pt\/index.php?rest_route=%2Fwp%2Fv2%2Fproduct_cat&post=860"},{"taxonomy":"product_tag","embeddable":true,"href":"https:\/\/bricer.pt\/index.php?rest_route=%2Fwp%2Fv2%2Fproduct_tag&post=860"}],"curies":[{"name":"wp","href":"https:\/\/api.w.org\/{rel}","templated":true}]}}