{"id":858,"date":"2023-03-06T11:08:07","date_gmt":"2023-03-06T11:08:07","guid":{"rendered":"https:\/\/bricer.pt\/produto\/leverno-amarettini-bolinhos-c-sabor-a-amaretto-saqueta-250g\/"},"modified":"2023-04-17T07:58:43","modified_gmt":"2023-04-17T07:58:43","slug":"leverno-amarettini-bolinhos-c-sabor-a-amaretto-saqueta-250g","status":"publish","type":"product","link":"https:\/\/bricer.pt\/?product=leverno-amarettini-bolinhos-c-sabor-a-amaretto-saqueta-250g","title":{"rendered":"Leverno &#8220;Amarettini&#8221; Bolinhos c\/ Sabor a &#8220;Amaretto&#8221; Saqueta 250g"},"content":{"rendered":"<p><strong>Leverno &#8220;Amarettini&#8221; Bolinhos c\/ Sabor a &#8220;Amaretto&#8221; Saqueta 250g.<\/strong><\/p>\n<p>&nbsp;<\/p>\n<p><strong>Ingredientes<\/strong>: a\u00e7\u00facar, sementes de damasco (15%), farinha de TRIGO, clara de OVO, agente levedante: bicarbonato de s\u00f3dio; aroma.<\/p>\n<p><strong>Alerg\u00e9nios<\/strong>: ver MAI\u00daSCULAS. Pode conter vest\u00edgios de NOZES, AMENDOIM, LEITE e SOJA.<\/p>\n<p><strong>Declara\u00e7\u00e3o Nutricional p\/100g:<\/strong> Energia 1878kJ\/445kcal; L\u00edpidos 11,0g (dos<br \/>\nquais saturados 1,0g); Hidratos de Carbono 78g (dos quais a\u00e7\u00facares 65g);<br \/>\nFibra 3,0g; Prote\u00ednas 7,1g; Sal 0,10g.<\/p>\n","protected":false},"excerpt":{"rendered":"<p>Leverno &#8220;Amarettini&#8221; Bolinhos c\/ Sabor a &#8220;Amaretto&#8221; Saqueta 250g. &nbsp; Ingredientes: a\u00e7\u00facar, sementes de damasco (15%), farinha de TRIGO, clara de OVO, agente levedante: bicarbonato de s\u00f3dio; aroma. Alerg\u00e9nios: ver MAI\u00daSCULAS. Pode conter vest\u00edgios de NOZES, AMENDOIM, LEITE e SOJA. Declara\u00e7\u00e3o Nutricional p\/100g: Energia 1878kJ\/445kcal; L\u00edpidos 11,0g (dos quais saturados 1,0g); Hidratos de Carbono 78g [&hellip;]<\/p>\n","protected":false},"featured_media":859,"template":"","meta":[],"product_brand":[],"product_cat":[181,90,89],"product_tag":[],"class_list":{"0":"post-858","1":"product","2":"type-product","3":"status-publish","4":"has-post-thumbnail","6":"product_cat-diversos-mercearia-italiana","7":"product_cat-mercearia-italiana","8":"product_cat-sabores-da-europa","9":"pa_marcas-leverno","10":"pa_pais-italia","12":"first","13":"instock","14":"taxable","15":"shipping-taxable","16":"product-type-simple"},"_links":{"self":[{"href":"https:\/\/bricer.pt\/index.php?rest_route=\/wp\/v2\/product\/858","targetHints":{"allow":["GET"]}}],"collection":[{"href":"https:\/\/bricer.pt\/index.php?rest_route=\/wp\/v2\/product"}],"about":[{"href":"https:\/\/bricer.pt\/index.php?rest_route=\/wp\/v2\/types\/product"}],"wp:featuredmedia":[{"embeddable":true,"href":"https:\/\/bricer.pt\/index.php?rest_route=\/wp\/v2\/media\/859"}],"wp:attachment":[{"href":"https:\/\/bricer.pt\/index.php?rest_route=%2Fwp%2Fv2%2Fmedia&parent=858"}],"wp:term":[{"taxonomy":"product_brand","embeddable":true,"href":"https:\/\/bricer.pt\/index.php?rest_route=%2Fwp%2Fv2%2Fproduct_brand&post=858"},{"taxonomy":"product_cat","embeddable":true,"href":"https:\/\/bricer.pt\/index.php?rest_route=%2Fwp%2Fv2%2Fproduct_cat&post=858"},{"taxonomy":"product_tag","embeddable":true,"href":"https:\/\/bricer.pt\/index.php?rest_route=%2Fwp%2Fv2%2Fproduct_tag&post=858"}],"curies":[{"name":"wp","href":"https:\/\/api.w.org\/{rel}","templated":true}]}}