{"id":855,"date":"2023-03-06T11:08:07","date_gmt":"2023-03-06T11:08:07","guid":{"rendered":"https:\/\/bricer.pt\/produto\/le-guerandais-sal-marinho-moido-rotulo-vermelho-cx-250g\/"},"modified":"2023-04-17T07:58:42","modified_gmt":"2023-04-17T07:58:42","slug":"le-guerandais-sal-marinho-moido-rotulo-vermelho-cx-250g","status":"publish","type":"product","link":"https:\/\/bricer.pt\/?product=le-guerandais-sal-marinho-moido-rotulo-vermelho-cx-250g","title":{"rendered":"Le Gu\u00e9randais Sal Marinho Mo\u00eddo R\u00f3tulo Vermelho Cx. 250g"},"content":{"rendered":"<p><strong>Le Gu\u00e9randais Sal Marinho Mo\u00eddo R\u00f3tulo Vermelho<\/strong> Cx. 250g.<\/p>\n<p>&nbsp;<\/p>\n<p><strong>Ingredientes<\/strong>: 100% Sal marinho da costa do Atl\u00e2ntico. Recolhido \u00e0 m\u00e3o. Rico em<br \/>\nmagn\u00e9sio. Sem aditivos.<\/p>\n<p><strong>Declara\u00e7\u00e3o Nutricional p\/100g:<\/strong> Energia 0kJ\/0kcal; L\u00edpidos 0g; Hidratos de Carbono 0g; Prote\u00ednas 0g. Vitaminas e Sais Minerais em mg\/100g: Pot\u00e1ssio 200+\/-30; C\u00e1lcio 200+\/-100; Magn\u00e9sio 800+\/-300; Ferro 10+\/-5; Zinco 0,30+\/-0,20; Cobre &lt;0,20; Mangan\u00eas 0,60+\/-0,20; S\u00f3dio 34000+\/-3000.<\/p>\n","protected":false},"excerpt":{"rendered":"<p>Le Gu\u00e9randais Sal Marinho Mo\u00eddo R\u00f3tulo Vermelho Cx. 250g. &nbsp; Ingredientes: 100% Sal marinho da costa do Atl\u00e2ntico. Recolhido \u00e0 m\u00e3o. Rico em magn\u00e9sio. Sem aditivos. Declara\u00e7\u00e3o Nutricional p\/100g: Energia 0kJ\/0kcal; L\u00edpidos 0g; Hidratos de Carbono 0g; Prote\u00ednas 0g. Vitaminas e Sais Minerais em mg\/100g: Pot\u00e1ssio 200+\/-30; C\u00e1lcio 200+\/-100; Magn\u00e9sio 800+\/-300; Ferro 10+\/-5; Zinco 0,30+\/-0,20; [&hellip;]<\/p>\n","protected":false},"featured_media":0,"template":"","meta":[],"product_brand":[],"product_cat":[154,179],"product_tag":[],"class_list":{"0":"post-855","1":"product","2":"type-product","3":"status-publish","5":"product_cat-merceariaprodutos-premium","6":"product_cat-sal-merceariaprodutos-premium","7":"pa_marcas-le-guerandais","8":"pa_pais-franca","10":"first","11":"instock","12":"taxable","13":"shipping-taxable","14":"product-type-simple"},"_links":{"self":[{"href":"https:\/\/bricer.pt\/index.php?rest_route=\/wp\/v2\/product\/855","targetHints":{"allow":["GET"]}}],"collection":[{"href":"https:\/\/bricer.pt\/index.php?rest_route=\/wp\/v2\/product"}],"about":[{"href":"https:\/\/bricer.pt\/index.php?rest_route=\/wp\/v2\/types\/product"}],"wp:attachment":[{"href":"https:\/\/bricer.pt\/index.php?rest_route=%2Fwp%2Fv2%2Fmedia&parent=855"}],"wp:term":[{"taxonomy":"product_brand","embeddable":true,"href":"https:\/\/bricer.pt\/index.php?rest_route=%2Fwp%2Fv2%2Fproduct_brand&post=855"},{"taxonomy":"product_cat","embeddable":true,"href":"https:\/\/bricer.pt\/index.php?rest_route=%2Fwp%2Fv2%2Fproduct_cat&post=855"},{"taxonomy":"product_tag","embeddable":true,"href":"https:\/\/bricer.pt\/index.php?rest_route=%2Fwp%2Fv2%2Fproduct_tag&post=855"}],"curies":[{"name":"wp","href":"https:\/\/api.w.org\/{rel}","templated":true}]}}