{"id":851,"date":"2023-03-06T11:08:07","date_gmt":"2023-03-06T11:08:07","guid":{"rendered":"https:\/\/bricer.pt\/produto\/le-guerandais-sal-marinho-grosso-rotulo-vermelho-cx-500g\/"},"modified":"2023-04-17T07:58:42","modified_gmt":"2023-04-17T07:58:42","slug":"le-guerandais-sal-marinho-grosso-rotulo-vermelho-cx-500g","status":"publish","type":"product","link":"https:\/\/bricer.pt\/?product=le-guerandais-sal-marinho-grosso-rotulo-vermelho-cx-500g","title":{"rendered":"Le Gu\u00e9randais Sal Marinho Grosso R\u00f3tulo Vermelho Cx. 500g"},"content":{"rendered":"<p><strong>Le Gu\u00e9randais Sal Marinho Grosso R\u00f3tulo Vermelho<\/strong> Cx. 500g.<\/p>\n<p>&nbsp;<\/p>\n<p><strong>Ingredientes:<\/strong> 100% Sal marinho da costa do Atl\u00e2ntico. Recolhido \u00e0 m\u00e3o. Sem aditivos.<\/p>\n<p><strong>Declara\u00e7\u00e3o Nutricional p\/100g:<\/strong> Energia 0kJ\/0kcal; L\u00edpidos 0g; Hidratos de Carbono 0g; Prote\u00ednas 0g. Vitaminas e Sais Minerais em mg\/100g: Pot\u00e1ssio 200+\/-30mg; C\u00e1lcio 200+\/-100mg; Magn\u00e9sio 800+\/-300mg; Ferro 10+\/-5mg; Zinco 0,30+\/-0,20mg; Cobre &lt;0,20mg; Mangan\u00eas 0,60+\/ -0,20mg; S\u00f3dio 34000+\/-3000mg.<\/p>\n","protected":false},"excerpt":{"rendered":"<p>Le Gu\u00e9randais Sal Marinho Grosso R\u00f3tulo Vermelho Cx. 500g. &nbsp; Ingredientes: 100% Sal marinho da costa do Atl\u00e2ntico. Recolhido \u00e0 m\u00e3o. Sem aditivos. Declara\u00e7\u00e3o Nutricional p\/100g: Energia 0kJ\/0kcal; L\u00edpidos 0g; Hidratos de Carbono 0g; Prote\u00ednas 0g. Vitaminas e Sais Minerais em mg\/100g: Pot\u00e1ssio 200+\/-30mg; C\u00e1lcio 200+\/-100mg; Magn\u00e9sio 800+\/-300mg; Ferro 10+\/-5mg; Zinco 0,30+\/-0,20mg; Cobre &lt;0,20mg; Mangan\u00eas [&hellip;]<\/p>\n","protected":false},"featured_media":852,"template":"","meta":[],"product_brand":[],"product_cat":[145,178],"product_tag":[],"class_list":{"0":"post-851","1":"product","2":"type-product","3":"status-publish","4":"has-post-thumbnail","6":"product_cat-produtos-premium","7":"product_cat-sal","8":"pa_marcas-le-guerandais","9":"pa_pais-franca","11":"first","12":"instock","13":"taxable","14":"shipping-taxable","15":"product-type-simple"},"_links":{"self":[{"href":"https:\/\/bricer.pt\/index.php?rest_route=\/wp\/v2\/product\/851","targetHints":{"allow":["GET"]}}],"collection":[{"href":"https:\/\/bricer.pt\/index.php?rest_route=\/wp\/v2\/product"}],"about":[{"href":"https:\/\/bricer.pt\/index.php?rest_route=\/wp\/v2\/types\/product"}],"wp:featuredmedia":[{"embeddable":true,"href":"https:\/\/bricer.pt\/index.php?rest_route=\/wp\/v2\/media\/852"}],"wp:attachment":[{"href":"https:\/\/bricer.pt\/index.php?rest_route=%2Fwp%2Fv2%2Fmedia&parent=851"}],"wp:term":[{"taxonomy":"product_brand","embeddable":true,"href":"https:\/\/bricer.pt\/index.php?rest_route=%2Fwp%2Fv2%2Fproduct_brand&post=851"},{"taxonomy":"product_cat","embeddable":true,"href":"https:\/\/bricer.pt\/index.php?rest_route=%2Fwp%2Fv2%2Fproduct_cat&post=851"},{"taxonomy":"product_tag","embeddable":true,"href":"https:\/\/bricer.pt\/index.php?rest_route=%2Fwp%2Fv2%2Fproduct_tag&post=851"}],"curies":[{"name":"wp","href":"https:\/\/api.w.org\/{rel}","templated":true}]}}