{"id":846,"date":"2023-03-06T11:08:07","date_gmt":"2023-03-06T11:08:07","guid":{"rendered":"https:\/\/bricer.pt\/produto\/kuhne-cebola-frita-crocante-emb-100g\/"},"modified":"2026-02-12T12:47:24","modified_gmt":"2026-02-12T12:47:24","slug":"kuhne-cebola-frita-crocante-emb-100g","status":"publish","type":"product","link":"https:\/\/bricer.pt\/?product=kuhne-cebola-frita-crocante-emb-100g","title":{"rendered":"K\u00fchne Cebola Frita Crocante Emb. 100g"},"content":{"rendered":"<p><strong>K\u00fchne Cebola Frita Crocante Emb. 100g.<\/strong><\/p>\n<p>&nbsp;<\/p>\n<p><strong>Ingredientes<\/strong>: Cebolas, \u00f3leo de palma*, farinha de TRIGO, sal. *Certifica\u00e7\u00e3o RSPO.<\/p>\n<p><strong>Alerg\u00e9nios<\/strong>: ver MAI\u00daSCULAS.<\/p>\n<p><strong>Declara\u00e7\u00e3o Nutricional p\/100g:<\/strong> Energia 2516kJ\/606kcal; L\u00edpidos 46g (dos quais saturados 23g); Hidratos de Carbono 40g (dos quais a\u00e7\u00facares 10g); Fibra 4,0g; Prote\u00ednas 6,0g; Sal 1,1g.<\/p>\n","protected":false},"excerpt":{"rendered":"<p>K\u00fchne Cebola Frita Crocante Emb. 100g. &nbsp; Ingredientes: Cebolas, \u00f3leo de palma*, farinha de TRIGO, sal. *Certifica\u00e7\u00e3o RSPO. Alerg\u00e9nios: ver MAI\u00daSCULAS. Declara\u00e7\u00e3o Nutricional p\/100g: Energia 2516kJ\/606kcal; L\u00edpidos 46g (dos quais saturados 23g); Hidratos de Carbono 40g (dos quais a\u00e7\u00facares 10g); Fibra 4,0g; Prote\u00ednas 6,0g; Sal 1,1g.<\/p>\n","protected":false},"featured_media":847,"template":"","meta":[],"product_brand":[],"product_cat":[101,36],"product_tag":[],"class_list":{"0":"post-846","1":"product","2":"type-product","3":"status-publish","4":"has-post-thumbnail","6":"product_cat-diversos-mercearia-salgada","7":"product_cat-mercearia-salgada","8":"pa_marcas-knorr","9":"pa_pais-alemanha","11":"first","12":"instock","13":"taxable","14":"shipping-taxable","15":"product-type-simple"},"_links":{"self":[{"href":"https:\/\/bricer.pt\/index.php?rest_route=\/wp\/v2\/product\/846","targetHints":{"allow":["GET"]}}],"collection":[{"href":"https:\/\/bricer.pt\/index.php?rest_route=\/wp\/v2\/product"}],"about":[{"href":"https:\/\/bricer.pt\/index.php?rest_route=\/wp\/v2\/types\/product"}],"wp:featuredmedia":[{"embeddable":true,"href":"https:\/\/bricer.pt\/index.php?rest_route=\/wp\/v2\/media\/847"}],"wp:attachment":[{"href":"https:\/\/bricer.pt\/index.php?rest_route=%2Fwp%2Fv2%2Fmedia&parent=846"}],"wp:term":[{"taxonomy":"product_brand","embeddable":true,"href":"https:\/\/bricer.pt\/index.php?rest_route=%2Fwp%2Fv2%2Fproduct_brand&post=846"},{"taxonomy":"product_cat","embeddable":true,"href":"https:\/\/bricer.pt\/index.php?rest_route=%2Fwp%2Fv2%2Fproduct_cat&post=846"},{"taxonomy":"product_tag","embeddable":true,"href":"https:\/\/bricer.pt\/index.php?rest_route=%2Fwp%2Fv2%2Fproduct_tag&post=846"}],"curies":[{"name":"wp","href":"https:\/\/api.w.org\/{rel}","templated":true}]}}