{"id":839,"date":"2023-03-06T11:08:07","date_gmt":"2023-03-06T11:08:07","guid":{"rendered":"https:\/\/bricer.pt\/produto\/knorr-preparado-p-molho-de-natas-c-manjericao-saqueta-45g\/"},"modified":"2023-04-17T07:58:41","modified_gmt":"2023-04-17T07:58:41","slug":"knorr-preparado-p-molho-de-natas-c-manjericao-saqueta-45g","status":"publish","type":"product","link":"https:\/\/bricer.pt\/?product=knorr-preparado-p-molho-de-natas-c-manjericao-saqueta-45g","title":{"rendered":"Knorr Preparado p\/ Molho de Natas c\/ Manjeric\u00e3o Saqueta 45g"},"content":{"rendered":"<p><strong>Knorr Preparado p\/ Molho de Natas c\/ Manjeric\u00e3o<\/strong> Saqueta 45g.<\/p>\n<p>&nbsp;<\/p>\n<p><strong>Ingredientes<\/strong>: Gordura de palma, farinha de TRIGO, LEITE desnatado em p\u00f3, amido de batata, sal, LACTOSE, prote\u00ednas vegetais hidrolisadas, ervas (oreg\u00e3os, cebolinho, manjeric\u00e3o 0,4%), prote\u00edna do LEITE, aroma, NATAS em p\u00f3 1,3%, \u00f3leo de milho, cebola em p\u00f3, sal mineral (pot\u00e1ssio), especiarias (pimenta, noz-moscada, curcuma, salsa), maltodextrina, sumo de lim\u00e3o em p\u00f3, extracto de levedura.<\/p>\n<p><strong>Alerg\u00e9nios<\/strong>: ver MAI\u00daSCULAS. Pode conter ovos, soja, aipo e mostarda.<\/p>\n<p><strong>Declara\u00e7\u00e3o Nutricional p\/100g n\u00e3o preparado:<\/strong> Energia 2176kJ\/522kcal; L\u00edpidos 33g (dos quais saturados 21g); Hidratos de Carbono 44g (dos quais a\u00e7\u00facares 10g); Fibra 1,5g; Prote\u00ednas 10g; Sal 6,1g.<\/p>\n","protected":false},"excerpt":{"rendered":"<p>Knorr Preparado p\/ Molho de Natas c\/ Manjeric\u00e3o Saqueta 45g. &nbsp; Ingredientes: Gordura de palma, farinha de TRIGO, LEITE desnatado em p\u00f3, amido de batata, sal, LACTOSE, prote\u00ednas vegetais hidrolisadas, ervas (oreg\u00e3os, cebolinho, manjeric\u00e3o 0,4%), prote\u00edna do LEITE, aroma, NATAS em p\u00f3 1,3%, \u00f3leo de milho, cebola em p\u00f3, sal mineral (pot\u00e1ssio), especiarias (pimenta, noz-moscada, [&hellip;]<\/p>\n","protected":false},"featured_media":840,"template":"","meta":[],"product_brand":[],"product_cat":[101,36],"product_tag":[],"class_list":{"0":"post-839","1":"product","2":"type-product","3":"status-publish","4":"has-post-thumbnail","6":"product_cat-diversos-mercearia-salgada","7":"product_cat-mercearia-salgada","8":"pa_marcas-knorr","9":"pa_pais-alemanha","11":"first","12":"instock","13":"taxable","14":"shipping-taxable","15":"product-type-simple"},"_links":{"self":[{"href":"https:\/\/bricer.pt\/index.php?rest_route=\/wp\/v2\/product\/839","targetHints":{"allow":["GET"]}}],"collection":[{"href":"https:\/\/bricer.pt\/index.php?rest_route=\/wp\/v2\/product"}],"about":[{"href":"https:\/\/bricer.pt\/index.php?rest_route=\/wp\/v2\/types\/product"}],"wp:featuredmedia":[{"embeddable":true,"href":"https:\/\/bricer.pt\/index.php?rest_route=\/wp\/v2\/media\/840"}],"wp:attachment":[{"href":"https:\/\/bricer.pt\/index.php?rest_route=%2Fwp%2Fv2%2Fmedia&parent=839"}],"wp:term":[{"taxonomy":"product_brand","embeddable":true,"href":"https:\/\/bricer.pt\/index.php?rest_route=%2Fwp%2Fv2%2Fproduct_brand&post=839"},{"taxonomy":"product_cat","embeddable":true,"href":"https:\/\/bricer.pt\/index.php?rest_route=%2Fwp%2Fv2%2Fproduct_cat&post=839"},{"taxonomy":"product_tag","embeddable":true,"href":"https:\/\/bricer.pt\/index.php?rest_route=%2Fwp%2Fv2%2Fproduct_tag&post=839"}],"curies":[{"name":"wp","href":"https:\/\/api.w.org\/{rel}","templated":true}]}}