{"id":830,"date":"2023-03-06T11:07:56","date_gmt":"2023-03-06T11:07:56","guid":{"rendered":"https:\/\/bricer.pt\/produto\/knorr-mistura-p-saladas-balsamico-e-ervas-pacote-55g-5x11g\/"},"modified":"2023-04-17T07:58:40","modified_gmt":"2023-04-17T07:58:40","slug":"knorr-mistura-p-saladas-balsamico-e-ervas-pacote-55g-5x11g","status":"publish","type":"product","link":"https:\/\/bricer.pt\/?product=knorr-mistura-p-saladas-balsamico-e-ervas-pacote-55g-5x11g","title":{"rendered":"Knorr Mistura p\/ Saladas Bals\u00e2mico e Ervas Pacote 55g (5x11g)"},"content":{"rendered":"<p><strong>Knorr Mistura p\/ Saladas Bals\u00e2mico e Ervas<\/strong> Pacote 55g (5x11g).<\/p>\n<p>&nbsp;<\/p>\n<p><strong>Ingredientes<\/strong>: a\u00e7\u00facar, sal de mesa iodado, maltodextrina, diacetato de s\u00f3dio regulador de acidez,\u00e1cido c\u00edtrico acidificante, 4,5% de ervas (3,4% de salsa*,1,1% de or\u00e9g\u00e3os*),ma\u00e7\u00e3 em p\u00f3,a\u00e7\u00facar de cana,2,9% de vinagre bals\u00e2mico em p\u00f3 (vinagre de vinho, mosto de uva), p\u00e1prica*, MOSTARDA mo\u00edda, MILHO, A\u00c7\u00daCAR DO LEITE, 2,2% de cebola*, EXTRATO DE MALTE DE CEVADA, \u00f3leo de milho, c\u00farcuma*, alho, sumo de lim\u00e3o em p\u00f3*, pimenta, sal de cozinha.*De agricultura sustent\u00e1vel.<\/p>\n<p><strong>Alerg\u00e9nios<\/strong>: Ver MAI\u00daSCULAS. Pode conter vest\u00edgios de soja, ovo e aipo.<\/p>\n<p><strong>Declara\u00e7\u00e3o Nutricional p\/100ml<\/strong> produto feito: Energia 1832kJ\/437kcal; L\u00edpidos 45g (dos quais saturados 6,5g); Hidratos de Carbono 7,4g (dos quais a\u00e7\u00facares 4,4g); Fibra&lt;0,5g; Prote\u00ednas&lt;0,5g; Sal 2,0g.<\/p>\n","protected":false},"excerpt":{"rendered":"<p>Knorr Mistura p\/ Saladas Bals\u00e2mico e Ervas Pacote 55g (5x11g). &nbsp; Ingredientes: a\u00e7\u00facar, sal de mesa iodado, maltodextrina, diacetato de s\u00f3dio regulador de acidez,\u00e1cido c\u00edtrico acidificante, 4,5% de ervas (3,4% de salsa*,1,1% de or\u00e9g\u00e3os*),ma\u00e7\u00e3 em p\u00f3,a\u00e7\u00facar de cana,2,9% de vinagre bals\u00e2mico em p\u00f3 (vinagre de vinho, mosto de uva), p\u00e1prica*, MOSTARDA mo\u00edda, MILHO, A\u00c7\u00daCAR DO [&hellip;]<\/p>\n","protected":false},"featured_media":831,"template":"","meta":[],"product_brand":[],"product_cat":[101,36],"product_tag":[],"class_list":{"0":"post-830","1":"product","2":"type-product","3":"status-publish","4":"has-post-thumbnail","6":"product_cat-diversos-mercearia-salgada","7":"product_cat-mercearia-salgada","8":"pa_marcas-knorr","9":"pa_pais-alemanha","11":"first","12":"instock","13":"taxable","14":"shipping-taxable","15":"product-type-simple"},"_links":{"self":[{"href":"https:\/\/bricer.pt\/index.php?rest_route=\/wp\/v2\/product\/830","targetHints":{"allow":["GET"]}}],"collection":[{"href":"https:\/\/bricer.pt\/index.php?rest_route=\/wp\/v2\/product"}],"about":[{"href":"https:\/\/bricer.pt\/index.php?rest_route=\/wp\/v2\/types\/product"}],"wp:featuredmedia":[{"embeddable":true,"href":"https:\/\/bricer.pt\/index.php?rest_route=\/wp\/v2\/media\/831"}],"wp:attachment":[{"href":"https:\/\/bricer.pt\/index.php?rest_route=%2Fwp%2Fv2%2Fmedia&parent=830"}],"wp:term":[{"taxonomy":"product_brand","embeddable":true,"href":"https:\/\/bricer.pt\/index.php?rest_route=%2Fwp%2Fv2%2Fproduct_brand&post=830"},{"taxonomy":"product_cat","embeddable":true,"href":"https:\/\/bricer.pt\/index.php?rest_route=%2Fwp%2Fv2%2Fproduct_cat&post=830"},{"taxonomy":"product_tag","embeddable":true,"href":"https:\/\/bricer.pt\/index.php?rest_route=%2Fwp%2Fv2%2Fproduct_tag&post=830"}],"curies":[{"name":"wp","href":"https:\/\/api.w.org\/{rel}","templated":true}]}}