{"id":826,"date":"2023-03-06T11:07:56","date_gmt":"2023-03-06T11:07:56","guid":{"rendered":"https:\/\/bricer.pt\/produto\/jurgen-langbein-sopa-de-goulash-hungaro-lata-400ml\/"},"modified":"2023-04-17T07:58:39","modified_gmt":"2023-04-17T07:58:39","slug":"jurgen-langbein-sopa-de-goulash-hungaro-lata-400ml","status":"publish","type":"product","link":"https:\/\/bricer.pt\/?product=jurgen-langbein-sopa-de-goulash-hungaro-lata-400ml","title":{"rendered":"J\u00fcrgen Langbein Sopa de &#8220;Goulash&#8221; H\u00fangaro Lata 400ml"},"content":{"rendered":"<p><strong>J\u00fcrgen Langbein Sopa de &#8220;Goulash&#8221; H\u00fangaro Lata 400ml.<\/strong><\/p>\n<p>&nbsp;<\/p>\n<p><strong>Ingredientes<\/strong>: Caldo de carne, carne bovina (10%), concentrado de tomate (4,5%), cebola (4%), cogumelos (2,5%), pimentos (2%), amido de milho modificado, especiarias, sal, extracto de levedura, extracto de carne, extracto de especiarias, caramelo, especiarias, maltodextrina, amido de milho, a\u00e7\u00facar, farinha de TRIGO, \u00f3leo de palma parcialmente hidrogenado, xarope de glicose, vinagre de extrato de malte de CEVADA, LACTOSE, dextrose, espessante: goma guar, goma de alfarroba; acidificante: \u00e1cido c\u00edtrico; corante: extracto de colorau; intensificador de sabor: glutamato mono s\u00f3dico; aroma (cont\u00e9m AIPO).<\/p>\n<p><strong>Alerg\u00e9nios:<\/strong> Ver MAI\u00daSCULAS<\/p>\n<p><strong>Declara\u00e7\u00e3o Nutricional p\/ 100ml<\/strong>: Energia 268kJ\/64kcal; L\u00edpidos 2,0g (dos quais saturados 0,6g); Hidratos de Carbono 6,5g (dos quais a\u00e7\u00facares 1,8g); Prote\u00ednas 4,4g; Sal 1,4g.<\/p>\n","protected":false},"excerpt":{"rendered":"<p>J\u00fcrgen Langbein Sopa de &#8220;Goulash&#8221; H\u00fangaro Lata 400ml. &nbsp; Ingredientes: Caldo de carne, carne bovina (10%), concentrado de tomate (4,5%), cebola (4%), cogumelos (2,5%), pimentos (2%), amido de milho modificado, especiarias, sal, extracto de levedura, extracto de carne, extracto de especiarias, caramelo, especiarias, maltodextrina, amido de milho, a\u00e7\u00facar, farinha de TRIGO, \u00f3leo de palma parcialmente [&hellip;]<\/p>\n","protected":false},"featured_media":827,"template":"","meta":[],"product_brand":[],"product_cat":[101,36],"product_tag":[],"class_list":{"0":"post-826","1":"product","2":"type-product","3":"status-publish","4":"has-post-thumbnail","6":"product_cat-diversos-mercearia-salgada","7":"product_cat-mercearia-salgada","8":"pa_marcas-jurgen-langbein","9":"pa_pais-alemanha","11":"first","12":"instock","13":"taxable","14":"shipping-taxable","15":"product-type-simple"},"_links":{"self":[{"href":"https:\/\/bricer.pt\/index.php?rest_route=\/wp\/v2\/product\/826","targetHints":{"allow":["GET"]}}],"collection":[{"href":"https:\/\/bricer.pt\/index.php?rest_route=\/wp\/v2\/product"}],"about":[{"href":"https:\/\/bricer.pt\/index.php?rest_route=\/wp\/v2\/types\/product"}],"wp:featuredmedia":[{"embeddable":true,"href":"https:\/\/bricer.pt\/index.php?rest_route=\/wp\/v2\/media\/827"}],"wp:attachment":[{"href":"https:\/\/bricer.pt\/index.php?rest_route=%2Fwp%2Fv2%2Fmedia&parent=826"}],"wp:term":[{"taxonomy":"product_brand","embeddable":true,"href":"https:\/\/bricer.pt\/index.php?rest_route=%2Fwp%2Fv2%2Fproduct_brand&post=826"},{"taxonomy":"product_cat","embeddable":true,"href":"https:\/\/bricer.pt\/index.php?rest_route=%2Fwp%2Fv2%2Fproduct_cat&post=826"},{"taxonomy":"product_tag","embeddable":true,"href":"https:\/\/bricer.pt\/index.php?rest_route=%2Fwp%2Fv2%2Fproduct_tag&post=826"}],"curies":[{"name":"wp","href":"https:\/\/api.w.org\/{rel}","templated":true}]}}