{"id":823,"date":"2023-03-06T11:07:56","date_gmt":"2023-03-06T11:07:56","guid":{"rendered":"https:\/\/bricer.pt\/produto\/jurgen-langbein-pasta-de-lagosta-em-cubos-cx-50g\/"},"modified":"2023-04-17T07:58:39","modified_gmt":"2023-04-17T07:58:39","slug":"jurgen-langbein-pasta-de-lagosta-em-cubos-cx-50g","status":"publish","type":"product","link":"https:\/\/bricer.pt\/?product=jurgen-langbein-pasta-de-lagosta-em-cubos-cx-50g","title":{"rendered":"J\u00fcrgen Langbein Pasta de Lagosta em Cubos Cx. 50g"},"content":{"rendered":"<p><strong>J\u00fcrgen Langbein Pasta de Lagosta em Cubos Cx. 50g.<\/strong><\/p>\n<p>&nbsp;<\/p>\n<p><strong>Ingredientes:<\/strong> \u00d3leo de palma com extracto de CRUST\u00c1CEOS (\u00f3leo de palma, extracto natural de LAGOSTA, extracto natural de LAGOSTINS), farinha de TRIGO, sal, intensificador de sabor: glutamato monoss\u00f3dico; amido, a\u00e7\u00facar, especiarias, AIPO, r\u00e1bano, extracto de cebola, acidificante: \u00e1cido c\u00edtrico, corante betacaroteno e extracto de paprica, aroma (cont\u00e9m LACTOSE).<\/p>\n<p><strong>Alerg\u00e9nios:<\/strong> Ver MAI\u00daSCULAS<\/p>\n<p><strong>Declara\u00e7\u00e3o Nutricional p\/100g:<\/strong> Energia 2442kJ\/583kcal; L\u00edpidos 48g (dos quais saturados 23g); Hidratos de Carbono 32g (dos quais a\u00e7\u00facares 1,8g); Prote\u00ednas 6,4g; Sal 6,0g.<\/p>\n","protected":false},"excerpt":{"rendered":"<p>J\u00fcrgen Langbein Pasta de Lagosta em Cubos Cx. 50g. &nbsp; Ingredientes: \u00d3leo de palma com extracto de CRUST\u00c1CEOS (\u00f3leo de palma, extracto natural de LAGOSTA, extracto natural de LAGOSTINS), farinha de TRIGO, sal, intensificador de sabor: glutamato monoss\u00f3dico; amido, a\u00e7\u00facar, especiarias, AIPO, r\u00e1bano, extracto de cebola, acidificante: \u00e1cido c\u00edtrico, corante betacaroteno e extracto de paprica, [&hellip;]<\/p>\n","protected":false},"featured_media":824,"template":"","meta":[],"product_brand":[],"product_cat":[36,114],"product_tag":[],"class_list":{"0":"post-823","1":"product","2":"type-product","3":"status-publish","4":"has-post-thumbnail","6":"product_cat-mercearia-salgada","7":"product_cat-pastas-mercearia-salgada","8":"pa_marcas-jurgen-langbein","9":"pa_pais-alemanha","11":"first","12":"instock","13":"taxable","14":"shipping-taxable","15":"product-type-simple"},"_links":{"self":[{"href":"https:\/\/bricer.pt\/index.php?rest_route=\/wp\/v2\/product\/823","targetHints":{"allow":["GET"]}}],"collection":[{"href":"https:\/\/bricer.pt\/index.php?rest_route=\/wp\/v2\/product"}],"about":[{"href":"https:\/\/bricer.pt\/index.php?rest_route=\/wp\/v2\/types\/product"}],"wp:featuredmedia":[{"embeddable":true,"href":"https:\/\/bricer.pt\/index.php?rest_route=\/wp\/v2\/media\/824"}],"wp:attachment":[{"href":"https:\/\/bricer.pt\/index.php?rest_route=%2Fwp%2Fv2%2Fmedia&parent=823"}],"wp:term":[{"taxonomy":"product_brand","embeddable":true,"href":"https:\/\/bricer.pt\/index.php?rest_route=%2Fwp%2Fv2%2Fproduct_brand&post=823"},{"taxonomy":"product_cat","embeddable":true,"href":"https:\/\/bricer.pt\/index.php?rest_route=%2Fwp%2Fv2%2Fproduct_cat&post=823"},{"taxonomy":"product_tag","embeddable":true,"href":"https:\/\/bricer.pt\/index.php?rest_route=%2Fwp%2Fv2%2Fproduct_tag&post=823"}],"curies":[{"name":"wp","href":"https:\/\/api.w.org\/{rel}","templated":true}]}}