{"id":800,"date":"2023-03-06T11:07:50","date_gmt":"2023-03-06T11:07:50","guid":{"rendered":"https:\/\/bricer.pt\/produto\/jambo-africa-letaba-molho-picante-de-pimentas-cereja-frasco-240ml\/"},"modified":"2023-04-17T07:58:37","modified_gmt":"2023-04-17T07:58:37","slug":"jambo-africa-letaba-molho-picante-de-pimentas-cereja-frasco-240ml","status":"publish","type":"product","link":"https:\/\/bricer.pt\/?product=jambo-africa-letaba-molho-picante-de-pimentas-cereja-frasco-240ml","title":{"rendered":"Jambo Africa &#8220;Letaba&#8221; Molho Picante de Pimentas Cereja Frasco 240ml"},"content":{"rendered":"<p><strong>Jambo Africa &#8220;Letaba&#8221; Molho Picante de Pimentas Cereja Frasco 240ml<\/strong><\/p>\n<p>&nbsp;<\/p>\n<p><strong>Ingredientes<\/strong>: \u00c1gua, vinagre de \u00e1lcool, pimentas cereja (11%), polpa de tomate, a\u00e7\u00facar de cana, a\u00e7\u00facar, manga, sal, especiarias, malaguetas, cebolas, vinagre de cana de a\u00e7\u00facar, amido de milho modificado, espessante: goma guar; corante: carmim; edulcorante: sacarina.<\/p>\n<p><strong>Declara\u00e7\u00e3o Nutricional p\/100ml:<\/strong> Energia 425kJ\/102kcal; L\u00edpidos 0,3g (dos quais saturados 0,1g); Hidratos de Carbono 22g (dos quais a\u00e7\u00facares 16g); Prote\u00ednas 0,9g; Sal 0,5g.<\/p>\n","protected":false},"excerpt":{"rendered":"<p>Jambo Africa &#8220;Letaba&#8221; Molho Picante de Pimentas Cereja Frasco 240ml &nbsp; Ingredientes: \u00c1gua, vinagre de \u00e1lcool, pimentas cereja (11%), polpa de tomate, a\u00e7\u00facar de cana, a\u00e7\u00facar, manga, sal, especiarias, malaguetas, cebolas, vinagre de cana de a\u00e7\u00facar, amido de milho modificado, espessante: goma guar; corante: carmim; edulcorante: sacarina. Declara\u00e7\u00e3o Nutricional p\/100ml: Energia 425kJ\/102kcal; L\u00edpidos 0,3g (dos [&hellip;]<\/p>\n","protected":false},"featured_media":801,"template":"","meta":[],"product_brand":[],"product_cat":[36,85],"product_tag":[],"class_list":{"0":"post-800","1":"product","2":"type-product","3":"status-publish","4":"has-post-thumbnail","6":"product_cat-mercearia-salgada","7":"product_cat-molhos-mercearia-salgada","8":"pa_marcas-jambo-africa","9":"pa_pais-alemanha","11":"first","12":"instock","13":"taxable","14":"shipping-taxable","15":"product-type-simple"},"_links":{"self":[{"href":"https:\/\/bricer.pt\/index.php?rest_route=\/wp\/v2\/product\/800","targetHints":{"allow":["GET"]}}],"collection":[{"href":"https:\/\/bricer.pt\/index.php?rest_route=\/wp\/v2\/product"}],"about":[{"href":"https:\/\/bricer.pt\/index.php?rest_route=\/wp\/v2\/types\/product"}],"wp:featuredmedia":[{"embeddable":true,"href":"https:\/\/bricer.pt\/index.php?rest_route=\/wp\/v2\/media\/801"}],"wp:attachment":[{"href":"https:\/\/bricer.pt\/index.php?rest_route=%2Fwp%2Fv2%2Fmedia&parent=800"}],"wp:term":[{"taxonomy":"product_brand","embeddable":true,"href":"https:\/\/bricer.pt\/index.php?rest_route=%2Fwp%2Fv2%2Fproduct_brand&post=800"},{"taxonomy":"product_cat","embeddable":true,"href":"https:\/\/bricer.pt\/index.php?rest_route=%2Fwp%2Fv2%2Fproduct_cat&post=800"},{"taxonomy":"product_tag","embeddable":true,"href":"https:\/\/bricer.pt\/index.php?rest_route=%2Fwp%2Fv2%2Fproduct_tag&post=800"}],"curies":[{"name":"wp","href":"https:\/\/api.w.org\/{rel}","templated":true}]}}