{"id":798,"date":"2023-03-06T11:07:50","date_gmt":"2023-03-06T11:07:50","guid":{"rendered":"https:\/\/bricer.pt\/produto\/icare-toalhitas-limpeza-para-ecra-tactil-saq-20-unindades\/"},"modified":"2023-04-17T07:58:37","modified_gmt":"2023-04-17T07:58:37","slug":"icare-toalhitas-limpeza-para-ecra-tactil-saq-20-unindades","status":"publish","type":"product","link":"https:\/\/bricer.pt\/?product=icare-toalhitas-limpeza-para-ecra-tactil-saq-20-unindades","title":{"rendered":"ICare Toalhitas Limpeza para Ecr\u00e3 T\u00e1ctil  Saq. 20 Unindades"},"content":{"rendered":"<p><strong>ICare Toalhitas Limpeza para Ecr\u00e3 T\u00e1ctil<\/strong> Saq. 20 Unindades.<\/p>\n<p>&nbsp;<\/p>\n<p><strong>Caracter\u00edsticas<\/strong>: Estes toalhetes s\u00e3o especialmente concebidos para limpar sem arranhar, e remover impress\u00f5es digitais, manchas, p\u00f3 e sujidade. S\u00e3o seguros para todos os ecr\u00e3s e multimedia, incluindo telem\u00f3veis, laptops, ipads, consolas de jogos e sistemas de navega\u00e7\u00e3o por sat\u00e9lite. S\u00e3o tamb\u00e9m anti-est\u00e1ticos e anti-bacterianos.<\/p>\n<p><strong>Ingrediente<\/strong>: 70% isopropyl alcohol (IPA), \u00e1gua purificada.<\/p>\n<p><strong>Instru\u00e7\u00f5es<\/strong>: cuidadosamente descole a etiqueta e utilize uma toalhita de cada<br \/>\nvez; esfregue a superf\u00edcie para uma limpeza mais higi\u00e9nica; sele novamente a etiqueta para prevenir que n\u00e3o sequem; coloque a toalhita utilizada no lixo; lave<br \/>\nas m\u00e3os ap\u00f3s utiliza\u00e7\u00e3o.<\/p>\n","protected":false},"excerpt":{"rendered":"<p>ICare Toalhitas Limpeza para Ecr\u00e3 T\u00e1ctil Saq. 20 Unindades. &nbsp; Caracter\u00edsticas: Estes toalhetes s\u00e3o especialmente concebidos para limpar sem arranhar, e remover impress\u00f5es digitais, manchas, p\u00f3 e sujidade. S\u00e3o seguros para todos os ecr\u00e3s e multimedia, incluindo telem\u00f3veis, laptops, ipads, consolas de jogos e sistemas de navega\u00e7\u00e3o por sat\u00e9lite. S\u00e3o tamb\u00e9m anti-est\u00e1ticos e anti-bacterianos. Ingrediente: [&hellip;]<\/p>\n","protected":false},"featured_media":799,"template":"","meta":[],"product_brand":[],"product_cat":[55,58],"product_tag":[],"class_list":{"0":"post-798","1":"product","2":"type-product","3":"status-publish","4":"has-post-thumbnail","6":"product_cat-dph","7":"product_cat-limpeza-e-manutencao","8":"pa_marcas-icare","9":"pa_pais-reino-unido","11":"first","12":"instock","13":"taxable","14":"shipping-taxable","15":"product-type-simple"},"_links":{"self":[{"href":"https:\/\/bricer.pt\/index.php?rest_route=\/wp\/v2\/product\/798","targetHints":{"allow":["GET"]}}],"collection":[{"href":"https:\/\/bricer.pt\/index.php?rest_route=\/wp\/v2\/product"}],"about":[{"href":"https:\/\/bricer.pt\/index.php?rest_route=\/wp\/v2\/types\/product"}],"wp:featuredmedia":[{"embeddable":true,"href":"https:\/\/bricer.pt\/index.php?rest_route=\/wp\/v2\/media\/799"}],"wp:attachment":[{"href":"https:\/\/bricer.pt\/index.php?rest_route=%2Fwp%2Fv2%2Fmedia&parent=798"}],"wp:term":[{"taxonomy":"product_brand","embeddable":true,"href":"https:\/\/bricer.pt\/index.php?rest_route=%2Fwp%2Fv2%2Fproduct_brand&post=798"},{"taxonomy":"product_cat","embeddable":true,"href":"https:\/\/bricer.pt\/index.php?rest_route=%2Fwp%2Fv2%2Fproduct_cat&post=798"},{"taxonomy":"product_tag","embeddable":true,"href":"https:\/\/bricer.pt\/index.php?rest_route=%2Fwp%2Fv2%2Fproduct_tag&post=798"}],"curies":[{"name":"wp","href":"https:\/\/api.w.org\/{rel}","templated":true}]}}