{"id":785,"date":"2023-03-06T11:07:50","date_gmt":"2023-03-06T11:07:50","guid":{"rendered":"https:\/\/bricer.pt\/produto\/hikari-pasta-de-miso-branco-saqueta-400g\/"},"modified":"2026-02-12T12:46:53","modified_gmt":"2026-02-12T12:46:53","slug":"hikari-pasta-de-miso-branco-saqueta-400g","status":"publish","type":"product","link":"https:\/\/bricer.pt\/?product=hikari-pasta-de-miso-branco-saqueta-400g","title":{"rendered":"Hikari Pasta de Miso Branco Saqueta 400g"},"content":{"rendered":"<p><strong>Hikari Pasta de Miso Branco<\/strong> Saqueta 400g.<\/p>\n<p>&nbsp;<\/p>\n<p><strong>Ingredientes<\/strong>: \u00e1gua, sementes de SOJA 30%, arroz, sal, \u00e1lcool.<\/p>\n<p><strong>Alerg\u00e9nios<\/strong>: Ver MAI\u00daSCULAS.<\/p>\n<p><strong>Declara\u00e7\u00e3o Nutricional p\/100g:<\/strong> Energia 797kJ\/191kcal; L\u00edpidos 6,2g (dos quais saturados 1g); Hidratos de Carbono 22g (dos quais a\u00e7\u00facares 10g); Prote\u00ednas 11g; Sal 11,6g.<\/p>\n","protected":false},"excerpt":{"rendered":"<p>Hikari Pasta de Miso Branco Saqueta 400g. &nbsp; Ingredientes: \u00e1gua, sementes de SOJA 30%, arroz, sal, \u00e1lcool. Alerg\u00e9nios: Ver MAI\u00daSCULAS. Declara\u00e7\u00e3o Nutricional p\/100g: Energia 797kJ\/191kcal; L\u00edpidos 6,2g (dos quais saturados 1g); Hidratos de Carbono 22g (dos quais a\u00e7\u00facares 10g); Prote\u00ednas 11g; Sal 11,6g.<\/p>\n","protected":false},"featured_media":786,"template":"","meta":[],"product_brand":[],"product_cat":[33,169,24],"product_tag":[],"class_list":{"0":"post-785","1":"product","2":"type-product","3":"status-publish","4":"has-post-thumbnail","6":"product_cat-mercearia-asiatica","7":"product_cat-pastas-mercearia-asiatica","8":"product_cat-sabores-do-mundo","9":"pa_marcas-hikari","10":"pa_pais-tailandia","12":"first","13":"instock","14":"taxable","15":"shipping-taxable","16":"product-type-simple"},"_links":{"self":[{"href":"https:\/\/bricer.pt\/index.php?rest_route=\/wp\/v2\/product\/785","targetHints":{"allow":["GET"]}}],"collection":[{"href":"https:\/\/bricer.pt\/index.php?rest_route=\/wp\/v2\/product"}],"about":[{"href":"https:\/\/bricer.pt\/index.php?rest_route=\/wp\/v2\/types\/product"}],"wp:featuredmedia":[{"embeddable":true,"href":"https:\/\/bricer.pt\/index.php?rest_route=\/wp\/v2\/media\/786"}],"wp:attachment":[{"href":"https:\/\/bricer.pt\/index.php?rest_route=%2Fwp%2Fv2%2Fmedia&parent=785"}],"wp:term":[{"taxonomy":"product_brand","embeddable":true,"href":"https:\/\/bricer.pt\/index.php?rest_route=%2Fwp%2Fv2%2Fproduct_brand&post=785"},{"taxonomy":"product_cat","embeddable":true,"href":"https:\/\/bricer.pt\/index.php?rest_route=%2Fwp%2Fv2%2Fproduct_cat&post=785"},{"taxonomy":"product_tag","embeddable":true,"href":"https:\/\/bricer.pt\/index.php?rest_route=%2Fwp%2Fv2%2Fproduct_tag&post=785"}],"curies":[{"name":"wp","href":"https:\/\/api.w.org\/{rel}","templated":true}]}}