{"id":779,"date":"2023-03-06T11:07:46","date_gmt":"2023-03-06T11:07:46","guid":{"rendered":"https:\/\/bricer.pt\/produto\/heinz-creme-legumes-picantes-para-sanduiches-frasco-300g\/"},"modified":"2023-04-17T07:58:34","modified_gmt":"2023-04-17T07:58:34","slug":"heinz-creme-legumes-picantes-para-sanduiches-frasco-300g","status":"publish","type":"product","link":"https:\/\/bricer.pt\/?product=heinz-creme-legumes-picantes-para-sanduiches-frasco-300g","title":{"rendered":"Heinz Creme Legumes Picantes para Sandu\u00edches Frasco 300g"},"content":{"rendered":"<p><strong>Heinz Creme Legumes Picantes para Sandu\u00edches Frasco 300g.<\/strong><\/p>\n<p>&nbsp;<\/p>\n<p><strong>Ingredientes<\/strong>: Legumes 43% (picles 19%, cebolas 11%, couve-r\u00e1bano, AIPO-r\u00e1bano 4,1%, cenouras 3.8%, piment\u00e3o vermelho 1,8%), vinagre, a\u00e7\u00facar, \u00f3leo vegetal, sal, LEITE em p\u00f3 desnatado, amido modificado, especiarias (cont\u00e9m MOSTARDA), espessante (goma guar), corante (lute\u00edna), acidificante (\u00e1cido l\u00e1ctico), aroma, extracto de especiarias, extracto de ervas.<\/p>\n<p><strong>Alerg\u00e9nios<\/strong>: Ver MAI\u00daSCULAS.<\/p>\n<p><strong>Declara\u00e7\u00e3o Nutricional p\/100g:<\/strong> Energia 925kJ\/220kcal; L\u00edpidos 15g (dos quais saturados 1,0g); Hidratos de Carbono 20g (dos quais a\u00e7\u00facares 18g); Fibra 1,1g; Prote\u00ednas 1,8g; Sal 2,225g.<\/p>\n","protected":false},"excerpt":{"rendered":"<p>Heinz Creme Legumes Picantes para Sandu\u00edches Frasco 300g. &nbsp; Ingredientes: Legumes 43% (picles 19%, cebolas 11%, couve-r\u00e1bano, AIPO-r\u00e1bano 4,1%, cenouras 3.8%, piment\u00e3o vermelho 1,8%), vinagre, a\u00e7\u00facar, \u00f3leo vegetal, sal, LEITE em p\u00f3 desnatado, amido modificado, especiarias (cont\u00e9m MOSTARDA), espessante (goma guar), corante (lute\u00edna), acidificante (\u00e1cido l\u00e1ctico), aroma, extracto de especiarias, extracto de ervas. Alerg\u00e9nios: Ver [&hellip;]<\/p>\n","protected":false},"featured_media":780,"template":"","meta":[],"product_brand":[],"product_cat":[36,166],"product_tag":[],"class_list":{"0":"post-779","1":"product","2":"type-product","3":"status-publish","4":"has-post-thumbnail","6":"product_cat-mercearia-salgada","7":"product_cat-pasta-mercearia-salgada","8":"pa_marcas-heinz","9":"pa_pais-estados-unidos-da-america","11":"first","12":"instock","13":"taxable","14":"shipping-taxable","15":"product-type-simple"},"_links":{"self":[{"href":"https:\/\/bricer.pt\/index.php?rest_route=\/wp\/v2\/product\/779","targetHints":{"allow":["GET"]}}],"collection":[{"href":"https:\/\/bricer.pt\/index.php?rest_route=\/wp\/v2\/product"}],"about":[{"href":"https:\/\/bricer.pt\/index.php?rest_route=\/wp\/v2\/types\/product"}],"wp:featuredmedia":[{"embeddable":true,"href":"https:\/\/bricer.pt\/index.php?rest_route=\/wp\/v2\/media\/780"}],"wp:attachment":[{"href":"https:\/\/bricer.pt\/index.php?rest_route=%2Fwp%2Fv2%2Fmedia&parent=779"}],"wp:term":[{"taxonomy":"product_brand","embeddable":true,"href":"https:\/\/bricer.pt\/index.php?rest_route=%2Fwp%2Fv2%2Fproduct_brand&post=779"},{"taxonomy":"product_cat","embeddable":true,"href":"https:\/\/bricer.pt\/index.php?rest_route=%2Fwp%2Fv2%2Fproduct_cat&post=779"},{"taxonomy":"product_tag","embeddable":true,"href":"https:\/\/bricer.pt\/index.php?rest_route=%2Fwp%2Fv2%2Fproduct_tag&post=779"}],"curies":[{"name":"wp","href":"https:\/\/api.w.org\/{rel}","templated":true}]}}