{"id":762,"date":"2023-03-06T11:07:46","date_gmt":"2023-03-06T11:07:46","guid":{"rendered":"https:\/\/bricer.pt\/produto\/green-shield-toalhetes-limpeza-antibacterianos-p-chao-saq-24-unid\/"},"modified":"2023-04-17T07:58:33","modified_gmt":"2023-04-17T07:58:33","slug":"green-shield-toalhetes-limpeza-antibacterianos-p-chao-saq-24-unid","status":"publish","type":"product","link":"https:\/\/bricer.pt\/?product=green-shield-toalhetes-limpeza-antibacterianos-p-chao-saq-24-unid","title":{"rendered":"Green Shield Toalhetes Limpeza Antibacterianos p\/Ch\u00e3o Saq. 24 Unid."},"content":{"rendered":"<p><strong>Green Shield Toalhetes Limpeza Antibacterianos p\/Ch\u00e3o<\/strong> Saq. 24 Unid.<\/p>\n<p>&nbsp;<\/p>\n<p><strong>Ingredientes<\/strong>: <span class=\"nutrition-allergen-ingredient\">IPA<\/span> (Isopropyl Alcohol), &lt;5% Non-Ionic Surfactants, &lt;2% Disinfectant, Preservatives, Parfum.<\/p>\n<p><strong>Instru\u00e7\u00f5es<\/strong>: cuidadosamente descole a etiqueta e utilize uma toalhita de cada<br \/>\nvez; sele novamente a etiqueta para prevenir que n\u00e3o sequem; esfregue a superf\u00edcie uniformemente para uma limpeza mais higi\u00e9nica; deixe secar durante 5 minutos; repita o processo se achar necess\u00e1rio; coloque a toalhita utilizada no lixo;<br \/>\nlave as m\u00e3os ap\u00f3s utiliza\u00e7\u00e3o.<\/p>\n<p><strong>Advert\u00eancias<\/strong>: Manter fora do alcance das crian\u00e7as; Utilizar biocidas com seguran\u00e7a; Ler sempre a etiqueta e a informa\u00e7\u00e3o sobre o produto antes de utilizar; Pode causar uma reac\u00e7\u00e3o al\u00e9rgica na pele; Se ocorrer uma reac\u00e7\u00e3o al\u00e9rgica, pare de utilizar imediatamente. Procurar ajuda m\u00e9dica se os sintomas persistirem; Evitar contacto com os olhos. Se isso acontecer, lavar imediatamente os olhos com \u00e1gua fria e procurar ajuda m\u00e9dica se a irrita\u00e7\u00e3o persistir; Lavar bem as m\u00e3os ap\u00f3s utiliza\u00e7\u00e3o; Evitar conta; Utilizar luvas se tiver a pele sens\u00edvel; N\u00e3o utilizar com outros produtos de limpeza; Manter longe dos animais de estima\u00e7\u00e3o; N\u00e3o \u00e9 para limpar pele ou para uso pessoal; N\u00e3o utilizar em tapetes, estofos ou quaisquer tecidos; N\u00e3o deve ser utilizado em madeira pintada, polida ou n\u00e3o tratada; Testar sempre numa \u00e1rea escondida antes de utilizar; N\u00e3o deitar o toalhete na sanita. Conservar em local fresco e seco na embalagem original. Garantir que a embalagem est\u00e1 bem fechada ap\u00f3s cada utiliza\u00e7\u00e3o para que os toalhetes n\u00e3o sequem. Utilizar de prefer\u00eancia antes de: ver data indicada. Ap\u00f3s abertura utilizar em 6 meses.<\/p>\n","protected":false},"excerpt":{"rendered":"<p>Green Shield Toalhetes Limpeza Antibacterianos p\/Ch\u00e3o Saq. 24 Unid. &nbsp; Ingredientes: IPA (Isopropyl Alcohol), &lt;5% Non-Ionic Surfactants, &lt;2% Disinfectant, Preservatives, Parfum. Instru\u00e7\u00f5es: cuidadosamente descole a etiqueta e utilize uma toalhita de cada vez; sele novamente a etiqueta para prevenir que n\u00e3o sequem; esfregue a superf\u00edcie uniformemente para uma limpeza mais higi\u00e9nica; deixe secar durante 5 [&hellip;]<\/p>\n","protected":false},"featured_media":763,"template":"","meta":[],"product_brand":[],"product_cat":[55,58],"product_tag":[],"class_list":{"0":"post-762","1":"product","2":"type-product","3":"status-publish","4":"has-post-thumbnail","6":"product_cat-dph","7":"product_cat-limpeza-e-manutencao","8":"pa_marcas-green-shield","9":"pa_pais-reino-unido","11":"first","12":"instock","13":"taxable","14":"shipping-taxable","15":"product-type-simple"},"_links":{"self":[{"href":"https:\/\/bricer.pt\/index.php?rest_route=\/wp\/v2\/product\/762","targetHints":{"allow":["GET"]}}],"collection":[{"href":"https:\/\/bricer.pt\/index.php?rest_route=\/wp\/v2\/product"}],"about":[{"href":"https:\/\/bricer.pt\/index.php?rest_route=\/wp\/v2\/types\/product"}],"wp:featuredmedia":[{"embeddable":true,"href":"https:\/\/bricer.pt\/index.php?rest_route=\/wp\/v2\/media\/763"}],"wp:attachment":[{"href":"https:\/\/bricer.pt\/index.php?rest_route=%2Fwp%2Fv2%2Fmedia&parent=762"}],"wp:term":[{"taxonomy":"product_brand","embeddable":true,"href":"https:\/\/bricer.pt\/index.php?rest_route=%2Fwp%2Fv2%2Fproduct_brand&post=762"},{"taxonomy":"product_cat","embeddable":true,"href":"https:\/\/bricer.pt\/index.php?rest_route=%2Fwp%2Fv2%2Fproduct_cat&post=762"},{"taxonomy":"product_tag","embeddable":true,"href":"https:\/\/bricer.pt\/index.php?rest_route=%2Fwp%2Fv2%2Fproduct_tag&post=762"}],"curies":[{"name":"wp","href":"https:\/\/api.w.org\/{rel}","templated":true}]}}