{"id":694,"date":"2023-03-06T11:07:38","date_gmt":"2023-03-06T11:07:38","guid":{"rendered":"https:\/\/bricer.pt\/produto\/grandma-wilds-bolachas-de-aveia-crumbly-cx-150g\/"},"modified":"2026-04-17T09:21:16","modified_gmt":"2026-04-17T09:21:16","slug":"grandma-wilds-bolachas-de-aveia-crumbly-cx-150g","status":"publish","type":"product","link":"https:\/\/bricer.pt\/?product=grandma-wilds-bolachas-de-aveia-crumbly-cx-150g","title":{"rendered":"Grandma Wild&#8217;s Bolachas de Aveia &#8220;Crumbly&#8221; Cx. 150g"},"content":{"rendered":"<p><strong>Grandma Wild&#8217;s Bolachas de Aveia &#8220;Crumbly&#8221;<\/strong> Cx. 150g.<\/p>\n<p>&nbsp;<\/p>\n<p><strong>Ingredientes<\/strong>: AVEIA (46%), \u00f3leo vegetal (\u00f3leo de palma, \u00f3leo de colza, \u00e1gua, sal, aromas naturais), a\u00e7\u00facar.<\/p>\n<p><strong>Alerg\u00e9nios<\/strong>: ver MAI\u00daSCULAS. N\u00e3o \u00e9 adequado para quem sofre de alergias a nozes e s\u00e9samo, pode tamb\u00e9m conter vest\u00edgios de ovos, leite, mostarda, amendoim, soja e outras fontes de gl\u00faten (trigo, espelta, centeio, cevada). Adequado a vegetarianos.<\/p>\n<p><strong>Declara\u00e7\u00e3o Nutricional p\/100g:<\/strong> Energia 2169kJ\/520kcal; L\u00edpidos 30g (dos quais saturados 13g); Hidratos de Carbono 53g (dos quais a\u00e7\u00facares 25g); Prote\u00ednas 6,1g; Sal 0,56g.<\/p>\n","protected":false},"excerpt":{"rendered":"<p>Grandma Wild&#8217;s Bolachas de Aveia &#8220;Crumbly&#8221; Cx. 150g. &nbsp; Ingredientes: AVEIA (46%), \u00f3leo vegetal (\u00f3leo de palma, \u00f3leo de colza, \u00e1gua, sal, aromas naturais), a\u00e7\u00facar. Alerg\u00e9nios: ver MAI\u00daSCULAS. N\u00e3o \u00e9 adequado para quem sofre de alergias a nozes e s\u00e9samo, pode tamb\u00e9m conter vest\u00edgios de ovos, leite, mostarda, amendoim, soja e outras fontes de gl\u00faten [&hellip;]<\/p>\n","protected":false},"featured_media":695,"template":"","meta":[],"product_brand":[],"product_cat":[77,76],"product_tag":[],"class_list":{"0":"post-694","1":"product","2":"type-product","3":"status-publish","4":"has-post-thumbnail","6":"product_cat-bolachas-e-biscoitos-mercearia-doce","7":"product_cat-mercearia-doce","8":"pa_marcas-grandma-wilds","9":"pa_pais-reino-unido","11":"first","12":"instock","13":"taxable","14":"shipping-taxable","15":"product-type-simple"},"_links":{"self":[{"href":"https:\/\/bricer.pt\/index.php?rest_route=\/wp\/v2\/product\/694","targetHints":{"allow":["GET"]}}],"collection":[{"href":"https:\/\/bricer.pt\/index.php?rest_route=\/wp\/v2\/product"}],"about":[{"href":"https:\/\/bricer.pt\/index.php?rest_route=\/wp\/v2\/types\/product"}],"wp:featuredmedia":[{"embeddable":true,"href":"https:\/\/bricer.pt\/index.php?rest_route=\/wp\/v2\/media\/695"}],"wp:attachment":[{"href":"https:\/\/bricer.pt\/index.php?rest_route=%2Fwp%2Fv2%2Fmedia&parent=694"}],"wp:term":[{"taxonomy":"product_brand","embeddable":true,"href":"https:\/\/bricer.pt\/index.php?rest_route=%2Fwp%2Fv2%2Fproduct_brand&post=694"},{"taxonomy":"product_cat","embeddable":true,"href":"https:\/\/bricer.pt\/index.php?rest_route=%2Fwp%2Fv2%2Fproduct_cat&post=694"},{"taxonomy":"product_tag","embeddable":true,"href":"https:\/\/bricer.pt\/index.php?rest_route=%2Fwp%2Fv2%2Fproduct_tag&post=694"}],"curies":[{"name":"wp","href":"https:\/\/api.w.org\/{rel}","templated":true}]}}