{"id":687,"date":"2023-03-06T11:07:38","date_gmt":"2023-03-06T11:07:38","guid":{"rendered":"https:\/\/bricer.pt\/produto\/grandma-wilds-bolachas-butterscotch-cx-150g\/"},"modified":"2026-04-17T09:22:04","modified_gmt":"2026-04-17T09:22:04","slug":"grandma-wilds-bolachas-butterscotch-cx-150g","status":"publish","type":"product","link":"https:\/\/bricer.pt\/?product=grandma-wilds-bolachas-butterscotch-cx-150g","title":{"rendered":"Grandma Wild&#8217;s Bolachas &#8220;Butterscotch&#8221; Cx. 150g"},"content":{"rendered":"<p><strong>Grandma Wild&#8217;s Bolachas &#8220;Butterscotch&#8221;<\/strong> Cx. 150g.<\/p>\n<p>&nbsp;<\/p>\n<p><strong>Ingredientes<\/strong>: farinha de TRIGO (carbonato de c\u00e1lcio, ferro, niacina, tiamina), a\u00e7\u00facar, MANTEIGA c\/sal (LEITE), \u00f3leo vegetal (\u00f3leo de palma, \u00f3leo de colza, \u00e1gua, sal, aromas naturais), miolo de &#8220;butterscotch&#8221; (5%) (a\u00e7\u00facar amarelo escuro suave, glicose (TRIGO) manteiga (LEITE), \u00f3leo de palma n\u00e3o hidrogenado, aroma natural), aroma natural, sal.<\/p>\n<p><strong>Alerg\u00e9nios<\/strong>: ver MAI\u00daSCULAS. Inclui cereais contendo GL\u00daTEN. N\u00e3o \u00e9 adequado para quem sofre de alergias a nozes e s\u00e9samo, pode tamb\u00e9m conter vest\u00edgios de ovos, mostarda, amendoim, soja e outras fontes de gl\u00faten (aveia, espelta, centeio, cevada). Adequado a vegetarianos.<\/p>\n<p><strong>Declara\u00e7\u00e3o Nutricional p\/100g:<\/strong> Energia 2158kJ\/515kcal; L\u00edpidos 26g (dos quais saturados 16g); Hidratos de Carbono 64g (dos quais a\u00e7\u00facares 32g); Prote\u00ednas 4,7g; Sal 0,98g.<\/p>\n","protected":false},"excerpt":{"rendered":"<p>Grandma Wild&#8217;s Bolachas &#8220;Butterscotch&#8221; Cx. 150g. &nbsp; Ingredientes: farinha de TRIGO (carbonato de c\u00e1lcio, ferro, niacina, tiamina), a\u00e7\u00facar, MANTEIGA c\/sal (LEITE), \u00f3leo vegetal (\u00f3leo de palma, \u00f3leo de colza, \u00e1gua, sal, aromas naturais), miolo de &#8220;butterscotch&#8221; (5%) (a\u00e7\u00facar amarelo escuro suave, glicose (TRIGO) manteiga (LEITE), \u00f3leo de palma n\u00e3o hidrogenado, aroma natural), aroma natural, sal. [&hellip;]<\/p>\n","protected":false},"featured_media":688,"template":"","meta":[],"product_brand":[],"product_cat":[77,76],"product_tag":[],"class_list":{"0":"post-687","1":"product","2":"type-product","3":"status-publish","4":"has-post-thumbnail","6":"product_cat-bolachas-e-biscoitos-mercearia-doce","7":"product_cat-mercearia-doce","8":"pa_marcas-grandma-wilds","9":"pa_pais-reino-unido","11":"first","12":"instock","13":"taxable","14":"shipping-taxable","15":"product-type-simple"},"_links":{"self":[{"href":"https:\/\/bricer.pt\/index.php?rest_route=\/wp\/v2\/product\/687","targetHints":{"allow":["GET"]}}],"collection":[{"href":"https:\/\/bricer.pt\/index.php?rest_route=\/wp\/v2\/product"}],"about":[{"href":"https:\/\/bricer.pt\/index.php?rest_route=\/wp\/v2\/types\/product"}],"wp:featuredmedia":[{"embeddable":true,"href":"https:\/\/bricer.pt\/index.php?rest_route=\/wp\/v2\/media\/688"}],"wp:attachment":[{"href":"https:\/\/bricer.pt\/index.php?rest_route=%2Fwp%2Fv2%2Fmedia&parent=687"}],"wp:term":[{"taxonomy":"product_brand","embeddable":true,"href":"https:\/\/bricer.pt\/index.php?rest_route=%2Fwp%2Fv2%2Fproduct_brand&post=687"},{"taxonomy":"product_cat","embeddable":true,"href":"https:\/\/bricer.pt\/index.php?rest_route=%2Fwp%2Fv2%2Fproduct_cat&post=687"},{"taxonomy":"product_tag","embeddable":true,"href":"https:\/\/bricer.pt\/index.php?rest_route=%2Fwp%2Fv2%2Fproduct_tag&post=687"}],"curies":[{"name":"wp","href":"https:\/\/api.w.org\/{rel}","templated":true}]}}