{"id":68,"date":"2023-03-06T11:01:13","date_gmt":"2023-03-06T11:01:13","guid":{"rendered":"https:\/\/bricer.pt\/produto\/amoy-oleo-de-sesamo-puro-frasco-150ml\/"},"modified":"2025-10-31T15:35:36","modified_gmt":"2025-10-31T15:35:36","slug":"amoy-oleo-de-sesamo-puro-frasco-150ml","status":"publish","type":"product","link":"https:\/\/bricer.pt\/?product=amoy-oleo-de-sesamo-puro-frasco-150ml","title":{"rendered":"Amoy \u00d3leo de S\u00e9samo Puro Frasco 150ml"},"content":{"rendered":"<p><strong>Amoy \u00d3leo de S\u00e9samo Puro<\/strong> Frasco 150ml.<\/p>\n<p>&nbsp;<\/p>\n<p><strong>Ingredientes<\/strong>.: \u00d3leo de S\u00c9SAMO (100%).<\/p>\n<p><strong>Alerg\u00e9nios<\/strong>: ver MAI\u00daSCULAS.<\/p>\n<p><strong>Declara\u00e7\u00e3o Nutricional p\/100ml:<\/strong> Energia 3392kJ\/825kcal; L\u00edpidos 92g (dos quais saturados 14g); Hidratos de Carbono 0g (dos quais a\u00e7\u00facares 0g); Prote\u00ednas 0g; Sal 0g.<\/p>\n","protected":false},"excerpt":{"rendered":"<p>Amoy \u00d3leo de S\u00e9samo Puro Frasco 150ml. &nbsp; Ingredientes.: \u00d3leo de S\u00c9SAMO (100%). Alerg\u00e9nios: ver MAI\u00daSCULAS. Declara\u00e7\u00e3o Nutricional p\/100ml: Energia 3392kJ\/825kcal; L\u00edpidos 92g (dos quais saturados 14g); Hidratos de Carbono 0g (dos quais a\u00e7\u00facares 0g); Prote\u00ednas 0g; Sal 0g.<\/p>\n","protected":false},"featured_media":69,"template":"","meta":[],"product_brand":[],"product_cat":[40,41,36,42],"product_tag":[],"class_list":{"0":"post-68","1":"product","2":"type-product","3":"status-publish","4":"has-post-thumbnail","6":"product_cat-diversossabores-do-mundo","7":"product_cat-mercearia-asiatica-diversossabores-do-mundo","8":"product_cat-mercearia-salgada","9":"product_cat-oleos","10":"pa_marcas-amoy","11":"pa_pais-china","13":"first","14":"instock","15":"taxable","16":"shipping-taxable","17":"product-type-simple"},"_links":{"self":[{"href":"https:\/\/bricer.pt\/index.php?rest_route=\/wp\/v2\/product\/68","targetHints":{"allow":["GET"]}}],"collection":[{"href":"https:\/\/bricer.pt\/index.php?rest_route=\/wp\/v2\/product"}],"about":[{"href":"https:\/\/bricer.pt\/index.php?rest_route=\/wp\/v2\/types\/product"}],"wp:featuredmedia":[{"embeddable":true,"href":"https:\/\/bricer.pt\/index.php?rest_route=\/wp\/v2\/media\/69"}],"wp:attachment":[{"href":"https:\/\/bricer.pt\/index.php?rest_route=%2Fwp%2Fv2%2Fmedia&parent=68"}],"wp:term":[{"taxonomy":"product_brand","embeddable":true,"href":"https:\/\/bricer.pt\/index.php?rest_route=%2Fwp%2Fv2%2Fproduct_brand&post=68"},{"taxonomy":"product_cat","embeddable":true,"href":"https:\/\/bricer.pt\/index.php?rest_route=%2Fwp%2Fv2%2Fproduct_cat&post=68"},{"taxonomy":"product_tag","embeddable":true,"href":"https:\/\/bricer.pt\/index.php?rest_route=%2Fwp%2Fv2%2Fproduct_tag&post=68"}],"curies":[{"name":"wp","href":"https:\/\/api.w.org\/{rel}","templated":true}]}}