{"id":66,"date":"2023-03-06T11:01:13","date_gmt":"2023-03-06T11:01:13","guid":{"rendered":"https:\/\/bricer.pt\/produto\/amoy-molho-de-soja-light-frasco-150ml\/"},"modified":"2025-10-31T15:34:49","modified_gmt":"2025-10-31T15:34:49","slug":"amoy-molho-de-soja-light-frasco-150ml","status":"publish","type":"product","link":"https:\/\/bricer.pt\/?product=amoy-molho-de-soja-light-frasco-150ml","title":{"rendered":"Amoy Molho de Soja &#8220;Light&#8221; Frasco 150ml"},"content":{"rendered":"<p><strong>Amoy Molho de Soja &#8220;Light&#8221;<\/strong> Frasco 150ml.<\/p>\n<p>&nbsp;<\/p>\n<p><strong>Ingredientes:<\/strong> \u00c1gua, sementes de SOJA (14%), sal, farinha de TRIGO, a\u00e7\u00facar, corante: E150a; acidificante: E270; conservante: E202, intensificador de sabor: E631 e E627.<\/p>\n<p><strong>Alerg\u00e9nios<\/strong>: ver MAI\u00daSCULAS.<\/p>\n<p><strong>Declara\u00e7\u00e3o Nutricional p\/100ml:<\/strong> Energia 212kJ\/50kcal; L\u00edpidos 0g (dos quais saturados 0g); Hidratos de Carbono 10g (dos quais a\u00e7\u00facares 10g); Prote\u00ednas 2,4g; Sal 13,2g.<\/p>\n","protected":false},"excerpt":{"rendered":"<p>Amoy Molho de Soja &#8220;Light&#8221; Frasco 150ml. &nbsp; Ingredientes: \u00c1gua, sementes de SOJA (14%), sal, farinha de TRIGO, a\u00e7\u00facar, corante: E150a; acidificante: E270; conservante: E202, intensificador de sabor: E631 e E627. Alerg\u00e9nios: ver MAI\u00daSCULAS. Declara\u00e7\u00e3o Nutricional p\/100ml: Energia 212kJ\/50kcal; L\u00edpidos 0g (dos quais saturados 0g); Hidratos de Carbono 10g (dos quais a\u00e7\u00facares 10g); Prote\u00ednas 2,4g; [&hellip;]<\/p>\n","protected":false},"featured_media":67,"template":"","meta":[],"product_brand":[],"product_cat":[33,35,34,24],"product_tag":[],"class_list":{"0":"post-66","1":"product","2":"type-product","3":"status-publish","4":"has-post-thumbnail","6":"product_cat-mercearia-asiatica","7":"product_cat-molhos","8":"product_cat-molhosmercearia-salgada","9":"product_cat-sabores-do-mundo","10":"pa_marcas-amoy","11":"pa_pais-china","13":"first","14":"instock","15":"taxable","16":"shipping-taxable","17":"product-type-simple"},"_links":{"self":[{"href":"https:\/\/bricer.pt\/index.php?rest_route=\/wp\/v2\/product\/66","targetHints":{"allow":["GET"]}}],"collection":[{"href":"https:\/\/bricer.pt\/index.php?rest_route=\/wp\/v2\/product"}],"about":[{"href":"https:\/\/bricer.pt\/index.php?rest_route=\/wp\/v2\/types\/product"}],"wp:featuredmedia":[{"embeddable":true,"href":"https:\/\/bricer.pt\/index.php?rest_route=\/wp\/v2\/media\/67"}],"wp:attachment":[{"href":"https:\/\/bricer.pt\/index.php?rest_route=%2Fwp%2Fv2%2Fmedia&parent=66"}],"wp:term":[{"taxonomy":"product_brand","embeddable":true,"href":"https:\/\/bricer.pt\/index.php?rest_route=%2Fwp%2Fv2%2Fproduct_brand&post=66"},{"taxonomy":"product_cat","embeddable":true,"href":"https:\/\/bricer.pt\/index.php?rest_route=%2Fwp%2Fv2%2Fproduct_cat&post=66"},{"taxonomy":"product_tag","embeddable":true,"href":"https:\/\/bricer.pt\/index.php?rest_route=%2Fwp%2Fv2%2Fproduct_tag&post=66"}],"curies":[{"name":"wp","href":"https:\/\/api.w.org\/{rel}","templated":true}]}}