{"id":64,"date":"2023-03-06T11:01:13","date_gmt":"2023-03-06T11:01:13","guid":{"rendered":"https:\/\/bricer.pt\/produto\/amoy-molho-de-soja-dark-frasco-150ml\/"},"modified":"2025-10-31T15:34:36","modified_gmt":"2025-10-31T15:34:36","slug":"amoy-molho-de-soja-dark-frasco-150ml","status":"publish","type":"product","link":"https:\/\/bricer.pt\/?product=amoy-molho-de-soja-dark-frasco-150ml","title":{"rendered":"Amoy Molho de Soja &#8220;Dark&#8221;  Frasco 150ml"},"content":{"rendered":"<p><strong>Amoy Molho de Soja &#8220;Dark&#8221;\u00a0<\/strong> Frasco 150ml.<\/p>\n<p>&nbsp;<\/p>\n<p><strong>Ingredientes<\/strong>: \u00c1gua, a\u00e7\u00facar, feij\u00e3o de SOJA (13%), sal, corante: E150a, farinha de TRIGO, acidificante: E270, conservante: E202.<\/p>\n<p><strong>Alerg\u00e9nios<\/strong>: Ver MAI\u00daSCULAS.<\/p>\n<p><strong>Declara\u00e7\u00e3o Nutricional p\/100ml:<\/strong> Energia 447kJ\/105kcal; L\u00edpidos 0g (dos quais saturados 0g); Hidratos de Carbono 25g (dos quais a\u00e7\u00facares 24g); Prote\u00ednas 1,3g; Sal 15,2g.<\/p>\n<p>&nbsp;<\/p>\n<p>&nbsp;<\/p>\n","protected":false},"excerpt":{"rendered":"<p>Amoy Molho de Soja &#8220;Dark&#8221;\u00a0 Frasco 150ml. &nbsp; Ingredientes: \u00c1gua, a\u00e7\u00facar, feij\u00e3o de SOJA (13%), sal, corante: E150a, farinha de TRIGO, acidificante: E270, conservante: E202. Alerg\u00e9nios: Ver MAI\u00daSCULAS. Declara\u00e7\u00e3o Nutricional p\/100ml: Energia 447kJ\/105kcal; L\u00edpidos 0g (dos quais saturados 0g); Hidratos de Carbono 25g (dos quais a\u00e7\u00facares 24g); Prote\u00ednas 1,3g; Sal 15,2g. &nbsp; &nbsp;<\/p>\n","protected":false},"featured_media":65,"template":"","meta":[],"product_brand":[],"product_cat":[33,35,34,24],"product_tag":[],"class_list":{"0":"post-64","1":"product","2":"type-product","3":"status-publish","4":"has-post-thumbnail","6":"product_cat-mercearia-asiatica","7":"product_cat-molhos","8":"product_cat-molhosmercearia-salgada","9":"product_cat-sabores-do-mundo","10":"pa_marcas-amoy","11":"pa_pais-china","13":"first","14":"instock","15":"taxable","16":"shipping-taxable","17":"product-type-simple"},"_links":{"self":[{"href":"https:\/\/bricer.pt\/index.php?rest_route=\/wp\/v2\/product\/64","targetHints":{"allow":["GET"]}}],"collection":[{"href":"https:\/\/bricer.pt\/index.php?rest_route=\/wp\/v2\/product"}],"about":[{"href":"https:\/\/bricer.pt\/index.php?rest_route=\/wp\/v2\/types\/product"}],"wp:featuredmedia":[{"embeddable":true,"href":"https:\/\/bricer.pt\/index.php?rest_route=\/wp\/v2\/media\/65"}],"wp:attachment":[{"href":"https:\/\/bricer.pt\/index.php?rest_route=%2Fwp%2Fv2%2Fmedia&parent=64"}],"wp:term":[{"taxonomy":"product_brand","embeddable":true,"href":"https:\/\/bricer.pt\/index.php?rest_route=%2Fwp%2Fv2%2Fproduct_brand&post=64"},{"taxonomy":"product_cat","embeddable":true,"href":"https:\/\/bricer.pt\/index.php?rest_route=%2Fwp%2Fv2%2Fproduct_cat&post=64"},{"taxonomy":"product_tag","embeddable":true,"href":"https:\/\/bricer.pt\/index.php?rest_route=%2Fwp%2Fv2%2Fproduct_tag&post=64"}],"curies":[{"name":"wp","href":"https:\/\/api.w.org\/{rel}","templated":true}]}}